{"id":9602,"date":"2023-07-28T10:56:37","date_gmt":"2023-07-28T08:56:37","guid":{"rendered":"https:\/\/fmgraphicdesign.it\/shop\/?page_id=9602"},"modified":"2023-07-28T10:56:37","modified_gmt":"2023-07-28T08:56:37","slug":"scritta-in-plexiglass","status":"publish","type":"page","link":"https:\/\/fmgraphicdesign.it\/shop\/scritta-in-plexiglass\/","title":{"rendered":"Scritta in plexiglass"},"content":{"rendered":"<p><img fetchpriority=\"high\" decoding=\"async\" class=\"wp-image-516 size-medium aligncenter\" src=\"https:\/\/fmgraphicdesign.it\/shop\/wp-content\/uploads\/2021\/05\/Lettere-MDF-Specchio-300x225.png\" alt=\"Scritte in rilievo in Plexiglass Specchiato\" width=\"300\" height=\"225\" srcset=\"https:\/\/fmgraphicdesign.it\/shop\/wp-content\/uploads\/2021\/05\/Lettere-MDF-Specchio-300x225.png 300w, https:\/\/fmgraphicdesign.it\/shop\/wp-content\/uploads\/2021\/05\/Lettere-MDF-Specchio.png 400w\" sizes=\"(max-width: 300px) 100vw, 300px\" \/><\/p>\n<h1 style=\"text-align: center;\"><em>Scritta in Plexiglass, Lettere in MDF, <\/em><em>Scritte in rilievo<\/em><\/h1>\n<p style=\"text-align: center;\"><a class=\"tag-cloud-link tag-link-104 tag-link-position-7\" style=\"font-size: 15.179487179487pt; background-color: #2e3c54; color: #ffffff;\" href=\"https:\/\/fmgraphicdesign.it\/shop\/richiesta-informazioni-scritte-in-rilievo\/\" aria-label=\"targhe (4 elementi)\">Richiedi un Preventivo<\/a><\/p>\n<p>Abbiamo un unico obiettivo, trovare nuove soluzioni, nuove proposte! Ecco perch\u00e8 cerchiamo di realizzare nuovi stili per le scritte da parete.<br \/>\nLe lettere 3d daranno un tocco di design e stile al Tuo ufficio o negozio. Inoltre avranno una ressitenza e una durata notevole.<\/p>\n<p>Sono ideali per veicolare messaggi di marketing o per il Tuo branding aziendale.<\/p>\n<section id=\"tag_cloud-3\" class=\"widget widget_tag_cloud\">\n<div class=\"tagcloud\">\n<h2 style=\"text-align: center;\"><a class=\"tag-cloud-link tag-link-104 tag-link-position-7\" style=\"font-size: 15.179487179487pt; background-color: #2e3c54; color: #ffffff;\" href=\"https:\/\/fmgraphicdesign.it\/shop\/categoria-prodotto\/scritte-3d-da-parete\/\" aria-label=\"targhe (4 elementi)\">Guarda le tipologie di Scritte<\/a><\/h2>\n<\/div>\n<\/section>\n<p>&nbsp;<\/p>\n<p><a href=\"https:\/\/fmgraphicdesign.it\/shop\/wp-content\/uploads\/2021\/05\/WhatsApp-Image-2022-09-22-at-13.55.14-2_prev_ui_prev_ui.png\"><img decoding=\"async\" class=\"size-medium wp-image-6328 aligncenter\" src=\"https:\/\/fmgraphicdesign.it\/shop\/wp-content\/uploads\/2021\/05\/WhatsApp-Image-2022-09-22-at-13.55.14-2_prev_ui_prev_ui-300x225.png\" alt=\"lettere in plexiglass\" width=\"300\" height=\"225\" srcset=\"https:\/\/fmgraphicdesign.it\/shop\/wp-content\/uploads\/2021\/05\/WhatsApp-Image-2022-09-22-at-13.55.14-2_prev_ui_prev_ui-300x225.png 300w, https:\/\/fmgraphicdesign.it\/shop\/wp-content\/uploads\/2021\/05\/WhatsApp-Image-2022-09-22-at-13.55.14-2_prev_ui_prev_ui-64x48.png 64w, https:\/\/fmgraphicdesign.it\/shop\/wp-content\/uploads\/2021\/05\/WhatsApp-Image-2022-09-22-at-13.55.14-2_prev_ui_prev_ui-120x90.png 120w, https:\/\/fmgraphicdesign.it\/shop\/wp-content\/uploads\/2021\/05\/WhatsApp-Image-2022-09-22-at-13.55.14-2_prev_ui_prev_ui.png 577w\" sizes=\"(max-width: 300px) 100vw, 300px\" \/><\/a><\/p>\n<h4 style=\"text-align: center;\">Scritte 3d Personalizzate<\/h4>\n<p>Utilizziamo materiali resistenti, forniamo anche l&#8217;adesivo che garantisce una presa rapida e duratura sulla superficie. Ricerchiamo sempre la qualit\u00e0, il design e lo stile nei nostri lavori.<\/p>\n<p>Ora vi pongo una domanda.<\/p>\n<p>Esistono molte soluzioni low-cost sul mercato, ma quanto durano effettivamente?<\/p>\n<p>Poco! Infatti spesso sbiadiscono oppure non conferiscono quello stile o design che meriterebbe il Tuo logo o scritta.<\/p>\n<p>Non buttare via soldi e tempo. Scegli un materiale di qualit\u00e0. In commercio esistono diversi adesivi, di qualit\u00e0 per\u00f2, davvero pochi.<\/p>\n<p>In aggiunta, sul nostro sito troverai anche un tutorial su come applicare la tua scritta. Con questo tutorial potrai applicare al meglio le tue scritte.<\/p>\n<p>&nbsp;<\/p>\n<p><a href=\"https:\/\/fmgraphicdesign.it\/shop\/wp-content\/uploads\/2021\/05\/WhatsApp-Image-2022-09-22-at-13.55.16-1_prev_ui_prev_ui.png\"><img decoding=\"async\" class=\"size-medium wp-image-6326 aligncenter\" src=\"https:\/\/fmgraphicdesign.it\/shop\/wp-content\/uploads\/2021\/05\/WhatsApp-Image-2022-09-22-at-13.55.16-1_prev_ui_prev_ui-300x225.png\" alt=\"\" width=\"300\" height=\"225\" srcset=\"https:\/\/fmgraphicdesign.it\/shop\/wp-content\/uploads\/2021\/05\/WhatsApp-Image-2022-09-22-at-13.55.16-1_prev_ui_prev_ui-300x225.png 300w, https:\/\/fmgraphicdesign.it\/shop\/wp-content\/uploads\/2021\/05\/WhatsApp-Image-2022-09-22-at-13.55.16-1_prev_ui_prev_ui-64x48.png 64w, https:\/\/fmgraphicdesign.it\/shop\/wp-content\/uploads\/2021\/05\/WhatsApp-Image-2022-09-22-at-13.55.16-1_prev_ui_prev_ui-120x90.png 120w, https:\/\/fmgraphicdesign.it\/shop\/wp-content\/uploads\/2021\/05\/WhatsApp-Image-2022-09-22-at-13.55.16-1_prev_ui_prev_ui.png 577w\" sizes=\"(max-width: 300px) 100vw, 300px\" \/><\/a><\/p>\n<h2 style=\"text-align: center;\">Scritta in Plexiglass &#8211; Scritte 3d<\/h2>\n<p>Realizziamo lettere<em>\u00a0in rilievo<\/em> <em>in <a href=\"https:\/\/it.wikipedia.org\/wiki\/Polimetilmetacrilato\" target=\"_blank\" rel=\"noopener\">plexiglass<\/a>, in MDF Stampato, PE, ecc<\/em>.\u00a0 Possiamo anche combinare due materiali, ad esempio mdf + plexiglass (con stampa) oppure PE + plexiglass (con stampa), in modo da conferire un effetto 3d maggiore.<\/p>\n<p>Richiedi un preventivo gratuito!<\/p>\n<h5 style=\"text-align: center;\"><a href=\"https:\/\/fmgraphicdesign.it\/shop\/categoria-prodotto\/scritte-3d-da-parete\/\">Vai alle Lettere in Plexiglass\u00a0<\/a><\/h5>\n<p><a href=\"https:\/\/fmgraphicdesign.it\/shop\/wp-content\/uploads\/2021\/05\/WhatsApp-Image-2022-09-23-at-14.01.00_prev_ui.png\"><img loading=\"lazy\" decoding=\"async\" class=\"aligncenter wp-image-6362\" src=\"https:\/\/fmgraphicdesign.it\/shop\/wp-content\/uploads\/2021\/05\/WhatsApp-Image-2022-09-23-at-14.01.00_prev_ui.png\" alt=\"scritta in legno personalizzata, lettere in plexiglass\" width=\"450\" height=\"338\" \/><\/a><\/p>\n<p>&nbsp;<\/p>\n<p>&nbsp;<\/p>\n<p>&nbsp;<\/p>\n","protected":false},"excerpt":{"rendered":"<p>Scritta in Plexiglass, Lettere in MDF, Scritte in rilievo Richiedi un Preventivo Abbiamo un unico obiettivo, trovare nuove soluzioni, nuove proposte! Ecco perch\u00e8 cerchiamo di realizzare nuovi stili per le scritte da parete. Le lettere 3d daranno un tocco di design e stile al Tuo ufficio o negozio. Inoltre avranno una ressitenza e una durata [&hellip;]<\/p>\n","protected":false},"author":1,"featured_media":6655,"parent":0,"menu_order":0,"comment_status":"closed","ping_status":"closed","template":"elementor_header_footer","meta":{"footnotes":""},"class_list":["post-9602","page","type-page","status-publish","has-post-thumbnail"],"_links":{"self":[{"href":"https:\/\/fmgraphicdesign.it\/shop\/wp-json\/wp\/v2\/pages\/9602","targetHints":{"allow":["GET"]}}],"collection":[{"href":"https:\/\/fmgraphicdesign.it\/shop\/wp-json\/wp\/v2\/pages"}],"about":[{"href":"https:\/\/fmgraphicdesign.it\/shop\/wp-json\/wp\/v2\/types\/page"}],"author":[{"embeddable":true,"href":"https:\/\/fmgraphicdesign.it\/shop\/wp-json\/wp\/v2\/users\/1"}],"replies":[{"embeddable":true,"href":"https:\/\/fmgraphicdesign.it\/shop\/wp-json\/wp\/v2\/comments?post=9602"}],"version-history":[{"count":1,"href":"https:\/\/fmgraphicdesign.it\/shop\/wp-json\/wp\/v2\/pages\/9602\/revisions"}],"predecessor-version":[{"id":9603,"href":"https:\/\/fmgraphicdesign.it\/shop\/wp-json\/wp\/v2\/pages\/9602\/revisions\/9603"}],"wp:featuredmedia":[{"embeddable":true,"href":"https:\/\/fmgraphicdesign.it\/shop\/wp-json\/wp\/v2\/media\/6655"}],"wp:attachment":[{"href":"https:\/\/fmgraphicdesign.it\/shop\/wp-json\/wp\/v2\/media?parent=9602"}],"curies":[{"name":"wp","href":"https:\/\/api.w.org\/{rel}","templated":true}]}}