{"id":9599,"date":"2023-07-28T09:49:21","date_gmt":"2023-07-28T07:49:21","guid":{"rendered":"https:\/\/fmgraphicdesign.it\/shop\/?page_id=9599"},"modified":"2024-04-30T10:01:27","modified_gmt":"2024-04-30T08:01:27","slug":"logo-3d","status":"publish","type":"page","link":"https:\/\/fmgraphicdesign.it\/shop\/logo-3d\/","title":{"rendered":"Logo 3d"},"content":{"rendered":"<p><img fetchpriority=\"high\" decoding=\"async\" class=\"aligncenter wp-image-515 size-medium\" title=\"scritte personalizzate adesive\" src=\"https:\/\/fmgraphicdesign.it\/shop\/wp-content\/uploads\/2021\/05\/Lettere-MDF-Stampato-300x225.png\" alt=\"scritte 3d, scritte decorative, logo 3d\" width=\"300\" height=\"225\" srcset=\"https:\/\/fmgraphicdesign.it\/shop\/wp-content\/uploads\/2021\/05\/Lettere-MDF-Stampato-300x225.png 300w, https:\/\/fmgraphicdesign.it\/shop\/wp-content\/uploads\/2021\/05\/Lettere-MDF-Stampato.png 400w\" sizes=\"(max-width: 300px) 100vw, 300px\" \/><\/p>\n<h2><em>Logo 3d e Scritte 3d Personalizzate<\/em><\/h2>\n<p>Siamo specializzati nella creazione di loghi 3d, scritte personalizzate e lettere 3d in diversi materiali come <a href=\"https:\/\/it.wikipedia.org\/wiki\/Polimetilmetacrilato\" target=\"_blank\" rel=\"noopener\">plexiglass<\/a>, mdf, mdf stampato, ecc.<\/p>\n<p>&nbsp;<\/p>\n<p>&nbsp;<\/p>\n<h2>Loghi Personalizzati &#8211; Logo 3d<\/h2>\n<p>Realizziamo loghi di ogni tipo, anche sagomati. Tagliamo a laser CO2, esso conferisce un design elegante al supporto, con angoli leggermente arrotondati. Una volta tagliato, il supporto (scritta, logo o targa), verr\u00e0 stampato in altissima definizione con macchinari di ultimissima generazione.<\/p>\n<p>Un lavoro di grande precisione, qualit\u00e0 e design.<\/p>\n<p>Utilizziamo inchiostri Greenguard Gold, tra i migliori sul mercato in termini di qualit\u00e0 e di standard di sicurezza.\u00a0 Questi inchiostri hanno uno standard molto rigoroso per la bassa emissione di sostanze chimiche (VOCs). Essi possono essere utilizzati nelle scuole e strutture sanitarie, ovvero strutture molto sensibili.<\/p>\n<p>Diamo molta importanza a questo aspetto, siamo molto attenti su questo argomento.<\/p>\n<p>Scegli la qualit\u00e0 e la professionalit\u00e0 di FM Graphic Design! Scegli lo stile unico!<\/p>\n<p>&nbsp;<\/p>\n<p>&nbsp;<\/p>\n<p style=\"text-align: center;\"><a href=\"https:\/\/fmgraphicdesign.it\/shop\/wp-content\/uploads\/2023\/02\/slazzer-edit-image-53_prev_ui.png\"><img decoding=\"async\" class=\"alignnone wp-image-9317 size-medium\" title=\"scritte 3d\" src=\"https:\/\/fmgraphicdesign.it\/shop\/wp-content\/uploads\/2023\/02\/slazzer-edit-image-53_prev_ui-300x225.png\" alt=\"scritte 3d personalizzate, \" width=\"300\" height=\"225\" srcset=\"https:\/\/fmgraphicdesign.it\/shop\/wp-content\/uploads\/2023\/02\/slazzer-edit-image-53_prev_ui-300x225.png 300w, https:\/\/fmgraphicdesign.it\/shop\/wp-content\/uploads\/2023\/02\/slazzer-edit-image-53_prev_ui-64x48.png 64w, https:\/\/fmgraphicdesign.it\/shop\/wp-content\/uploads\/2023\/02\/slazzer-edit-image-53_prev_ui-120x90.png 120w, https:\/\/fmgraphicdesign.it\/shop\/wp-content\/uploads\/2023\/02\/slazzer-edit-image-53_prev_ui.png 577w\" sizes=\"(max-width: 300px) 100vw, 300px\" \/><\/a><\/p>\n<h3><\/h3>\n<h2>Loghi in Plexiglass Specchiato, mdf e mdf stampato<\/h2>\n<p>Le scritte 3D sono di facile applicazione alle pareti del Tuo ufficio o negozio. Possono veicolare in maniera formidabile il tuo marchio o dare grande impatto ad un messaggio di marketing. Forniamo collante ad alto tac (molto resistente) o distanziatori in modo da poter fare aderire nel miglior modo possibile sulla superficie in cui il supporto andr\u00e0 installato.<\/p>\n<p>Il logo 3d e le scritte 3d hanno uno stile unico ed un effetto 3d molto gradevole (dato dallo spessore).<\/p>\n<div class=\"wp-gr rpi wpac\" data-id=\"ChIJByc2x-FsiEcR_op7yvhaLLc\" data-layout=\"list\" data-exec=\"false\" data-options='{&quot;text_size&quot;:&quot;25&quot;,&quot;trans&quot;:{&quot;read more&quot;:&quot;leggi tutto&quot;}}'><svg xmlns=\"http:\/\/www.w3.org\/2000\/svg\" style=\"display:none!important\"><symbol id=\"grw-tripadvisor\" viewBox=\"0 0 713.496 713.496\"><g><circle fill=\"#34E0A1\" cx=\"356.749\" cy=\"356.748\" r=\"356.748\"\/><path d=\"M577.095,287.152l43.049-46.836h-95.465c-47.792-32.646-105.51-51.659-167.931-51.659   c-62.342,0-119.899,19.054-167.612,51.659H93.432l43.049,46.836c-26.387,24.075-42.929,58.754-42.929,97.259   c0,72.665,58.914,131.578,131.579,131.578c34.519,0,65.968-13.313,89.446-35.077l42.172,45.919l42.172-45.879   c23.478,21.764,54.887,35.037,89.406,35.037c72.665,0,131.658-58.913,131.658-131.578   C620.024,345.866,603.483,311.188,577.095,287.152z M225.17,473.458c-49.188,0-89.047-39.859-89.047-89.047   s39.86-89.048,89.047-89.048c49.187,0,89.047,39.86,89.047,89.048S274.357,473.458,225.17,473.458z M356.788,381.82   c0-58.595-42.61-108.898-98.853-130.383c30.413-12.716,63.776-19.771,98.813-19.771s68.439,7.055,98.853,19.771   C399.399,272.962,356.788,323.226,356.788,381.82z M488.367,473.458c-49.188,0-89.048-39.859-89.048-89.047   s39.86-89.048,89.048-89.048s89.047,39.86,89.047,89.048S537.554,473.458,488.367,473.458z M488.367,337.694   c-25.79,0-46.677,20.887-46.677,46.677c0,25.789,20.887,46.676,46.677,46.676c25.789,0,46.676-20.887,46.676-46.676   C535.042,358.621,514.156,337.694,488.367,337.694z M271.846,384.411c0,25.789-20.887,46.676-46.676,46.676   s-46.676-20.887-46.676-46.676c0-25.79,20.887-46.677,46.676-46.677C250.959,337.694,271.846,358.621,271.846,384.411z\"\/><\/g><\/symbol><symbol id=\"grw-google\" viewBox=\"0 0 512 512\"><g fill=\"none\" fill-rule=\"evenodd\"><path d=\"M482.56 261.36c0-16.73-1.5-32.83-4.29-48.27H256v91.29h127.01c-5.47 29.5-22.1 54.49-47.09 71.23v59.21h76.27c44.63-41.09 70.37-101.59 70.37-173.46z\" fill=\"#4285f4\"\/><path d=\"M256 492c63.72 0 117.14-21.13 156.19-57.18l-76.27-59.21c-21.13 14.16-48.17 22.53-79.92 22.53-61.47 0-113.49-41.51-132.05-97.3H45.1v61.15c38.83 77.13 118.64 130.01 210.9 130.01z\" fill=\"#34a853\"\/><path d=\"M123.95 300.84c-4.72-14.16-7.4-29.29-7.4-44.84s2.68-30.68 7.4-44.84V150.01H45.1C29.12 181.87 20 217.92 20 256c0 38.08 9.12 74.13 25.1 105.99l78.85-61.15z\" fill=\"#fbbc05\"\/><path d=\"M256 113.86c34.65 0 65.76 11.91 90.22 35.29l67.69-67.69C373.03 43.39 319.61 20 256 20c-92.25 0-172.07 52.89-210.9 130.01l78.85 61.15c18.56-55.78 70.59-97.3 132.05-97.3z\" fill=\"#ea4335\"\/><path d=\"M20 20h472v472H20V20z\"\/><\/g><\/symbol><\/svg><div class=\"wp-google-list\"><div class=\"grw-header\"><div class=\"grw-header-inner rpi-flx rpi-row12\"><div class=\"grw-img-wrap\"><img loading=\"lazy\" decoding=\"async\" class=\"grw-img\" src=\"https:\/\/fmgraphicdesign.it\/shop\/wp-content\/uploads\/2021\/06\/cropped-Fm-Logo-Sho.png\" loading=\"lazy\" alt=\"FM Graphic Design snc place picture\" width=\"50\" height=\"50\" onerror=\"if(this.src!='data:image\/gif;base64,R0lGODlhAQABAIAAAAAAAP\/\/\/yH5BAEAAAAALAAAAAABAAEAAAIBRAA7')this.src='data:image\/gif;base64,R0lGODlhAQABAIAAAAAAAP\/\/\/yH5BAEAAAAALAAAAAABAAEAAAIBRAA7';\" ><\/div><div class=\"rpi-flx rpi-col8\"><div class=\"wp-google-name\"><a href=\"https:\/\/maps.google.com\/?cid=13199024632511564542\" target=\"_blank\" rel=\"nofollow noopener\">FM Graphic Design snc<\/a><\/div><span class=\"rpi-stars\" style=\"--rating:5.0\">5.0<\/span><div class=\"wp-google-based\">Basato su 60 recensioni<\/div><div class=\"wp-google-powered\">powered by <span><span style=\"color:#3c6df0!important\">G<\/span><span style=\"color:#d93025!important\">o<\/span><span style=\"color:#fb8e28!important\">o<\/span><span style=\"color:#3c6df0!important\">g<\/span><span style=\"color:#188038!important\">l<\/span><span style=\"color:#d93025!important\">e<\/span><\/span><\/div><div class=\"wp-google-wr\"><a href=\"https:\/\/search.google.com\/local\/writereview?placeid=ChIJByc2x-FsiEcR_op7yvhaLLc\" target=\"_blank\" rel=\"nofollow noopener\" onclick=\"return rplg_leave_review_window.call(this)\">lascia una recensione su<svg height=\"16\" width=\"16\" role=\"none\"><use href=\"#grw-google\"><\/use><\/svg><\/a><\/div><\/div><\/div><\/div><\/div><\/div>\n<section id=\"tag_cloud-3\" class=\"widget widget_tag_cloud\">\n<div class=\"tagcloud\">\n<p style=\"text-align: left;\">Realizziamo ognigni tipo di scritta, stampata e non.<\/p>\n<\/div>\n<\/section>\n<p>Richiedi un preventivo gratuito al 3473341114.<\/p>\n<p>&nbsp;<\/p>\n<p>&nbsp;<\/p>\n<div class=\"col-sm-6 row-space description product-description markdown\">\n<h2>Stampa scritte 3D su plexiglass<\/h2>\n<p>Realizziamo la <strong>stampa di scritte 3D su plexiglass, un prodotto<\/strong><strong> resistente e duraturo nel tempo<\/strong>, perfetto in diversi ambienti e impieghi.<\/p>\n<p>Questo tipo di materiale pu\u00f2 essere combinato anche con il legno mdf o il pe per aumentare l&#8217;effetto 3d. Questo materiale dar\u00e0 un tocco di design e stile al tuo ambiente, ufficio o negozio.<\/p>\n<p>Il plexiglass pu\u00f2 essere installato sia internamente che esternamente, pu\u00f2 essere anche sagomato. Pu\u00f2 dare un nuovo look ai tuoi uffici o al tuo negozio.<\/p>\n<p>Contattaci o richiedi un preventivo online, un nostro esperto ti risponder\u00e0 velocemente e ti indicher\u00e0 la migliore soluzione. Verr\u00e0 analizzato il tipo di messaggio che si vuole realizzare (scritta, logo, ecc.) ed il tipo di ambiente dove la scritta dovr\u00e0 essere installata. Chiaramente in certi tipi di ambienti alcuni materiali sono decisamente pi\u00f9 adatti. Inoltre un messaggio troppo corposo o lungo dovr\u00e0 essere rivisto per migliorarne semplicit\u00e0 e resa visiva. Scegli Fm Graphic Design, realizza il tuo logo 3d personalizzato o la tua scritta.<\/p>\n<h2>Perch\u00e9 scegliere FM Graphic Design per creare le scritte 3D personalizzate<\/h2>\n<p>Prestiamo molta attenzione al cliente, ai materiali di qualit\u00e0 ed alla competenza. Ecco cosa troverai ordinando le <strong>scritte 3D<\/strong> su FM Graphic Design.<\/p>\n<p>Siamo a tua disposizione per fornirti aiuto, chiama ora, richiedi un preventivo o invia una e-mail.<\/p>\n<\/div>\n<div class=\"col-sm-6 row-space description product-description markdown\">\n<div class=\"sticky-top\">\n<h2 class=\"h3 mb-4\">FAQ<\/h2>\n<h2 class=\"h5\">Perch\u00e9 scegliere le scritta 3D o il logo 3d personalizzato ?<\/h2>\n<div class=\"mb-3\">\n<p>Con le scritte 3d avrai una soluzione di qualit\u00e0 e design per il tuo logo o messaggio che dar\u00e0 un tocco di stile e originalit\u00e0 al tuo ufficio o negozio.<\/p>\n<\/div>\n<div class=\"mb-3\"><\/div>\n<div class=\"mb-3\">\n<p>&nbsp;<\/p>\n<h2>Con quali materiali si possono realizzare le scritte 3d o i loghi?<\/h2>\n<\/div>\n<div class=\"mb-3\">\n<p>Puoi scegliere tra legno mdf, pe espanso, plexiglass opalino e trasparente, ecc. Inoltre per avere un maggiore effetto 3d puoi anche combinare questi materiali.<\/p>\n<\/div>\n<p>&nbsp;<\/p>\n<\/div>\n<\/div>\n<p>&nbsp;<\/p>\n<p><img decoding=\"async\" class=\"wp-image-516 size-medium aligncenter\" title=\"scritte personalizzate adesive\" src=\"https:\/\/fmgraphicdesign.it\/shop\/wp-content\/uploads\/2021\/05\/Lettere-MDF-Specchio-300x225.png\" alt=\"scritte 3d\" width=\"300\" height=\"225\" srcset=\"https:\/\/fmgraphicdesign.it\/shop\/wp-content\/uploads\/2021\/05\/Lettere-MDF-Specchio-300x225.png 300w, https:\/\/fmgraphicdesign.it\/shop\/wp-content\/uploads\/2021\/05\/Lettere-MDF-Specchio.png 400w\" sizes=\"(max-width: 300px) 100vw, 300px\" \/><\/p>\n<p>&nbsp;<\/p>\n<p>&nbsp;<\/p>\n<section id=\"tag_cloud-3\" class=\"widget widget_tag_cloud\">\n<div class=\"tagcloud\" style=\"text-align: center;\">RICHIEDI UN PREVENTIVO<\/div>\n<\/section>\n<p>&nbsp;<\/p>\n<h4><\/h4>\n<h4><\/h4>\n<p><center><u><u><span style=\"color: green; font-size: large;\"><div class='yrm-content yrm-content-1 yrm-content-hide  ' id='yrm-zOj1X' data-id='1' data-show-status='false' data-after-action='' style=\"visibility: hidden;height: 0;\">\n\t\t\t<div id='yrm-inner-content-yrm-zOj1X' class='yrm-inner-content-wrapper yrm-cntent-1'><\/span><\/u><\/u><center><iframe title=\"Scritte in Rilievo\" width=\"400\" height=\"225\" src=\"https:\/\/www.youtube.com\/embed\/mJHNpf8_tFc?feature=oembed\" frameborder=\"0\" allow=\"accelerometer; autoplay; clipboard-write; encrypted-media; gyroscope; picture-in-picture; web-share\" referrerpolicy=\"strict-origin-when-cross-origin\" allowfullscreen><\/iframe><\/p>\n<p>&nbsp;<\/p>\n<p>&nbsp;<\/p>\n<p>&nbsp;<\/p>\n<p>&nbsp;<\/p>\n<p>&nbsp;<\/p>\n<p>&nbsp;<\/p>\n<p>&nbsp;<\/p>\n<p>&nbsp;<\/p>\n<p>&nbsp;<\/p>\n<p>&nbsp;<\/p>\n<p>&nbsp;<\/p>\n<p>&nbsp;<\/p>\n<p>&nbsp;<\/p>\n<p>&nbsp;<\/p>\n<p>&nbsp;<\/p>\n<p>&nbsp;<\/p>\n<p>&nbsp;<\/p>\n<p>&nbsp;<\/p>\n<p>&nbsp;<\/p>\n<p>&nbsp;<\/p>\n<p>&nbsp;<\/p>\n<p><\/center><u><span style=\"color: green; font-size: large;\"><\/div>\n\t\t<\/div><div class='yrm-btn-wrapper yrm-inline-wrapper yrm-btn-wrapper-1  yrm-more-button-wrapper '><span title='' data-less-title='' data-more-title=''  class='yrm-toggle-expand  yrm-toggle-expand-1' data-rel='yrm-zOj1X' data-more=' \u2714 COME SI APPLICA A PARETE? (clicca qui)' data-less='Leggi meno' style='border: none; width: 100%;'><span class=\"yrm-button-text-1 yrm-button-text-span\"> \u2714 COME SI APPLICA A PARETE? (clicca qui)<\/span><\/span><\/div><\/span><\/u><\/center><center><u><u><span style=\"color: green; font-size: large;\"><div class='yrm-content yrm-content-1 yrm-content-hide  ' id='yrm-SUuI5' data-id='1' data-show-status='false' data-after-action='' style=\"visibility: hidden;height: 0;\">\n\t\t\t<div id='yrm-inner-content-yrm-SUuI5' class='yrm-inner-content-wrapper yrm-cntent-1'><\/span><\/u><\/u><center><a href=\"https:\/\/www.facebook.com\/watch\/?v=441193496959740\" target=\"_blank\" rel=\"noopener\">https:\/\/www.facebook.com\/watch\/?v=441193496959740<\/a><\/p>\n<p>&nbsp;<\/p>\n<p>&nbsp;<\/p>\n<p>&nbsp;<\/p>\n<p>&nbsp;<\/p>\n<p>&nbsp;<\/p>\n<p>&nbsp;<\/p>\n<p>&nbsp;<\/p>\n<p>&nbsp;<\/p>\n<p>&nbsp;<\/p>\n<p>&nbsp;<\/p>\n<p>&nbsp;<\/p>\n<p>&nbsp;<\/p>\n<p>&nbsp;<\/p>\n<p>&nbsp;<\/p>\n<p>&nbsp;<\/p>\n<p>&nbsp;<\/p>\n<p>&nbsp;<\/p>\n<p>&nbsp;<\/p>\n<p>&nbsp;<\/p>\n<p>&nbsp;<\/p>\n<p>&nbsp;<\/p>\n<p><\/center><u><span style=\"color: green; font-size: large;\"><\/div>\n\t\t<\/div><div class='yrm-btn-wrapper yrm-inline-wrapper yrm-btn-wrapper-1  yrm-more-button-wrapper '><span title='' data-less-title='' data-more-title=''  class='yrm-toggle-expand  yrm-toggle-expand-1' data-rel='yrm-SUuI5' data-more=' \u2714 COME TAGLIAMO A LASER (clicca qui)' data-less='Leggi meno' style='border: none; width: 100%;'><span class=\"yrm-button-text-1 yrm-button-text-span\"> \u2714 COME TAGLIAMO A LASER (clicca qui)<\/span><\/span><\/div><\/span><\/u><\/center>&nbsp;<\/p>\n<p>&nbsp;<\/p>\n<p>&nbsp;<\/p>\n<p>&nbsp;<\/p>\n<p>&nbsp;<\/p>\n<p>&nbsp;<\/p>\n","protected":false},"excerpt":{"rendered":"<p>Logo 3d e Scritte 3d Personalizzate Siamo specializzati nella creazione di loghi 3d, scritte personalizzate e lettere 3d in diversi materiali come plexiglass, mdf, mdf stampato, ecc. &nbsp; &nbsp; Loghi Personalizzati &#8211; Logo 3d Realizziamo loghi di ogni tipo, anche sagomati. Tagliamo a laser CO2, esso conferisce un design elegante al supporto, con angoli leggermente [&hellip;]<\/p>\n","protected":false},"author":1,"featured_media":2419,"parent":0,"menu_order":0,"comment_status":"closed","ping_status":"closed","template":"elementor_header_footer","meta":{"footnotes":""},"class_list":["post-9599","page","type-page","status-publish","has-post-thumbnail"],"_links":{"self":[{"href":"https:\/\/fmgraphicdesign.it\/shop\/wp-json\/wp\/v2\/pages\/9599","targetHints":{"allow":["GET"]}}],"collection":[{"href":"https:\/\/fmgraphicdesign.it\/shop\/wp-json\/wp\/v2\/pages"}],"about":[{"href":"https:\/\/fmgraphicdesign.it\/shop\/wp-json\/wp\/v2\/types\/page"}],"author":[{"embeddable":true,"href":"https:\/\/fmgraphicdesign.it\/shop\/wp-json\/wp\/v2\/users\/1"}],"replies":[{"embeddable":true,"href":"https:\/\/fmgraphicdesign.it\/shop\/wp-json\/wp\/v2\/comments?post=9599"}],"version-history":[{"count":4,"href":"https:\/\/fmgraphicdesign.it\/shop\/wp-json\/wp\/v2\/pages\/9599\/revisions"}],"predecessor-version":[{"id":10393,"href":"https:\/\/fmgraphicdesign.it\/shop\/wp-json\/wp\/v2\/pages\/9599\/revisions\/10393"}],"wp:featuredmedia":[{"embeddable":true,"href":"https:\/\/fmgraphicdesign.it\/shop\/wp-json\/wp\/v2\/media\/2419"}],"wp:attachment":[{"href":"https:\/\/fmgraphicdesign.it\/shop\/wp-json\/wp\/v2\/media?parent=9599"}],"curies":[{"name":"wp","href":"https:\/\/api.w.org\/{rel}","templated":true}]}}