{"id":9567,"date":"2023-07-26T15:21:33","date_gmt":"2023-07-26T13:21:33","guid":{"rendered":"https:\/\/fmgraphicdesign.it\/shop\/?page_id=9567"},"modified":"2024-04-12T13:25:34","modified_gmt":"2024-04-12T11:25:34","slug":"furgoni-personalizzati","status":"publish","type":"page","link":"https:\/\/fmgraphicdesign.it\/shop\/furgoni-personalizzati\/","title":{"rendered":"Furgoni Personalizzati"},"content":{"rendered":"\t\t<div data-elementor-type=\"wp-page\" data-elementor-id=\"9567\" class=\"elementor elementor-9567\">\n\t\t\t\t\t\t<section class=\"elementor-section elementor-top-section elementor-element elementor-element-fb70d19 elementor-section-boxed elementor-section-height-default elementor-section-height-default\" data-id=\"fb70d19\" data-element_type=\"section\" data-e-type=\"section\">\n\t\t\t\t\t\t<div class=\"elementor-container elementor-column-gap-default\">\n\t\t\t\t\t<div class=\"elementor-column elementor-col-100 elementor-top-column elementor-element elementor-element-f037e5c\" data-id=\"f037e5c\" data-element_type=\"column\" data-e-type=\"column\">\n\t\t\t<div class=\"elementor-widget-wrap elementor-element-populated\">\n\t\t\t\t\t\t<div class=\"elementor-element elementor-element-eea9973 elementor-widget elementor-widget-text-editor\" data-id=\"eea9973\" data-element_type=\"widget\" data-e-type=\"widget\" data-widget_type=\"text-editor.default\">\n\t\t\t\t<div class=\"elementor-widget-container\">\n\t\t\t\t\t\t\t\t\t<h1>Furgoni personalizzati<\/h1>\t\t\t\t\t\t\t\t<\/div>\n\t\t\t\t<\/div>\n\t\t\t\t\t<\/div>\n\t\t<\/div>\n\t\t\t\t\t<\/div>\n\t\t<\/section>\n\t\t\t\t<section class=\"elementor-section elementor-top-section elementor-element elementor-element-be2d2de elementor-section-boxed elementor-section-height-default elementor-section-height-default\" data-id=\"be2d2de\" data-element_type=\"section\" data-e-type=\"section\">\n\t\t\t\t\t\t<div class=\"elementor-container elementor-column-gap-default\">\n\t\t\t\t\t<div class=\"elementor-column elementor-col-100 elementor-top-column elementor-element elementor-element-c76e15b\" data-id=\"c76e15b\" data-element_type=\"column\" data-e-type=\"column\">\n\t\t\t<div class=\"elementor-widget-wrap elementor-element-populated\">\n\t\t\t\t\t\t<div class=\"elementor-element elementor-element-dfce623 elementor-widget elementor-widget-spacer\" data-id=\"dfce623\" data-element_type=\"widget\" data-e-type=\"widget\" data-widget_type=\"spacer.default\">\n\t\t\t\t<div class=\"elementor-widget-container\">\n\t\t\t\t\t\t\t<div class=\"elementor-spacer\">\n\t\t\t<div class=\"elementor-spacer-inner\"><\/div>\n\t\t<\/div>\n\t\t\t\t\t\t<\/div>\n\t\t\t\t<\/div>\n\t\t\t\t\t<\/div>\n\t\t<\/div>\n\t\t\t\t\t<\/div>\n\t\t<\/section>\n\t\t\t\t<section class=\"elementor-section elementor-top-section elementor-element elementor-element-337a7f8 elementor-section-boxed elementor-section-height-default elementor-section-height-default\" data-id=\"337a7f8\" data-element_type=\"section\" data-e-type=\"section\">\n\t\t\t\t\t\t<div class=\"elementor-container elementor-column-gap-default\">\n\t\t\t\t\t<div class=\"elementor-column elementor-col-50 elementor-top-column elementor-element elementor-element-8a20f6e\" data-id=\"8a20f6e\" data-element_type=\"column\" data-e-type=\"column\">\n\t\t\t<div class=\"elementor-widget-wrap elementor-element-populated\">\n\t\t\t\t\t\t<div class=\"elementor-element elementor-element-f4ac921 elementor-widget elementor-widget-text-editor\" data-id=\"f4ac921\" data-element_type=\"widget\" data-e-type=\"widget\" data-widget_type=\"text-editor.default\">\n\t\t\t\t<div class=\"elementor-widget-container\">\n\t\t\t\t\t\t\t\t\t<h2>Furgoni Personalizzati &#8211; Adesivi Personalizzati Furgoni<\/h2><p><em>Realizziamo allestimenti pubblicitari per <\/em>furgoni e<em> mezzi aziendali<\/em>. Utilizziamo pellicole di grande qualit\u00e0, estremamente durevoli e resistenti alle intemperie. <strong>applichiamo sul singolo mezzo a Torino e provincia. applichiamo le pellicole, su un minimo di 10 mezzi, anche in Piemonte, Lombardia, Valle d\u2019Aosta e Liguria. Inoltre, installiamo su un numero minimo di 15 mezzi\u00a0 in Veneto, Friuli, Emilia Romagna e Toscana.\u00a0<\/strong><\/p><p>Realizziamo con il cliente la grafica da installare sul furgone, affidati a FM Graphic Design!<\/p><section><div style=\"text-align: center;\"><div><center><button><a style=\"color: white;\" href=\"https:\/\/fmgraphicdesign.it\/shop\/prodotto\/allestimento-flotte-aziendali\/\">RICHIEDI UN PREVENTIVO<\/a><\/button><\/center><\/div><\/div><\/section>\t\t\t\t\t\t\t\t<\/div>\n\t\t\t\t<\/div>\n\t\t\t\t\t<\/div>\n\t\t<\/div>\n\t\t\t\t<div class=\"elementor-column elementor-col-50 elementor-top-column elementor-element elementor-element-3518cda\" data-id=\"3518cda\" data-element_type=\"column\" data-e-type=\"column\">\n\t\t\t<div class=\"elementor-widget-wrap elementor-element-populated\">\n\t\t\t\t\t\t<div class=\"elementor-element elementor-element-c933a59 elementor-widget elementor-widget-image\" data-id=\"c933a59\" data-element_type=\"widget\" data-e-type=\"widget\" data-widget_type=\"image.default\">\n\t\t\t\t<div class=\"elementor-widget-container\">\n\t\t\t\t\t\t\t\t\t\t\t\t\t\t\t<img fetchpriority=\"high\" decoding=\"async\" width=\"810\" height=\"810\" src=\"https:\/\/fmgraphicdesign.it\/shop\/wp-content\/uploads\/2021\/09\/71152756_2444547575634491_6596466761837576192_n-1024x1024.jpg\" class=\"attachment-large size-large wp-image-8190\" alt=\"wrapping veicoli aziendali, allestimento veicoli aziendali, allestimento flotta aziendale, car wrapping, allestimento furgoni aziendali, allestimento furgone, Personalizzazione Automezzi, Car Wrapping Professionale Torino\" srcset=\"https:\/\/fmgraphicdesign.it\/shop\/wp-content\/uploads\/2021\/09\/71152756_2444547575634491_6596466761837576192_n-1024x1024.jpg 1024w, https:\/\/fmgraphicdesign.it\/shop\/wp-content\/uploads\/2021\/09\/71152756_2444547575634491_6596466761837576192_n-100x100.jpg 100w, https:\/\/fmgraphicdesign.it\/shop\/wp-content\/uploads\/2021\/09\/71152756_2444547575634491_6596466761837576192_n-600x600.jpg 600w, https:\/\/fmgraphicdesign.it\/shop\/wp-content\/uploads\/2021\/09\/71152756_2444547575634491_6596466761837576192_n-300x300.jpg 300w, https:\/\/fmgraphicdesign.it\/shop\/wp-content\/uploads\/2021\/09\/71152756_2444547575634491_6596466761837576192_n-150x150.jpg 150w, https:\/\/fmgraphicdesign.it\/shop\/wp-content\/uploads\/2021\/09\/71152756_2444547575634491_6596466761837576192_n-768x768.jpg 768w, https:\/\/fmgraphicdesign.it\/shop\/wp-content\/uploads\/2021\/09\/71152756_2444547575634491_6596466761837576192_n-90x90.jpg 90w, https:\/\/fmgraphicdesign.it\/shop\/wp-content\/uploads\/2021\/09\/71152756_2444547575634491_6596466761837576192_n-64x64.jpg 64w, https:\/\/fmgraphicdesign.it\/shop\/wp-content\/uploads\/2021\/09\/71152756_2444547575634491_6596466761837576192_n.jpg 1080w\" sizes=\"(max-width: 810px) 100vw, 810px\" \/>\t\t\t\t\t\t\t\t\t\t\t\t\t\t\t<\/div>\n\t\t\t\t<\/div>\n\t\t\t\t\t<\/div>\n\t\t<\/div>\n\t\t\t\t\t<\/div>\n\t\t<\/section>\n\t\t\t\t<section class=\"elementor-section elementor-top-section elementor-element elementor-element-467787f elementor-section-boxed elementor-section-height-default elementor-section-height-default\" data-id=\"467787f\" data-element_type=\"section\" data-e-type=\"section\">\n\t\t\t\t\t\t<div class=\"elementor-container elementor-column-gap-default\">\n\t\t\t\t\t<div class=\"elementor-column elementor-col-100 elementor-top-column elementor-element elementor-element-2aa2fc9\" data-id=\"2aa2fc9\" data-element_type=\"column\" data-e-type=\"column\">\n\t\t\t<div class=\"elementor-widget-wrap elementor-element-populated\">\n\t\t\t\t\t\t<div class=\"elementor-element elementor-element-7f6fda2 elementor-widget elementor-widget-spacer\" data-id=\"7f6fda2\" data-element_type=\"widget\" data-e-type=\"widget\" data-widget_type=\"spacer.default\">\n\t\t\t\t<div class=\"elementor-widget-container\">\n\t\t\t\t\t\t\t<div class=\"elementor-spacer\">\n\t\t\t<div class=\"elementor-spacer-inner\"><\/div>\n\t\t<\/div>\n\t\t\t\t\t\t<\/div>\n\t\t\t\t<\/div>\n\t\t\t\t\t<\/div>\n\t\t<\/div>\n\t\t\t\t\t<\/div>\n\t\t<\/section>\n\t\t\t\t<section class=\"elementor-section elementor-top-section elementor-element elementor-element-969ad30 elementor-section-boxed elementor-section-height-default elementor-section-height-default\" data-id=\"969ad30\" data-element_type=\"section\" data-e-type=\"section\">\n\t\t\t\t\t\t<div class=\"elementor-container elementor-column-gap-default\">\n\t\t\t\t\t<div class=\"elementor-column elementor-col-50 elementor-top-column elementor-element elementor-element-5c24396\" data-id=\"5c24396\" data-element_type=\"column\" data-e-type=\"column\">\n\t\t\t<div class=\"elementor-widget-wrap elementor-element-populated\">\n\t\t\t\t\t\t<div class=\"elementor-element elementor-element-c29e9b2 elementor-widget elementor-widget-image\" data-id=\"c29e9b2\" data-element_type=\"widget\" data-e-type=\"widget\" data-widget_type=\"image.default\">\n\t\t\t\t<div class=\"elementor-widget-container\">\n\t\t\t\t\t\t\t\t\t\t\t\t\t\t\t<img decoding=\"async\" width=\"577\" height=\"433\" src=\"https:\/\/fmgraphicdesign.it\/shop\/wp-content\/uploads\/2023\/02\/car-wrapping.jpg\" class=\"attachment-large size-large wp-image-9366\" alt=\"Personalizzazione Automezzi, adesivi personalizzati furgoni, furgoni personalizzati, Grafica su Automezzi, Personalizzazione mezzi aziendali\" srcset=\"https:\/\/fmgraphicdesign.it\/shop\/wp-content\/uploads\/2023\/02\/car-wrapping.jpg 577w, https:\/\/fmgraphicdesign.it\/shop\/wp-content\/uploads\/2023\/02\/car-wrapping-300x225.jpg 300w, https:\/\/fmgraphicdesign.it\/shop\/wp-content\/uploads\/2023\/02\/car-wrapping-64x48.jpg 64w, https:\/\/fmgraphicdesign.it\/shop\/wp-content\/uploads\/2023\/02\/car-wrapping-120x90.jpg 120w\" sizes=\"(max-width: 577px) 100vw, 577px\" \/>\t\t\t\t\t\t\t\t\t\t\t\t\t\t\t<\/div>\n\t\t\t\t<\/div>\n\t\t\t\t\t<\/div>\n\t\t<\/div>\n\t\t\t\t<div class=\"elementor-column elementor-col-50 elementor-top-column elementor-element elementor-element-e3e2c60\" data-id=\"e3e2c60\" data-element_type=\"column\" data-e-type=\"column\">\n\t\t\t<div class=\"elementor-widget-wrap elementor-element-populated\">\n\t\t\t\t\t\t<div class=\"elementor-element elementor-element-08849ef elementor-widget elementor-widget-text-editor\" data-id=\"08849ef\" data-element_type=\"widget\" data-e-type=\"widget\" data-widget_type=\"text-editor.default\">\n\t\t\t\t<div class=\"elementor-widget-container\">\n\t\t\t\t\t\t\t\t\t<h1>Grafica su Furgoni<\/h1><p>Realizziamo <strong>allestimenti pubblicitari su mezzi aziendali<\/strong> e veicoli commerciali.<\/p><p>Le nostre pellicole sono resistenti alla pioggia, al gelo, al vento, al sole ed ai graffi.<\/p><p>Chiama ora, sapremo aiutarti nella scelta della personalizzazione grafica del Tuo mezzo!<\/p><p>Siamo specializzati nella personalizzazione dei furgoni, flotte aziendali e veicoli in genere, richiedi un preventivo ad un nostro esperto!<\/p><p><a href=\"https:\/\/fmgraphicdesign.it\/shop\/2023\/07\/17\/capire-come-decorare-un-mezzo-aziendale\/\" target=\"_blank\" rel=\"noopener\">COME DECORARE IL TUO VEICOLO AZIENDALE<\/a><\/p><section id=\"tag_cloud-3\" class=\"widget widget_tag_cloud\"><div class=\"container\" style=\"text-align: center;\"><div class=\"vertical-center\"><center><button><a style=\"color: white;\" href=\"https:\/\/fmgraphicdesign.it\/shop\/prodotto\/allestimento-flotte-aziendali\/\">RICHIEDI UN PREVENTIVO<\/a><\/button><\/center><\/div><\/div><\/section>\t\t\t\t\t\t\t\t<\/div>\n\t\t\t\t<\/div>\n\t\t\t\t\t<\/div>\n\t\t<\/div>\n\t\t\t\t\t<\/div>\n\t\t<\/section>\n\t\t\t\t<section class=\"elementor-section elementor-top-section elementor-element elementor-element-45d3bec elementor-section-boxed elementor-section-height-default elementor-section-height-default\" data-id=\"45d3bec\" data-element_type=\"section\" data-e-type=\"section\">\n\t\t\t\t\t\t<div class=\"elementor-container elementor-column-gap-default\">\n\t\t\t\t\t<div class=\"elementor-column elementor-col-100 elementor-top-column elementor-element elementor-element-75dbaa6\" data-id=\"75dbaa6\" data-element_type=\"column\" data-e-type=\"column\">\n\t\t\t<div class=\"elementor-widget-wrap elementor-element-populated\">\n\t\t\t\t\t\t<div class=\"elementor-element elementor-element-e4d4d9a elementor-widget elementor-widget-spacer\" data-id=\"e4d4d9a\" data-element_type=\"widget\" data-e-type=\"widget\" data-widget_type=\"spacer.default\">\n\t\t\t\t<div class=\"elementor-widget-container\">\n\t\t\t\t\t\t\t<div class=\"elementor-spacer\">\n\t\t\t<div class=\"elementor-spacer-inner\"><\/div>\n\t\t<\/div>\n\t\t\t\t\t\t<\/div>\n\t\t\t\t<\/div>\n\t\t\t\t\t<\/div>\n\t\t<\/div>\n\t\t\t\t\t<\/div>\n\t\t<\/section>\n\t\t\t\t<section class=\"elementor-section elementor-top-section elementor-element elementor-element-716896b elementor-section-boxed elementor-section-height-default elementor-section-height-default\" data-id=\"716896b\" data-element_type=\"section\" data-e-type=\"section\">\n\t\t\t\t\t\t<div class=\"elementor-container elementor-column-gap-default\">\n\t\t\t\t\t<div class=\"elementor-column elementor-col-100 elementor-top-column elementor-element elementor-element-1f3a3f4\" data-id=\"1f3a3f4\" data-element_type=\"column\" data-e-type=\"column\">\n\t\t\t<div class=\"elementor-widget-wrap elementor-element-populated\">\n\t\t\t\t\t\t<div class=\"elementor-element elementor-element-bad43d0 elementor-widget elementor-widget-text-editor\" data-id=\"bad43d0\" data-element_type=\"widget\" data-e-type=\"widget\" data-widget_type=\"text-editor.default\">\n\t\t\t\t<div class=\"elementor-widget-container\">\n\t\t\t\t\t\t\t\t\t<h2>Grafiche personalizzate per furgoni<\/h2><p>E&#8217; fondamentale scegliere dei professionisti per lavori cos\u00ec importanti.<\/p><p>Offriamo esclusivamente pellicole di alta gamma. L&#8217;installazione \u00e8 gestita da nostri esperti in grado di applicare le pellicole\u00a0 nel modo corretto. Chiaramente pellicole di basso livello ed installatori non qualificati potrebbero compromettere la Tua personalizzazione grafica.<\/p><p>Progettiamo la grafica del Tuo mezzo o flotta aziendale, stampiamo in altissima definizione sulle pellicole e installiamo sui mezzi. Il lavoro \u00e8 completo! Chiama ora!<\/p><p>\u00a0<\/p><h2>Grafica furgoni online<\/h2><p>\u00a0<\/p><p>Puoi scegliere come decorare il Tuo furgone, per esempio con allestimento basic, medio o maxi. E&#8217; importante capire il messaggio che si vuole dare, solitamente un messaggio semplice risulter\u00e0 pi\u00f9 efficace. Rendere i messaggi non semplici complicher\u00e0 la comunicazione che si vuole dare.<\/p><p>Chiedi ad un nostro esperto un preventivo gratuito. Sapremo indicarti la migliore soluzione per il tuo veicolo o flotta aziendale.\u00a0<\/p><p>Realizziamo tantissime grafiche in base al messaggio o al branding che si vuole realizzare. Affidati a FM graphic Design!<\/p>\t\t\t\t\t\t\t\t<\/div>\n\t\t\t\t<\/div>\n\t\t\t\t\t<\/div>\n\t\t<\/div>\n\t\t\t\t\t<\/div>\n\t\t<\/section>\n\t\t\t\t<\/div>\n\t\t","protected":false},"excerpt":{"rendered":"<p>Furgoni personalizzati Furgoni Personalizzati &#8211; Adesivi Personalizzati Furgoni Realizziamo allestimenti pubblicitari per furgoni e mezzi aziendali. Utilizziamo pellicole di grande qualit\u00e0, estremamente durevoli e resistenti alle intemperie. applichiamo sul singolo mezzo a Torino e provincia. applichiamo le pellicole, su un minimo di 10 mezzi, anche in Piemonte, Lombardia, Valle d\u2019Aosta e Liguria. Inoltre, installiamo su [&hellip;]<\/p>\n","protected":false},"author":1,"featured_media":8073,"parent":0,"menu_order":0,"comment_status":"closed","ping_status":"closed","template":"","meta":{"footnotes":""},"class_list":["post-9567","page","type-page","status-publish","has-post-thumbnail"],"_links":{"self":[{"href":"https:\/\/fmgraphicdesign.it\/shop\/wp-json\/wp\/v2\/pages\/9567","targetHints":{"allow":["GET"]}}],"collection":[{"href":"https:\/\/fmgraphicdesign.it\/shop\/wp-json\/wp\/v2\/pages"}],"about":[{"href":"https:\/\/fmgraphicdesign.it\/shop\/wp-json\/wp\/v2\/types\/page"}],"author":[{"embeddable":true,"href":"https:\/\/fmgraphicdesign.it\/shop\/wp-json\/wp\/v2\/users\/1"}],"replies":[{"embeddable":true,"href":"https:\/\/fmgraphicdesign.it\/shop\/wp-json\/wp\/v2\/comments?post=9567"}],"version-history":[{"count":15,"href":"https:\/\/fmgraphicdesign.it\/shop\/wp-json\/wp\/v2\/pages\/9567\/revisions"}],"predecessor-version":[{"id":10306,"href":"https:\/\/fmgraphicdesign.it\/shop\/wp-json\/wp\/v2\/pages\/9567\/revisions\/10306"}],"wp:featuredmedia":[{"embeddable":true,"href":"https:\/\/fmgraphicdesign.it\/shop\/wp-json\/wp\/v2\/media\/8073"}],"wp:attachment":[{"href":"https:\/\/fmgraphicdesign.it\/shop\/wp-json\/wp\/v2\/media?parent=9567"}],"curies":[{"name":"wp","href":"https:\/\/api.w.org\/{rel}","templated":true}]}}