{"id":9550,"date":"2023-07-26T12:38:35","date_gmt":"2023-07-26T10:38:35","guid":{"rendered":"https:\/\/fmgraphicdesign.it\/shop\/?page_id=9550"},"modified":"2026-01-16T10:44:52","modified_gmt":"2026-01-16T09:44:52","slug":"adesivi-personalizzati-furgoni","status":"publish","type":"page","link":"https:\/\/fmgraphicdesign.it\/shop\/adesivi-personalizzati-furgoni\/","title":{"rendered":"Adesivi personalizzati furgoni"},"content":{"rendered":"\t\t<div data-elementor-type=\"wp-page\" data-elementor-id=\"9550\" class=\"elementor elementor-9550\">\n\t\t\t\t\t\t<section class=\"elementor-section elementor-top-section elementor-element elementor-element-fb70d19 elementor-section-boxed elementor-section-height-default elementor-section-height-default\" data-id=\"fb70d19\" data-element_type=\"section\" data-e-type=\"section\">\n\t\t\t\t\t\t<div class=\"elementor-container elementor-column-gap-default\">\n\t\t\t\t\t<div class=\"elementor-column elementor-col-100 elementor-top-column elementor-element elementor-element-f037e5c\" data-id=\"f037e5c\" data-element_type=\"column\" data-e-type=\"column\">\n\t\t\t<div class=\"elementor-widget-wrap elementor-element-populated\">\n\t\t\t\t\t\t<div class=\"elementor-element elementor-element-eea9973 elementor-widget elementor-widget-text-editor\" data-id=\"eea9973\" data-element_type=\"widget\" data-e-type=\"widget\" data-widget_type=\"text-editor.default\">\n\t\t\t\t<div class=\"elementor-widget-container\">\n\t\t\t\t\t\t\t\t\t<h1>Adesivi personalizzati furgoni<\/h1>\t\t\t\t\t\t\t\t<\/div>\n\t\t\t\t<\/div>\n\t\t\t\t\t<\/div>\n\t\t<\/div>\n\t\t\t\t\t<\/div>\n\t\t<\/section>\n\t\t\t\t<section class=\"elementor-section elementor-top-section elementor-element elementor-element-337a7f8 elementor-section-boxed elementor-section-height-default elementor-section-height-default\" data-id=\"337a7f8\" data-element_type=\"section\" data-e-type=\"section\">\n\t\t\t\t\t\t<div class=\"elementor-container elementor-column-gap-default\">\n\t\t\t\t\t<div class=\"elementor-column elementor-col-50 elementor-top-column elementor-element elementor-element-8a20f6e\" data-id=\"8a20f6e\" data-element_type=\"column\" data-e-type=\"column\">\n\t\t\t<div class=\"elementor-widget-wrap elementor-element-populated\">\n\t\t\t\t\t\t<div class=\"elementor-element elementor-element-f4ac921 elementor-widget elementor-widget-text-editor\" data-id=\"f4ac921\" data-element_type=\"widget\" data-e-type=\"widget\" data-widget_type=\"text-editor.default\">\n\t\t\t\t<div class=\"elementor-widget-container\">\n\t\t\t\t\t\t\t\t\t<h2>Personalizzazione Furgoni &#8211; Adesivi Personalizzati Furgoni<\/h2>\n<p><em>Decoriamo&nbsp;<\/em>furgoni,&nbsp;<em>veicoli commerciali, mezzi aziendali con<\/em><em> slogan, loghi e scritte<\/em>. Le pellicole che utilizziamo sono di grande qualit\u00e0, durevoli e resistenti nel tempo. <strong>Installiamo sul singolo mezzo a Torino e provincia. Installiamo su un minimo di 10 mezzi anche in Piemonte, Lombardia, Valle d\u2019Aosta e Liguria. Installiamo su un minimo di 15 mezzi anche in Veneto, Friuli, Emilia Romagna e Toscana.&nbsp;<\/strong><\/p>\n<p>Progettiamo insieme al cliente la grafica da applicare sul furgone, affidati alla competenza! Con FM Graphic Design!<\/p>\n<p><\/p>\n<section>\n<div style=\"text-align: center;\">\n<div><center><button><a style=\"color: white;\" href=\"https:\/\/fmgraphicdesign.it\/shop\/prodotto\/allestimento-flotte-aziendali\/\">RICHIEDI UN PREVENTIVO<\/a><\/button><\/center><\/div>\n<\/div>\n<\/section>\t\t\t\t\t\t\t\t<\/div>\n\t\t\t\t<\/div>\n\t\t\t\t\t<\/div>\n\t\t<\/div>\n\t\t\t\t<div class=\"elementor-column elementor-col-50 elementor-top-column elementor-element elementor-element-3518cda\" data-id=\"3518cda\" data-element_type=\"column\" data-e-type=\"column\">\n\t\t\t<div class=\"elementor-widget-wrap elementor-element-populated\">\n\t\t\t\t\t\t<div class=\"elementor-element elementor-element-c933a59 elementor-widget elementor-widget-image\" data-id=\"c933a59\" data-element_type=\"widget\" data-e-type=\"widget\" data-widget_type=\"image.default\">\n\t\t\t\t<div class=\"elementor-widget-container\">\n\t\t\t\t\t\t\t\t\t\t\t\t\t\t\t<img fetchpriority=\"high\" decoding=\"async\" width=\"810\" height=\"810\" src=\"https:\/\/fmgraphicdesign.it\/shop\/wp-content\/uploads\/2021\/09\/71152756_2444547575634491_6596466761837576192_n-1024x1024.jpg\" class=\"attachment-large size-large wp-image-8190\" alt=\"wrapping veicoli aziendali, allestimento veicoli aziendali, allestimento flotta aziendale, car wrapping, allestimento furgoni aziendali, allestimento furgone, Personalizzazione Automezzi, Car Wrapping Professionale Torino\" srcset=\"https:\/\/fmgraphicdesign.it\/shop\/wp-content\/uploads\/2021\/09\/71152756_2444547575634491_6596466761837576192_n-1024x1024.jpg 1024w, https:\/\/fmgraphicdesign.it\/shop\/wp-content\/uploads\/2021\/09\/71152756_2444547575634491_6596466761837576192_n-100x100.jpg 100w, https:\/\/fmgraphicdesign.it\/shop\/wp-content\/uploads\/2021\/09\/71152756_2444547575634491_6596466761837576192_n-600x600.jpg 600w, https:\/\/fmgraphicdesign.it\/shop\/wp-content\/uploads\/2021\/09\/71152756_2444547575634491_6596466761837576192_n-300x300.jpg 300w, https:\/\/fmgraphicdesign.it\/shop\/wp-content\/uploads\/2021\/09\/71152756_2444547575634491_6596466761837576192_n-150x150.jpg 150w, https:\/\/fmgraphicdesign.it\/shop\/wp-content\/uploads\/2021\/09\/71152756_2444547575634491_6596466761837576192_n-768x768.jpg 768w, https:\/\/fmgraphicdesign.it\/shop\/wp-content\/uploads\/2021\/09\/71152756_2444547575634491_6596466761837576192_n-90x90.jpg 90w, https:\/\/fmgraphicdesign.it\/shop\/wp-content\/uploads\/2021\/09\/71152756_2444547575634491_6596466761837576192_n-64x64.jpg 64w, https:\/\/fmgraphicdesign.it\/shop\/wp-content\/uploads\/2021\/09\/71152756_2444547575634491_6596466761837576192_n.jpg 1080w\" sizes=\"(max-width: 810px) 100vw, 810px\" \/>\t\t\t\t\t\t\t\t\t\t\t\t\t\t\t<\/div>\n\t\t\t\t<\/div>\n\t\t\t\t\t<\/div>\n\t\t<\/div>\n\t\t\t\t\t<\/div>\n\t\t<\/section>\n\t\t\t\t<section class=\"elementor-section elementor-top-section elementor-element elementor-element-8d139fd elementor-section-boxed elementor-section-height-default elementor-section-height-default\" data-id=\"8d139fd\" data-element_type=\"section\" data-e-type=\"section\">\n\t\t\t\t\t\t<div class=\"elementor-container elementor-column-gap-default\">\n\t\t\t\t\t<div class=\"elementor-column elementor-col-100 elementor-top-column elementor-element elementor-element-5e734fd\" data-id=\"5e734fd\" data-element_type=\"column\" data-e-type=\"column\">\n\t\t\t<div class=\"elementor-widget-wrap elementor-element-populated\">\n\t\t\t\t\t\t<div class=\"elementor-element elementor-element-07537eb elementor-widget elementor-widget-text-editor\" data-id=\"07537eb\" data-element_type=\"widget\" data-e-type=\"widget\" data-widget_type=\"text-editor.default\">\n\t\t\t\t<div class=\"elementor-widget-container\">\n\t\t\t\t\t\t\t\t\t<p>Cerchi una copertura totale? Guarda i nostri servizi di Car Wrapping<\/p>\t\t\t\t\t\t\t\t<\/div>\n\t\t\t\t<\/div>\n\t\t\t\t\t<\/div>\n\t\t<\/div>\n\t\t\t\t\t<\/div>\n\t\t<\/section>\n\t\t\t\t<section class=\"elementor-section elementor-top-section elementor-element elementor-element-969ad30 elementor-section-boxed elementor-section-height-default elementor-section-height-default\" data-id=\"969ad30\" data-element_type=\"section\" data-e-type=\"section\">\n\t\t\t\t\t\t<div class=\"elementor-container elementor-column-gap-default\">\n\t\t\t\t\t<div class=\"elementor-column elementor-col-50 elementor-top-column elementor-element elementor-element-5c24396\" data-id=\"5c24396\" data-element_type=\"column\" data-e-type=\"column\">\n\t\t\t<div class=\"elementor-widget-wrap elementor-element-populated\">\n\t\t\t\t\t\t<div class=\"elementor-element elementor-element-c29e9b2 elementor-widget elementor-widget-image\" data-id=\"c29e9b2\" data-element_type=\"widget\" data-e-type=\"widget\" data-widget_type=\"image.default\">\n\t\t\t\t<div class=\"elementor-widget-container\">\n\t\t\t\t\t\t\t\t\t\t\t\t\t\t\t<img decoding=\"async\" width=\"577\" height=\"433\" src=\"https:\/\/fmgraphicdesign.it\/shop\/wp-content\/uploads\/2023\/02\/car-wrapping.jpg\" class=\"attachment-large size-large wp-image-9366\" alt=\"Personalizzazione Automezzi, adesivi personalizzati furgoni, furgoni personalizzati, Grafica su Automezzi, Personalizzazione mezzi aziendali\" srcset=\"https:\/\/fmgraphicdesign.it\/shop\/wp-content\/uploads\/2023\/02\/car-wrapping.jpg 577w, https:\/\/fmgraphicdesign.it\/shop\/wp-content\/uploads\/2023\/02\/car-wrapping-300x225.jpg 300w, https:\/\/fmgraphicdesign.it\/shop\/wp-content\/uploads\/2023\/02\/car-wrapping-64x48.jpg 64w, https:\/\/fmgraphicdesign.it\/shop\/wp-content\/uploads\/2023\/02\/car-wrapping-120x90.jpg 120w\" sizes=\"(max-width: 577px) 100vw, 577px\" \/>\t\t\t\t\t\t\t\t\t\t\t\t\t\t\t<\/div>\n\t\t\t\t<\/div>\n\t\t\t\t\t<\/div>\n\t\t<\/div>\n\t\t\t\t<div class=\"elementor-column elementor-col-50 elementor-top-column elementor-element elementor-element-e3e2c60\" data-id=\"e3e2c60\" data-element_type=\"column\" data-e-type=\"column\">\n\t\t\t<div class=\"elementor-widget-wrap elementor-element-populated\">\n\t\t\t\t\t\t<div class=\"elementor-element elementor-element-08849ef elementor-widget elementor-widget-text-editor\" data-id=\"08849ef\" data-element_type=\"widget\" data-e-type=\"widget\" data-widget_type=\"text-editor.default\">\n\t\t\t\t<div class=\"elementor-widget-container\">\n\t\t\t\t\t\t\t\t\t<h1>Grafica su Furgoni<\/h1>\nRealizziamo decorazioni pubblicitarie su flotte aziendali e veicoli commerciali.\n\nLe pellicole che utilizziamo sono durature e molto resistenti agli agenti atmosferici ed ai graffi.\n\nChiama ora, saremo ben lieti di aiutarti nella scelta della migliore personalizzazione del Tuo veicolo!\n\nSiamo specializzati nel decorare furgoni, mezzi aziendali automezzi e veicoli in genere, chiama ora e richiedi un preventivo!\n\n<a href=\"https:\/\/fmgraphicdesign.it\/shop\/2023\/02\/15\/perche-conviene-la-decorazione-pubblicitaria-del-furgone-aziendale\/\">Perch\u00e8 conviene l&#8217;allestimento\u00a0 pubblicitario del furgone aziendale?<\/a>\n\n<a href=\"https:\/\/fmgraphicdesign.it\/shop\/2023\/07\/17\/capire-come-decorare-un-mezzo-aziendale\/\" target=\"_blank\" rel=\"noopener\">COME DECORARE IL TUO VEICOLO AZIENDALE<\/a>\n\nRichiedi subito un preventivo gratuito ad un nostro esperto!\n\n<section id=\"tag_cloud-3\" class=\"widget widget_tag_cloud\">\n<div class=\"container\" style=\"text-align: center;\">\n<div class=\"vertical-center\"><center><button><a style=\"color: white;\" href=\"https:\/\/fmgraphicdesign.it\/shop\/prodotto\/wrapping-furgoni\/\">RICHIEDI UN PREVENTIVO<\/a><\/button><\/center><\/div>\n<\/div>\n<\/section>\t\t\t\t\t\t\t\t<\/div>\n\t\t\t\t<\/div>\n\t\t\t\t\t<\/div>\n\t\t<\/div>\n\t\t\t\t\t<\/div>\n\t\t<\/section>\n\t\t\t\t<section class=\"elementor-section elementor-top-section elementor-element elementor-element-1e2c8dd elementor-section-boxed elementor-section-height-default elementor-section-height-default\" data-id=\"1e2c8dd\" data-element_type=\"section\" data-e-type=\"section\">\n\t\t\t\t\t\t<div class=\"elementor-container elementor-column-gap-default\">\n\t\t\t\t\t<div class=\"elementor-column elementor-col-100 elementor-top-column elementor-element elementor-element-e08520f\" data-id=\"e08520f\" data-element_type=\"column\" data-e-type=\"column\">\n\t\t\t<div class=\"elementor-widget-wrap elementor-element-populated\">\n\t\t\t\t\t\t<div class=\"elementor-element elementor-element-243cc9b elementor-widget elementor-widget-spacer\" data-id=\"243cc9b\" data-element_type=\"widget\" data-e-type=\"widget\" data-widget_type=\"spacer.default\">\n\t\t\t\t<div class=\"elementor-widget-container\">\n\t\t\t\t\t\t\t<div class=\"elementor-spacer\">\n\t\t\t<div class=\"elementor-spacer-inner\"><\/div>\n\t\t<\/div>\n\t\t\t\t\t\t<\/div>\n\t\t\t\t<\/div>\n\t\t\t\t\t<\/div>\n\t\t<\/div>\n\t\t\t\t\t<\/div>\n\t\t<\/section>\n\t\t\t\t<section class=\"elementor-section elementor-top-section elementor-element elementor-element-45d3bec elementor-section-boxed elementor-section-height-default elementor-section-height-default\" data-id=\"45d3bec\" data-element_type=\"section\" data-e-type=\"section\">\n\t\t\t\t\t\t<div class=\"elementor-container elementor-column-gap-default\">\n\t\t\t\t\t<div class=\"elementor-column elementor-col-100 elementor-top-column elementor-element elementor-element-75dbaa6\" data-id=\"75dbaa6\" data-element_type=\"column\" data-e-type=\"column\">\n\t\t\t<div class=\"elementor-widget-wrap elementor-element-populated\">\n\t\t\t\t\t\t<div class=\"elementor-element elementor-element-e4d4d9a elementor-widget elementor-widget-spacer\" data-id=\"e4d4d9a\" data-element_type=\"widget\" data-e-type=\"widget\" data-widget_type=\"spacer.default\">\n\t\t\t\t<div class=\"elementor-widget-container\">\n\t\t\t\t\t\t\t<div class=\"elementor-spacer\">\n\t\t\t<div class=\"elementor-spacer-inner\"><\/div>\n\t\t<\/div>\n\t\t\t\t\t\t<\/div>\n\t\t\t\t<\/div>\n\t\t\t\t\t<\/div>\n\t\t<\/div>\n\t\t\t\t\t<\/div>\n\t\t<\/section>\n\t\t\t\t<section class=\"elementor-section elementor-top-section elementor-element elementor-element-ba6c9db elementor-section-boxed elementor-section-height-default elementor-section-height-default\" data-id=\"ba6c9db\" data-element_type=\"section\" data-e-type=\"section\">\n\t\t\t\t\t\t<div class=\"elementor-container elementor-column-gap-default\">\n\t\t\t\t\t<div class=\"elementor-column elementor-col-100 elementor-top-column elementor-element elementor-element-656bd5b\" data-id=\"656bd5b\" data-element_type=\"column\" data-e-type=\"column\">\n\t\t\t<div class=\"elementor-widget-wrap elementor-element-populated\">\n\t\t\t\t\t\t<div class=\"elementor-element elementor-element-18159e5 elementor-widget elementor-widget-text-editor\" data-id=\"18159e5\" data-element_type=\"widget\" data-e-type=\"widget\" data-widget_type=\"text-editor.default\">\n\t\t\t\t<div class=\"elementor-widget-container\">\n\t\t\t\t\t\t\t\t\t<p>La grafica sui furgoni pu\u00f2 essere di diversi tipi. Il mezzo pu\u00f2 essere rivestito con una grafica di base, una grafica &#8220;media&#8221; oppure con una grafica che copre tutto il mezzo. Chiaramente questo aspetto influisce sui tempi di progettazione, sull&#8217;applicazione e sul costo finale. Non sempre rivestire tutto il mezzo \u00e8 la soluzione migliore. Spesso, infatti, una grafica semplice pu\u00f2 essere pi\u00f9 d&#8217;impatto verso l&#8217;audience prefissata.<\/p>\n<p>Questo \u00e8 il motivo per il quale un&#8217;analisi attenta sul messaggio pubblicitario o di branding unita ai mezzi sul quale applicare la grafica e all&#8217;audience a cui ci rivolge pu\u00f2 portare ad una perfetta realizzazione.&nbsp; Consulta un nostro esperto, sapr\u00e0 indicarti la migliore soluzione tenendo conto di tutti gli aspetti spiegati in precedenza. Chiama FM Graphic Design, professionalit\u00e0 e competenza al Tuo servizio!<\/p>\t\t\t\t\t\t\t\t<\/div>\n\t\t\t\t<\/div>\n\t\t\t\t\t<\/div>\n\t\t<\/div>\n\t\t\t\t\t<\/div>\n\t\t<\/section>\n\t\t\t\t<\/div>\n\t\t","protected":false},"excerpt":{"rendered":"<p>Adesivi personalizzati furgoni Personalizzazione Furgoni &#8211; Adesivi Personalizzati Furgoni Decoriamo&nbsp;furgoni,&nbsp;veicoli commerciali, mezzi aziendali con slogan, loghi e scritte. Le pellicole che utilizziamo sono di grande qualit\u00e0, durevoli e resistenti nel tempo. Installiamo sul singolo mezzo a Torino e provincia. Installiamo su un minimo di 10 mezzi anche in Piemonte, Lombardia, Valle d\u2019Aosta e Liguria. Installiamo [&hellip;]<\/p>\n","protected":false},"author":1,"featured_media":8073,"parent":0,"menu_order":0,"comment_status":"closed","ping_status":"closed","template":"","meta":{"footnotes":""},"class_list":["post-9550","page","type-page","status-publish","has-post-thumbnail"],"_links":{"self":[{"href":"https:\/\/fmgraphicdesign.it\/shop\/wp-json\/wp\/v2\/pages\/9550","targetHints":{"allow":["GET"]}}],"collection":[{"href":"https:\/\/fmgraphicdesign.it\/shop\/wp-json\/wp\/v2\/pages"}],"about":[{"href":"https:\/\/fmgraphicdesign.it\/shop\/wp-json\/wp\/v2\/types\/page"}],"author":[{"embeddable":true,"href":"https:\/\/fmgraphicdesign.it\/shop\/wp-json\/wp\/v2\/users\/1"}],"replies":[{"embeddable":true,"href":"https:\/\/fmgraphicdesign.it\/shop\/wp-json\/wp\/v2\/comments?post=9550"}],"version-history":[{"count":34,"href":"https:\/\/fmgraphicdesign.it\/shop\/wp-json\/wp\/v2\/pages\/9550\/revisions"}],"predecessor-version":[{"id":12321,"href":"https:\/\/fmgraphicdesign.it\/shop\/wp-json\/wp\/v2\/pages\/9550\/revisions\/12321"}],"wp:featuredmedia":[{"embeddable":true,"href":"https:\/\/fmgraphicdesign.it\/shop\/wp-json\/wp\/v2\/media\/8073"}],"wp:attachment":[{"href":"https:\/\/fmgraphicdesign.it\/shop\/wp-json\/wp\/v2\/media?parent=9550"}],"curies":[{"name":"wp","href":"https:\/\/api.w.org\/{rel}","templated":true}]}}