{"id":9531,"date":"2023-07-26T09:54:20","date_gmt":"2023-07-26T07:54:20","guid":{"rendered":"https:\/\/fmgraphicdesign.it\/shop\/?page_id=9531"},"modified":"2026-01-20T10:06:08","modified_gmt":"2026-01-20T09:06:08","slug":"tappeti-ingresso-personalizzati","status":"publish","type":"page","link":"https:\/\/fmgraphicdesign.it\/shop\/tappeti-ingresso-personalizzati\/","title":{"rendered":"Tappeti ingresso personalizzati"},"content":{"rendered":"\t\t<div data-elementor-type=\"wp-page\" data-elementor-id=\"9531\" class=\"elementor elementor-9531\">\n\t\t\t\t\t\t<section class=\"elementor-section elementor-top-section elementor-element elementor-element-55311521 elementor-section-boxed elementor-section-height-default elementor-section-height-default\" data-id=\"55311521\" data-element_type=\"section\" data-e-type=\"section\">\n\t\t\t\t\t\t<div class=\"elementor-container elementor-column-gap-default\">\n\t\t\t\t\t<div class=\"elementor-column elementor-col-100 elementor-top-column elementor-element elementor-element-74e9835f\" data-id=\"74e9835f\" data-element_type=\"column\" data-e-type=\"column\">\n\t\t\t<div class=\"elementor-widget-wrap elementor-element-populated\">\n\t\t\t\t\t\t<div class=\"elementor-element elementor-element-39da129 elementor-widget elementor-widget-text-editor\" data-id=\"39da129\" data-element_type=\"widget\" data-e-type=\"widget\" data-widget_type=\"text-editor.default\">\n\t\t\t\t<div class=\"elementor-widget-container\">\n\t\t\t\t\t\t\t\t\t<a href=\"https:\/\/fmgraphicdesign.it\/shop\/wp-content\/uploads\/2022\/05\/zerbini_int.jpg\"><img fetchpriority=\"high\" decoding=\"async\" class=\"aligncenter wp-image-5115 size-large\" title=\"zerbino con logo\" src=\"https:\/\/fmgraphicdesign.it\/shop\/wp-content\/uploads\/2022\/05\/zerbini_int-1024x512.jpg\" alt=\"\" width=\"810\" height=\"405\" srcset=\"https:\/\/fmgraphicdesign.it\/shop\/wp-content\/uploads\/2022\/05\/zerbini_int-1024x512.jpg 1024w, https:\/\/fmgraphicdesign.it\/shop\/wp-content\/uploads\/2022\/05\/zerbini_int-600x300.jpg 600w, https:\/\/fmgraphicdesign.it\/shop\/wp-content\/uploads\/2022\/05\/zerbini_int-300x150.jpg 300w, https:\/\/fmgraphicdesign.it\/shop\/wp-content\/uploads\/2022\/05\/zerbini_int-768x384.jpg 768w, https:\/\/fmgraphicdesign.it\/shop\/wp-content\/uploads\/2022\/05\/zerbini_int-64x32.jpg 64w, https:\/\/fmgraphicdesign.it\/shop\/wp-content\/uploads\/2022\/05\/zerbini_int-180x90.jpg 180w, https:\/\/fmgraphicdesign.it\/shop\/wp-content\/uploads\/2022\/05\/zerbini_int.jpg 1200w\" sizes=\"(max-width: 810px) 100vw, 810px\" \/><\/a>\n<h2><em>Tappeti ingresso personalizzati, <a href=\"https:\/\/it.wikipedia.org\/wiki\/Polimetilmetacrilato\" target=\"_blank\" rel=\"noopener\">Zerbini<\/a> su Misura<\/em><\/h2>\nRealizziamo zerbini su misura con scritte o logo della Tua azienda. Trattiamo esclusivamente prodotti di alta gamma, i nostri tappeti sono di due tipologie: artigianali e stampati.\n\nGli zerbini artigianali sono in Zermat 135 e sono &#8220;fatti a mano&#8221;. Prodotto Made in Italy per eccellenza. Si tratta di tappeti eccellenti per veicolare messaggi di marketing o branding aziendale.\n\nEssi sono adatti sia per l&#8217;esterno che per l&#8217;interno.\n\nHanno uno spessore di 9-12 mm (tolleranza) e sono garanzia di design e stile. Inoltre vengono garantiti 700\/800 passaggi giornalieri.\n<style>\n    .fm-quote-section {\n        background-color: #fdfaf0;\n        border: 2px solid #d4af37;\n        padding: 40px;\n        border-radius: 15px;\n        margin: 40px 0;\n        font-family: 'Helvetica Neue', Arial, sans-serif;\n        text-align: justify; \/* Testo giustificato come richiesto *\/\n    }\n    .fm-quote-section h2 {\n        color: #1a2433 !important;\n        margin-top: 0;\n        text-align: center;\n        text-transform: uppercase;\n        font-weight: 800;\n        letter-spacing: 1px;\n    }\n    .fm-quote-content {\n        display: flex;\n        flex-wrap: wrap;\n        align-items: center;\n        gap: 30px;\n        margin-top: 20px;\n    }\n    .fm-quote-text {\n        flex: 1;\n        min-width: 300px;\n    }\n    .fm-quote-text p {\n        margin-bottom: 15px;\n        line-height: 1.6;\n        color: #333;\n    }\n    .fm-quote-button-container {\n        flex: 1;\n        text-align: center;\n        min-width: 250px;\n    }\n    .fm-btn-gold {\n        background-color: #1a2433;\n        color: #d4af37 !important;\n        padding: 20px 40px;\n        font-size: 1.2em;\n        font-weight: bold;\n        text-decoration: none;\n        border-radius: 8px;\n        border: 2px solid #d4af37;\n        display: inline-block;\n        transition: all 0.3s ease;\n        text-transform: uppercase;\n    }\n    .fm-btn-gold:hover {\n        background-color: #d4af37;\n        color: #1a2433 !important;\n        box-shadow: 0 5px 15px rgba(212, 175, 55, 0.4);\n    }\n    .fm-badge-list {\n        display: flex;\n        justify-content: center;\n        gap: 20px;\n        margin-top: 25px;\n        font-size: 0.9em;\n        font-weight: bold;\n        color: #1a2433;\n    }\n<\/style>\n\n<div class=\"fm-quote-section\">\n    <h2>Richiedi un Preventivo Personalizzato<\/h2>\n    \n    <div class=\"fm-quote-content\">\n        <div class=\"fm-quote-text\">\n            <p>\n                Siamo pronti ad elaborare la nostra migliore offerta per i tuoi <strong>tappeti ingresso personalizzati<\/strong>. Inviando la tua richiesta, riceverai una consulenza dedicata che include lo studio di fattibilit\u00e0 del logo, la scelta del materiale pi\u00f9 idoneo (intarsio artigianale o stampa digitale) e una quotazione trasparente &#8220;chiavi in mano&#8221;.\n            <\/p>\n            <p>\n                Restiamo a tua completa disposizione per valutare insieme la soluzione tecnica ed estetica migliore per valorizzare il tuo ingresso aziendale o commerciale con un prodotto di alta gamma Made in Italy.\n            <\/p>\n        <\/div>\n\n        <div class=\"fm-quote-button-container\">\n            <a href=\"https:\/\/fmgraphicdesign.it\/shop\/richiesta-informazioni-zerbini\/\" class=\"fm-btn-gold\">\n                Ottieni il tuo Preventivo\n            <\/a>\n            <div class=\"fm-badge-list\">\n                <span>\u2b50 Gratuito<\/span>\n                <span>\u23f1\ufe0f Risposta in 24h<\/span>\n                \n            <\/div>\n        <\/div>\n    <\/div>\n<\/div>\n<h2><em>Tappeti ingresso personalizzati stampati<\/em><\/h2>\nSi tratta di un tappeto stampato in altissima definizione, in Nylon ad alta torsione, con garanzia di 2 anni.\n\nPu\u00f2 avere uno spessore di 7mm, per quello da interno, o di 8mm, per quello da esterno.\n\n&nbsp;\n<p style=\"text-align: center;\"><a href=\"https:\/\/fmgraphicdesign.it\/shop\/wp-content\/uploads\/2021\/07\/slazzer-edit-image.png\"><img decoding=\"async\" class=\"alignnone wp-image-5396 size-medium\" src=\"https:\/\/fmgraphicdesign.it\/shop\/wp-content\/uploads\/2021\/07\/slazzer-edit-image-300x225.png\" alt=\"Zerbini Personalizzati Roma, Zerbino da esterno personalizzato\" width=\"300\" height=\"225\" srcset=\"https:\/\/fmgraphicdesign.it\/shop\/wp-content\/uploads\/2021\/07\/slazzer-edit-image-300x225.png 300w, https:\/\/fmgraphicdesign.it\/shop\/wp-content\/uploads\/2021\/07\/slazzer-edit-image-64x48.png 64w, https:\/\/fmgraphicdesign.it\/shop\/wp-content\/uploads\/2021\/07\/slazzer-edit-image-120x90.png 120w, https:\/\/fmgraphicdesign.it\/shop\/wp-content\/uploads\/2021\/07\/slazzer-edit-image.png 577w\" sizes=\"(max-width: 300px) 100vw, 300px\" \/><\/a><\/p>\n\n<h5><\/h5>\n&nbsp;\n\n&nbsp;\n\n<div class=\"wp-gr rpi wpac\" data-id=\"ChIJByc2x-FsiEcR_op7yvhaLLc\" data-layout=\"list\" data-exec=\"false\" data-options='{&quot;text_size&quot;:&quot;25&quot;,&quot;trans&quot;:{&quot;read more&quot;:&quot;leggi tutto&quot;}}'><svg xmlns=\"http:\/\/www.w3.org\/2000\/svg\" style=\"display:none!important\"><symbol id=\"grw-tripadvisor\" viewBox=\"0 0 713.496 713.496\"><g><circle fill=\"#34E0A1\" cx=\"356.749\" cy=\"356.748\" r=\"356.748\"\/><path d=\"M577.095,287.152l43.049-46.836h-95.465c-47.792-32.646-105.51-51.659-167.931-51.659   c-62.342,0-119.899,19.054-167.612,51.659H93.432l43.049,46.836c-26.387,24.075-42.929,58.754-42.929,97.259   c0,72.665,58.914,131.578,131.579,131.578c34.519,0,65.968-13.313,89.446-35.077l42.172,45.919l42.172-45.879   c23.478,21.764,54.887,35.037,89.406,35.037c72.665,0,131.658-58.913,131.658-131.578   C620.024,345.866,603.483,311.188,577.095,287.152z M225.17,473.458c-49.188,0-89.047-39.859-89.047-89.047   s39.86-89.048,89.047-89.048c49.187,0,89.047,39.86,89.047,89.048S274.357,473.458,225.17,473.458z M356.788,381.82   c0-58.595-42.61-108.898-98.853-130.383c30.413-12.716,63.776-19.771,98.813-19.771s68.439,7.055,98.853,19.771   C399.399,272.962,356.788,323.226,356.788,381.82z M488.367,473.458c-49.188,0-89.048-39.859-89.048-89.047   s39.86-89.048,89.048-89.048s89.047,39.86,89.047,89.048S537.554,473.458,488.367,473.458z M488.367,337.694   c-25.79,0-46.677,20.887-46.677,46.677c0,25.789,20.887,46.676,46.677,46.676c25.789,0,46.676-20.887,46.676-46.676   C535.042,358.621,514.156,337.694,488.367,337.694z M271.846,384.411c0,25.789-20.887,46.676-46.676,46.676   s-46.676-20.887-46.676-46.676c0-25.79,20.887-46.677,46.676-46.677C250.959,337.694,271.846,358.621,271.846,384.411z\"\/><\/g><\/symbol><symbol id=\"grw-google\" viewBox=\"0 0 512 512\"><g fill=\"none\" fill-rule=\"evenodd\"><path d=\"M482.56 261.36c0-16.73-1.5-32.83-4.29-48.27H256v91.29h127.01c-5.47 29.5-22.1 54.49-47.09 71.23v59.21h76.27c44.63-41.09 70.37-101.59 70.37-173.46z\" fill=\"#4285f4\"\/><path d=\"M256 492c63.72 0 117.14-21.13 156.19-57.18l-76.27-59.21c-21.13 14.16-48.17 22.53-79.92 22.53-61.47 0-113.49-41.51-132.05-97.3H45.1v61.15c38.83 77.13 118.64 130.01 210.9 130.01z\" fill=\"#34a853\"\/><path d=\"M123.95 300.84c-4.72-14.16-7.4-29.29-7.4-44.84s2.68-30.68 7.4-44.84V150.01H45.1C29.12 181.87 20 217.92 20 256c0 38.08 9.12 74.13 25.1 105.99l78.85-61.15z\" fill=\"#fbbc05\"\/><path d=\"M256 113.86c34.65 0 65.76 11.91 90.22 35.29l67.69-67.69C373.03 43.39 319.61 20 256 20c-92.25 0-172.07 52.89-210.9 130.01l78.85 61.15c18.56-55.78 70.59-97.3 132.05-97.3z\" fill=\"#ea4335\"\/><path d=\"M20 20h472v472H20V20z\"\/><\/g><\/symbol><\/svg><div class=\"wp-google-list\"><div class=\"grw-header\"><div class=\"grw-header-inner rpi-flx rpi-row12\"><div class=\"grw-img-wrap\"><img loading=\"lazy\" decoding=\"async\" class=\"grw-img\" src=\"https:\/\/fmgraphicdesign.it\/shop\/wp-content\/uploads\/2021\/06\/cropped-Fm-Logo-Sho.png\" loading=\"lazy\" alt=\"FM Graphic Design snc place picture\" width=\"50\" height=\"50\" onerror=\"if(this.src!='data:image\/gif;base64,R0lGODlhAQABAIAAAAAAAP\/\/\/yH5BAEAAAAALAAAAAABAAEAAAIBRAA7')this.src='data:image\/gif;base64,R0lGODlhAQABAIAAAAAAAP\/\/\/yH5BAEAAAAALAAAAAABAAEAAAIBRAA7';\" ><\/div><div class=\"rpi-flx rpi-col8\"><div class=\"wp-google-name\"><a href=\"https:\/\/maps.google.com\/?cid=13199024632511564542\" target=\"_blank\" rel=\"nofollow noopener\">FM Graphic Design snc<\/a><\/div><span class=\"rpi-stars\" style=\"--rating:5.0\">5.0<\/span><div class=\"wp-google-based\">Basato su 60 recensioni<\/div><div class=\"wp-google-powered\">powered by <span><span style=\"color:#3c6df0!important\">G<\/span><span style=\"color:#d93025!important\">o<\/span><span style=\"color:#fb8e28!important\">o<\/span><span style=\"color:#3c6df0!important\">g<\/span><span style=\"color:#188038!important\">l<\/span><span style=\"color:#d93025!important\">e<\/span><\/span><\/div><div class=\"wp-google-wr\"><a href=\"https:\/\/search.google.com\/local\/writereview?placeid=ChIJByc2x-FsiEcR_op7yvhaLLc\" target=\"_blank\" rel=\"nofollow noopener\" onclick=\"return rplg_leave_review_window.call(this)\">lascia una recensione su<svg height=\"16\" width=\"16\" role=\"none\"><use href=\"#grw-google\"><\/use><\/svg><\/a><\/div><\/div><\/div><\/div><\/div><\/div>\n\n<section id=\"tag_cloud-3\" class=\"widget widget_tag_cloud\">\n<div class=\"tagcloud\">\n<h6 style=\"text-align: center;\"><a class=\"tag-cloud-link tag-link-104 tag-link-position-7\" style=\"font-size: 15.179487179487pt; background-color: #2e3c54; color: #ffffff;\" href=\"https:\/\/fmgraphicdesign.it\/shop\/prodotto\/zerbino-personalizzato\/\" aria-label=\"targhe (4 elementi)\">Guarda le tipologie di Tappeti<\/a><\/h6>\n<\/div>\n<\/section>&nbsp;\n\n\n<a href=\"https:\/\/fmgraphicdesign.it\/shop\/wp-content\/uploads\/2022\/05\/zermat_esempio2-1.png\" data-wp-editing=\"1\"><img decoding=\"async\" class=\"aligncenter wp-image-5125 size-medium\" title=\"zerbino con logo\" src=\"https:\/\/fmgraphicdesign.it\/shop\/wp-content\/uploads\/2022\/05\/zermat_esempio2-1-300x225.png\" alt=\"Zerbino da esterno personalizzato, Tappeti ingresso personalizzati\" width=\"300\" height=\"225\" srcset=\"https:\/\/fmgraphicdesign.it\/shop\/wp-content\/uploads\/2022\/05\/zermat_esempio2-1-300x225.png 300w, https:\/\/fmgraphicdesign.it\/shop\/wp-content\/uploads\/2022\/05\/zermat_esempio2-1-600x450.png 600w, https:\/\/fmgraphicdesign.it\/shop\/wp-content\/uploads\/2022\/05\/zermat_esempio2-1-1024x768.png 1024w, https:\/\/fmgraphicdesign.it\/shop\/wp-content\/uploads\/2022\/05\/zermat_esempio2-1-768x576.png 768w, https:\/\/fmgraphicdesign.it\/shop\/wp-content\/uploads\/2022\/05\/zermat_esempio2-1-1536x1152.png 1536w, https:\/\/fmgraphicdesign.it\/shop\/wp-content\/uploads\/2022\/05\/zermat_esempio2-1-1320x990.png 1320w, https:\/\/fmgraphicdesign.it\/shop\/wp-content\/uploads\/2022\/05\/zermat_esempio2-1-64x48.png 64w, https:\/\/fmgraphicdesign.it\/shop\/wp-content\/uploads\/2022\/05\/zermat_esempio2-1-120x90.png 120w, https:\/\/fmgraphicdesign.it\/shop\/wp-content\/uploads\/2022\/05\/zermat_esempio2-1.png 2000w\" sizes=\"(max-width: 300px) 100vw, 300px\" \/><\/a>\n\n&nbsp;\n\n&nbsp;\n\n<section id=\"tag_cloud-3\" class=\"widget widget_tag_cloud\">\n<div class=\"tagcloud\">\n<h6 style=\"text-align: center;\"><a class=\"tag-cloud-link tag-link-104 tag-link-position-7\" style=\"font-size: 15.179487179487pt; background-color: #2e3c54; color: #ffffff;\" href=\"https:\/\/fmgraphicdesign.it\/shop\/richiesta-informazioni-zerbini\" aria-label=\"targhe (4 elementi)\">RICHIEDI UN PREVENTIVO<\/a><\/h6>\n<\/div>\n<\/section>&nbsp;\n\n&nbsp;\n<h2><em>Zerbini personalizzati<\/em><\/h2>\nIl Tuo tappeto pu\u00f2 essere posizionato all&#8217;ingresso dell&#8217;ufficio o all&#8217;entrata di una stanza o sala.\n\nScegli un tappeto di qualit\u00e0 per dare lustro alla Tua immagine!\n\nChiamaci al 3473341114 per ricevere informazioni.\n\n&nbsp;\n\n<em><strong>Il materiale<\/strong><\/em>. Online si trovano numerosissimi tappeti in gomma o in altri materiali a costi molto bassi. Tuttavia, quello che non viene mai detto, \u00e8 che dopo pochi mesi si deteriorano o sbiadiscono come colori. Un tappeto di qualit\u00e0 coster\u00e0 un p\u00f2 di pi\u00f9 ma sar\u00e0 un costo ammortizzato in poco tempo. un tappeto di scarsa qualit\u00e0 ti costringer\u00e0 nell&#8217;arco di qualche mese o di un anno a dover effettuare un nuovo acquisto. Ecco perch\u00e8 questo aspetto non va assolutamente sottovalutato. Spendere poco subito non \u00e8 sinonimo di buon acquisto.\n\n&nbsp;\n<p style=\"text-align: center;\"><a href=\"https:\/\/fmgraphicdesign.it\/shop\/wp-content\/uploads\/2021\/07\/6be3b9aa-dad2-41da-81f9-ece6b7eab2ea_prev_ui.png\"><img loading=\"lazy\" decoding=\"async\" class=\"alignnone size-medium wp-image-6209\" src=\"https:\/\/fmgraphicdesign.it\/shop\/wp-content\/uploads\/2021\/07\/6be3b9aa-dad2-41da-81f9-ece6b7eab2ea_prev_ui-300x225.png\" alt=\"zerbino personalizzato\" width=\"300\" height=\"225\" srcset=\"https:\/\/fmgraphicdesign.it\/shop\/wp-content\/uploads\/2021\/07\/6be3b9aa-dad2-41da-81f9-ece6b7eab2ea_prev_ui-300x225.png 300w, https:\/\/fmgraphicdesign.it\/shop\/wp-content\/uploads\/2021\/07\/6be3b9aa-dad2-41da-81f9-ece6b7eab2ea_prev_ui-64x48.png 64w, https:\/\/fmgraphicdesign.it\/shop\/wp-content\/uploads\/2021\/07\/6be3b9aa-dad2-41da-81f9-ece6b7eab2ea_prev_ui-120x90.png 120w, https:\/\/fmgraphicdesign.it\/shop\/wp-content\/uploads\/2021\/07\/6be3b9aa-dad2-41da-81f9-ece6b7eab2ea_prev_ui.png 577w\" sizes=\"(max-width: 300px) 100vw, 300px\" \/><\/a><\/p>\n\n<h2><\/h2>\n<h2><a href=\"https:\/\/fmgraphicdesign.it\/shop\/prodotto\/zerbino-personalizzato\/\">Zerbini Personalizzati <\/a><\/h2>\n&nbsp;\n\n&nbsp;\n\n&nbsp;\t\t\t\t\t\t\t\t<\/div>\n\t\t\t\t<\/div>\n\t\t\t\t\t<\/div>\n\t\t<\/div>\n\t\t\t\t\t<\/div>\n\t\t<\/section>\n\t\t\t\t<\/div>\n\t\t","protected":false},"excerpt":{"rendered":"<p>Tappeti ingresso personalizzati, Zerbini su Misura Realizziamo zerbini su misura con scritte o logo della Tua azienda. Trattiamo esclusivamente prodotti di alta gamma, i nostri tappeti sono di due tipologie: artigianali e stampati. Gli zerbini artigianali sono in Zermat 135 e sono &#8220;fatti a mano&#8221;. Prodotto Made in Italy per eccellenza. Si tratta di tappeti [&hellip;]<\/p>\n","protected":false},"author":1,"featured_media":5128,"parent":0,"menu_order":0,"comment_status":"closed","ping_status":"closed","template":"elementor_header_footer","meta":{"footnotes":""},"class_list":["post-9531","page","type-page","status-publish","has-post-thumbnail"],"_links":{"self":[{"href":"https:\/\/fmgraphicdesign.it\/shop\/wp-json\/wp\/v2\/pages\/9531","targetHints":{"allow":["GET"]}}],"collection":[{"href":"https:\/\/fmgraphicdesign.it\/shop\/wp-json\/wp\/v2\/pages"}],"about":[{"href":"https:\/\/fmgraphicdesign.it\/shop\/wp-json\/wp\/v2\/types\/page"}],"author":[{"embeddable":true,"href":"https:\/\/fmgraphicdesign.it\/shop\/wp-json\/wp\/v2\/users\/1"}],"replies":[{"embeddable":true,"href":"https:\/\/fmgraphicdesign.it\/shop\/wp-json\/wp\/v2\/comments?post=9531"}],"version-history":[{"count":6,"href":"https:\/\/fmgraphicdesign.it\/shop\/wp-json\/wp\/v2\/pages\/9531\/revisions"}],"predecessor-version":[{"id":12607,"href":"https:\/\/fmgraphicdesign.it\/shop\/wp-json\/wp\/v2\/pages\/9531\/revisions\/12607"}],"wp:featuredmedia":[{"embeddable":true,"href":"https:\/\/fmgraphicdesign.it\/shop\/wp-json\/wp\/v2\/media\/5128"}],"wp:attachment":[{"href":"https:\/\/fmgraphicdesign.it\/shop\/wp-json\/wp\/v2\/media?parent=9531"}],"curies":[{"name":"wp","href":"https:\/\/api.w.org\/{rel}","templated":true}]}}