{"id":759,"date":"2021-06-01T12:22:53","date_gmt":"2021-06-01T10:22:53","guid":{"rendered":"https:\/\/fmgraphicdesign.it\/shop\/?page_id=759"},"modified":"2026-04-16T11:25:55","modified_gmt":"2026-04-16T09:25:55","slug":"condizioni-duso","status":"publish","type":"page","link":"https:\/\/fmgraphicdesign.it\/shop\/condizioni-duso\/","title":{"rendered":"Condizioni d&#8217;Uso"},"content":{"rendered":"\t\t<div data-elementor-type=\"wp-page\" data-elementor-id=\"759\" class=\"elementor elementor-759\">\n\t\t\t\t\t\t<section class=\"elementor-section elementor-top-section elementor-element elementor-element-2c680875 elementor-section-boxed elementor-section-height-default elementor-section-height-default\" data-id=\"2c680875\" data-element_type=\"section\" data-e-type=\"section\">\n\t\t\t\t\t\t<div class=\"elementor-container elementor-column-gap-default\">\n\t\t\t\t\t<div class=\"elementor-column elementor-col-100 elementor-top-column elementor-element elementor-element-523e83c3\" data-id=\"523e83c3\" data-element_type=\"column\" data-e-type=\"column\">\n\t\t\t<div class=\"elementor-widget-wrap elementor-element-populated\">\n\t\t\t\t\t\t<div class=\"elementor-element elementor-element-65d43125 elementor-widget elementor-widget-text-editor\" data-id=\"65d43125\" data-element_type=\"widget\" data-e-type=\"widget\" data-widget_type=\"text-editor.default\">\n\t\t\t\t<div class=\"elementor-widget-container\">\n\t\t\t\t\t\t\t\t\t\n<p>L&#8217;accesso e l&#8217;utilizzo del sito www.fmgraphicdesign.it\/shop (il \u201cSito\u201d) \u00e8 subordinato all\u2019accettazione, da parte dell\u2019utente, delle seguenti condizioni (le \u201cCondizioni\u201d) e alle leggi applicabili. Accedendo e consultando il Sito, l\u2019utente accetta, senza limitazioni o riserve, le Condizioni di seguito specificate. Qualora le Condizioni non siano accettate, l\u2019utente \u00e8 invitato a non utilizzare il Sito.<\/p>\n<p>Il sito \u00e8 di propriet\u00e0 di FM Graphic Design S.n.c. di Fabrizio e Mirko Colangelo (di seguito &#8220;FM Graphic Design&#8221;) con sede in Corso Galileo Ferraris, 80, 10129 &#8211; Torino (TO), Italia, Partita IVA 10904850012.<\/p>\n<p>L\u2019acquisto dei prodotti sul Sito \u00e8 regolato dai Termini e Condizioni di Vendita che verranno sottoposte all\u2019utente in fase di acquisto.<\/p>\n<p>Per qualsiasi richiesta \u00e8 possibile contattare FM Graphic Design ai recapiti indicati nella sezione Contatti del Sito.<\/p>\n<h3>Limitazioni all\u2019uso dei contenuti e delle informazioni pubblicati sul Sito<\/h3>\n<p>Tutte le informazioni e i contenuti pubblicati sul Sito (le \u201cInformazioni\u201d) sono tutelati da diritti d\u2019autore o da altri diritti di propriet\u00e0 intellettuale e, salvo indicazione contraria, non possono essere utilizzati, n\u00e9 totalmente n\u00e9 in parte, n\u00e9 essere copiati, riprodotti, trasferiti, pubblicati e distribuiti in qualsiasi modo senza il preventivo consenso scritto di FM Graphic Design. L\u2019utente potr\u00e0 scaricare e\/o stampare le Informazioni esclusivamente per uso personale e a fini non commerciali. In ogni caso, l\u2019utente non potr\u00e0 distribuire, modificare, trasmettere, riutilizzare, inviare o utilizzare le Informazioni, ivi compresi testi, immagini, contenuti nonch\u00e9 i software eventualmente presenti nel Sito, per scopi pubblicitari o commerciali senza la previa autorizzazione scritta di FM Graphic Design. I marchi, i loghi e qualsiasi altro segno distintivo che compaia sul Sito sono di propriet\u00e0 di FM Graphic Design o dei suoi partner commerciali, e non possono essere utilizzati in alcun modo e forma o con qualsiasi mezzo senza il preventivo consenso scritto di FM Graphic Design. In particolare, la denominazione \u201cFM Graphic Design\u201d cos\u00ec come qualsiasi altro segno distintivo che contenga il marchio \u201cFM Graphic Design\u201d non pu\u00f2 in alcun modo essere utilizzato quale nome di dominio o parte di esso, per siti terzi, senza il preventivo consenso scritto di FM Graphic Design.<\/p>\n<p>Qualora venga riscontrata una qualsiasi violazione di diritti di propriet\u00e0 intellettuale \u00e8 possibile inviare una segnalazione a FM Graphic Design al seguente indirizzo email: info@fmgraphicdesign.it.<\/p>\n<h3>Limitazioni di responsabilit\u00e0<\/h3>\n<p>FM Graphic Design si adoperer\u00e0 per pubblicare Informazioni precise e aggiornate sul Sito. Tuttavia non si fornisce alcuna garanzia che l\u2019uso delle Informazioni non violi diritti di terzi, n\u00e9 che esse siano prive di errori, esatte, complete e aggiornate. In nessun caso FM Graphic Design potr\u00e0 essere in alcun modo responsabile per qualsiasi conseguenza negativa, danno o perdita, derivante o connessa all\u2019uso del Sito o delle Informazioni.<\/p>\n<h3>Siti, link e contenuti di terzi<\/h3>\n<p>FM Graphic Design non pu\u00f2 controllare il contenuto di siti di terzi e di pagine esterne a cui il Sito possa essere in qualche modo collegato, e non assume alcuna responsabilit\u00e0 per i materiali e le informazioni contenute in tali siti rispetto ai quali FM Graphic Design abbia un qualche collegamento dal proprio sito. Il collegamento a pagine esterne al Sito avviene sotto la responsabilit\u00e0 dell\u2019utente. Il collegamento tramite link ad altri siti non implica in alcun modo che FM Graphic Design abbia rapporti di collaborazione o di affiliazione con i terzi titolari di questi siti.<\/p>\n<h3>Informazioni inviate dagli utenti<\/h3>\n<p>Qualsiasi informazione, contenuto o materiale inviato al Sito (compresi i file caricati, dati, domande, commenti, suggerimenti o altro) sar\u00e0 sempre ritenuto confidenziale. L\u2019utente garantisce di tenere indenne FM Graphic Design da qualsiasi azione, richiesta, pretesa, domanda avanzata di terzi in relazione all\u2019utilizzo di tale materiale.<\/p>\n<h3>Registrazione degli utenti<\/h3>\n<p>Ogni utente potr\u00e0 registrarsi sul Sito, inserendo i propri dati nell\u2019apposito form di registrazione, qualora intenda procedere all\u2019acquisto dei prodotti venduti tramite il Sito. L\u2019utente garantisce a FM GRAPHIC DESIGN che le indicazioni fornite per la registrazione sono aggiornate, veritiere e corrette, e si impegna a comunicare ogni variazione dei dati riguardanti la registrazione. La comunicazione deve avvenire modificando il proprio account. Nel caso in cui FM GRAPHIC DESIGN dovesse ritenere che le informazioni non siano corrette, o per una qualunque grave ragione riteneFM GRAPHIC DESIGN proceder\u00e0 a verificarne la partita IVA.<\/p>\n<h3>Limitazioni ulteriori<\/h3>\n<p>\u00c8 consentito il solo collegamento all\u2019home page del Sito da parte di terzi. In nessun caso \u00e8 consentito il cd. &#8220;deep linking&#8221; senza la previa autorizzazione scritta di FM GRAPHIC DESIGN. Non \u00e8 consentito il &#8220;framing&#8221; del Sito o di porzioni dello stesso da parte di terzi ne \u00e8 consentito l\u2019uso di qualsiasi altro mezzo che possa indurre gli utenti a ritenere che il contenuto del Sito sia riconducibile a terzi. \u00c8 inoltre proibita qualsiasi inclusione di porzioni del Sito in siti di terzi estranei a FM GRAPHIC DESIGN. Qualsiasi richiesta di collegamento alla home page del Sito o a qualsiasi sua sezione, pagina o contenuto pu\u00f2 essere inviata al seguente indirizzo: info@fmgraphicdesign.it. FM GRAPHIC DESIGN conceder\u00e0 l\u2019autorizzazione all\u2019attivazione di link al Sito a propria discrezione, a titolo gratuito e in via non esclusiva.<\/p>\n<p>Ultimo aggiornamento 21\/12\/2021.<\/p>\n<p>FM GRAPHIC DESIGN ha facolt\u00e0 di modificare in qualsiasi momento le presenti Condizioni. L\u00b4utente \u00e8 vincolato da tali modifiche e deve pertanto consultare periodicamente questa pagina per verificare il contenuto delle Condizioni alle quali \u00e8 vincolato.<\/p>\n\t\t\t\t\t\t\t\t<\/div>\n\t\t\t\t<\/div>\n\t\t\t\t\t<\/div>\n\t\t<\/div>\n\t\t\t\t\t<\/div>\n\t\t<\/section>\n\t\t\t\t<\/div>\n\t\t","protected":false},"excerpt":{"rendered":"<p>L&#8217;accesso e l&#8217;utilizzo del sito www.fmgraphicdesign.it\/shop (il \u201cSito\u201d) \u00e8 subordinato all\u2019accettazione, da parte dell\u2019utente, delle seguenti condizioni (le \u201cCondizioni\u201d) e alle leggi applicabili. Accedendo e consultando il Sito, l\u2019utente accetta, senza limitazioni o riserve, le Condizioni di seguito specificate. Qualora le Condizioni non siano accettate, l\u2019utente \u00e8 invitato a non utilizzare il Sito. Il sito [&hellip;]<\/p>\n","protected":false},"author":1,"featured_media":0,"parent":0,"menu_order":0,"comment_status":"closed","ping_status":"closed","template":"","meta":{"footnotes":""},"class_list":["post-759","page","type-page","status-publish"],"_links":{"self":[{"href":"https:\/\/fmgraphicdesign.it\/shop\/wp-json\/wp\/v2\/pages\/759","targetHints":{"allow":["GET"]}}],"collection":[{"href":"https:\/\/fmgraphicdesign.it\/shop\/wp-json\/wp\/v2\/pages"}],"about":[{"href":"https:\/\/fmgraphicdesign.it\/shop\/wp-json\/wp\/v2\/types\/page"}],"author":[{"embeddable":true,"href":"https:\/\/fmgraphicdesign.it\/shop\/wp-json\/wp\/v2\/users\/1"}],"replies":[{"embeddable":true,"href":"https:\/\/fmgraphicdesign.it\/shop\/wp-json\/wp\/v2\/comments?post=759"}],"version-history":[{"count":7,"href":"https:\/\/fmgraphicdesign.it\/shop\/wp-json\/wp\/v2\/pages\/759\/revisions"}],"predecessor-version":[{"id":13073,"href":"https:\/\/fmgraphicdesign.it\/shop\/wp-json\/wp\/v2\/pages\/759\/revisions\/13073"}],"wp:attachment":[{"href":"https:\/\/fmgraphicdesign.it\/shop\/wp-json\/wp\/v2\/media?parent=759"}],"curies":[{"name":"wp","href":"https:\/\/api.w.org\/{rel}","templated":true}]}}