{"id":7530,"date":"2023-01-10T17:41:16","date_gmt":"2023-01-10T16:41:16","guid":{"rendered":"https:\/\/fmgraphicdesign.it\/shop\/?page_id=7530"},"modified":"2023-01-11T12:17:48","modified_gmt":"2023-01-11T11:17:48","slug":"targhe-per-uffici","status":"publish","type":"page","link":"https:\/\/fmgraphicdesign.it\/shop\/targhe-per-uffici\/","title":{"rendered":"Targhe per Uffici"},"content":{"rendered":"<p><img fetchpriority=\"high\" decoding=\"async\" class=\"aligncenter wp-image-2430 size-full\" title=\"targhe plexiglass\" src=\"https:\/\/fmgraphicdesign.it\/shop\/wp-content\/uploads\/2021\/10\/fm-graphic-8_v6_prev_ui.png\" alt=\"targhe plexiglass, Targhe da esterno personalizzate, targhette personalizzate\" width=\"360\" height=\"236\" srcset=\"https:\/\/fmgraphicdesign.it\/shop\/wp-content\/uploads\/2021\/10\/fm-graphic-8_v6_prev_ui.png 360w, https:\/\/fmgraphicdesign.it\/shop\/wp-content\/uploads\/2021\/10\/fm-graphic-8_v6_prev_ui-300x197.png 300w, https:\/\/fmgraphicdesign.it\/shop\/wp-content\/uploads\/2021\/10\/fm-graphic-8_v6_prev_ui-137x90.png 137w\" sizes=\"(max-width: 360px) 100vw, 360px\" \/><\/p>\n<h3 style=\"text-align: center;\"><em>Targhe per Uffici Personalizzate<\/em><\/h3>\n<p style=\"text-align: left;\">Realizziamo <em>targhette personalizzate<\/em> per ambienti interni ed esterni. Utilizziamo materiali come mdf, plexiglass, alluminio, forex e molto altro ancora.<\/p>\n<p style=\"text-align: left;\">I nostri prodotti garantiscono un design unico. Vuoi progettare da zero il logo della tua azienda? Creiamo anche loghi e scritte 3d.<\/p>\n<p style=\"text-align: center;\"><div class=\"wp-gr rpi wpac\" data-id=\"ChIJByc2x-FsiEcR_op7yvhaLLc\" data-layout=\"list\" data-exec=\"false\" data-options='{&quot;text_size&quot;:&quot;25&quot;,&quot;trans&quot;:{&quot;read more&quot;:&quot;leggi tutto&quot;}}'><svg xmlns=\"http:\/\/www.w3.org\/2000\/svg\" style=\"display:none!important\"><symbol id=\"grw-tripadvisor\" viewBox=\"0 0 713.496 713.496\"><g><circle fill=\"#34E0A1\" cx=\"356.749\" cy=\"356.748\" r=\"356.748\"\/><path d=\"M577.095,287.152l43.049-46.836h-95.465c-47.792-32.646-105.51-51.659-167.931-51.659   c-62.342,0-119.899,19.054-167.612,51.659H93.432l43.049,46.836c-26.387,24.075-42.929,58.754-42.929,97.259   c0,72.665,58.914,131.578,131.579,131.578c34.519,0,65.968-13.313,89.446-35.077l42.172,45.919l42.172-45.879   c23.478,21.764,54.887,35.037,89.406,35.037c72.665,0,131.658-58.913,131.658-131.578   C620.024,345.866,603.483,311.188,577.095,287.152z M225.17,473.458c-49.188,0-89.047-39.859-89.047-89.047   s39.86-89.048,89.047-89.048c49.187,0,89.047,39.86,89.047,89.048S274.357,473.458,225.17,473.458z M356.788,381.82   c0-58.595-42.61-108.898-98.853-130.383c30.413-12.716,63.776-19.771,98.813-19.771s68.439,7.055,98.853,19.771   C399.399,272.962,356.788,323.226,356.788,381.82z M488.367,473.458c-49.188,0-89.048-39.859-89.048-89.047   s39.86-89.048,89.048-89.048s89.047,39.86,89.047,89.048S537.554,473.458,488.367,473.458z M488.367,337.694   c-25.79,0-46.677,20.887-46.677,46.677c0,25.789,20.887,46.676,46.677,46.676c25.789,0,46.676-20.887,46.676-46.676   C535.042,358.621,514.156,337.694,488.367,337.694z M271.846,384.411c0,25.789-20.887,46.676-46.676,46.676   s-46.676-20.887-46.676-46.676c0-25.79,20.887-46.677,46.676-46.677C250.959,337.694,271.846,358.621,271.846,384.411z\"\/><\/g><\/symbol><symbol id=\"grw-google\" viewBox=\"0 0 512 512\"><g fill=\"none\" fill-rule=\"evenodd\"><path d=\"M482.56 261.36c0-16.73-1.5-32.83-4.29-48.27H256v91.29h127.01c-5.47 29.5-22.1 54.49-47.09 71.23v59.21h76.27c44.63-41.09 70.37-101.59 70.37-173.46z\" fill=\"#4285f4\"\/><path d=\"M256 492c63.72 0 117.14-21.13 156.19-57.18l-76.27-59.21c-21.13 14.16-48.17 22.53-79.92 22.53-61.47 0-113.49-41.51-132.05-97.3H45.1v61.15c38.83 77.13 118.64 130.01 210.9 130.01z\" fill=\"#34a853\"\/><path d=\"M123.95 300.84c-4.72-14.16-7.4-29.29-7.4-44.84s2.68-30.68 7.4-44.84V150.01H45.1C29.12 181.87 20 217.92 20 256c0 38.08 9.12 74.13 25.1 105.99l78.85-61.15z\" fill=\"#fbbc05\"\/><path d=\"M256 113.86c34.65 0 65.76 11.91 90.22 35.29l67.69-67.69C373.03 43.39 319.61 20 256 20c-92.25 0-172.07 52.89-210.9 130.01l78.85 61.15c18.56-55.78 70.59-97.3 132.05-97.3z\" fill=\"#ea4335\"\/><path d=\"M20 20h472v472H20V20z\"\/><\/g><\/symbol><\/svg><div class=\"wp-google-list\"><div class=\"grw-header\"><div class=\"grw-header-inner rpi-flx rpi-row12\"><div class=\"grw-img-wrap\"><img loading=\"lazy\" decoding=\"async\" class=\"grw-img\" src=\"https:\/\/fmgraphicdesign.it\/shop\/wp-content\/uploads\/2021\/06\/cropped-Fm-Logo-Sho.png\" loading=\"lazy\" alt=\"FM Graphic Design snc place picture\" width=\"50\" height=\"50\" onerror=\"if(this.src!='data:image\/gif;base64,R0lGODlhAQABAIAAAAAAAP\/\/\/yH5BAEAAAAALAAAAAABAAEAAAIBRAA7')this.src='data:image\/gif;base64,R0lGODlhAQABAIAAAAAAAP\/\/\/yH5BAEAAAAALAAAAAABAAEAAAIBRAA7';\" ><\/div><div class=\"rpi-flx rpi-col8\"><div class=\"wp-google-name\"><a href=\"https:\/\/maps.google.com\/?cid=13199024632511564542\" target=\"_blank\" rel=\"nofollow noopener\">FM Graphic Design snc<\/a><\/div><span class=\"rpi-stars\" style=\"--rating:5.0\">5.0<\/span><div class=\"wp-google-based\">Basato su 60 recensioni<\/div><div class=\"wp-google-powered\">powered by <span><span style=\"color:#3c6df0!important\">G<\/span><span style=\"color:#d93025!important\">o<\/span><span style=\"color:#fb8e28!important\">o<\/span><span style=\"color:#3c6df0!important\">g<\/span><span style=\"color:#188038!important\">l<\/span><span style=\"color:#d93025!important\">e<\/span><\/span><\/div><div class=\"wp-google-wr\"><a href=\"https:\/\/search.google.com\/local\/writereview?placeid=ChIJByc2x-FsiEcR_op7yvhaLLc\" target=\"_blank\" rel=\"nofollow noopener\" onclick=\"return rplg_leave_review_window.call(this)\">lascia una recensione su<svg height=\"16\" width=\"16\" role=\"none\"><use href=\"#grw-google\"><\/use><\/svg><\/a><\/div><\/div><\/div><\/div><\/div><\/div><\/p>\n<section id=\"tag_cloud-3\" class=\"widget widget_tag_cloud\">\n<div class=\"tagcloud\">\n<h4 style=\"text-align: center;\">Tipologie di Targhe Personalizzate<\/h4>\n<p style=\"text-align: center;\">\n<\/div>\n<\/section>\n<h2 style=\"text-align: center;\"><em>Targhe in <a href=\"https:\/\/it.wikipedia.org\/wiki\/Polimetilmetacrilato\" target=\"_blank\" rel=\"noopener\">Plexiglass<\/a><\/em><\/h2>\n<p style=\"text-align: left;\">Materiali dal design unico e personalizzati con il logo della tua azienda. Chiama o richiedi un preventivo! Scegli la qualit\u00e0 e considera anche la durata della targa personalizzati. Una stampa di qualit\u00e0 come quella diretta uv led rappresenta garanzia di successo!<\/p>\n<p>&nbsp;<\/p>\n<p><img decoding=\"async\" class=\"aligncenter wp-image-2431 size-full\" title=\"targhe plexiglass\" src=\"https:\/\/fmgraphicdesign.it\/shop\/wp-content\/uploads\/2021\/10\/fm-graphic-4_v2_prev_ui.png\" alt=\"Targhe da esterno personalizzate, targhette personalizzate, targhe per uffici\" width=\"612\" height=\"408\" srcset=\"https:\/\/fmgraphicdesign.it\/shop\/wp-content\/uploads\/2021\/10\/fm-graphic-4_v2_prev_ui.png 612w, https:\/\/fmgraphicdesign.it\/shop\/wp-content\/uploads\/2021\/10\/fm-graphic-4_v2_prev_ui-600x400.png 600w, https:\/\/fmgraphicdesign.it\/shop\/wp-content\/uploads\/2021\/10\/fm-graphic-4_v2_prev_ui-300x200.png 300w, https:\/\/fmgraphicdesign.it\/shop\/wp-content\/uploads\/2021\/10\/fm-graphic-4_v2_prev_ui-135x90.png 135w\" sizes=\"(max-width: 612px) 100vw, 612px\" \/><\/p>\n<p>&nbsp;<\/p>\n<section id=\"tag_cloud-3\" class=\"widget widget_tag_cloud\">\n<div class=\"tagcloud\" style=\"text-align: center;\"><a class=\"tag-cloud-link tag-link-101 tag-link-position-1\" style=\"font-size: 11.230769230769pt; background-color: #2e3c54; color: #ffffff;\" href=\"https:\/\/fmgraphicdesign.it\/shop\/contact-form-targhe\/\" aria-label=\"lavagne (2 elementi)\">RICHIEDI UN PREVENTIVO<\/a><\/div>\n<\/section>\n<p>&nbsp;<\/p>\n<p>&nbsp;<\/p>\n<h2 style=\"text-align: center;\">Targhe per Uffici &#8211; Targhette Personalizzate &#8211; Targhe in Plexiglass<\/h2>\n<p style=\"text-align: left;\">Realizziamo targhe per uffici, commercialisti, centri commerciali, avvocati ed altre attivit\u00e0.\u00a0 Inoltre creiamo anche targhe con scritte in rilievo o lettere in 3d. Parliamo di scritte che conferiscono pi\u00f9 un design ed uno stile unico alla targa personalizzata.<\/p>\n<p style=\"text-align: left;\">Un nostro esperto ti fornir\u00e0 supporto per individuare la migliore soluzione.<\/p>\n<p style=\"text-align: left;\">Specificatamente per l&#8217;esterno utilizziamo materiali resistenti agli agenti atmosferici. Realizziamo tutti i tipi di targhe, scritte o loghi. Stampiamo anche grandi quantitativi.<\/p>\n<p style=\"text-align: left;\">Per il taglio utilizziamo un Laser CO2. Le nostre targhe sono adattabili a tutti i tipi di utilizzo.<\/p>\n<p style=\"text-align: center;\"><img decoding=\"async\" class=\"alignnone wp-image-6360 size-medium\" src=\"https:\/\/fmgraphicdesign.it\/shop\/wp-content\/uploads\/2021\/05\/WhatsApp-Image-2022-09-23-at-14.01.11-1_prev_ui-300x225.png\" alt=\"Scritte e Loghi in rilievo con base in mdf e fronte in Plexiglass Opalino, targhe per uffici\" width=\"300\" height=\"225\" srcset=\"https:\/\/fmgraphicdesign.it\/shop\/wp-content\/uploads\/2021\/05\/WhatsApp-Image-2022-09-23-at-14.01.11-1_prev_ui-300x225.png 300w, https:\/\/fmgraphicdesign.it\/shop\/wp-content\/uploads\/2021\/05\/WhatsApp-Image-2022-09-23-at-14.01.11-1_prev_ui.png 577w\" sizes=\"(max-width: 300px) 100vw, 300px\" \/><\/p>\n<h4 style=\"text-align: center;\">Assistenza a 360\u00b0 &#8211; Targhe per uffici personalizzate<\/h4>\n<p style=\"text-align: left;\">Garantiamo assistenza di qualit\u00e0, il nostro obiettivo \u00e8 la soddisfazione dei clienti. Un nostro esperto ti consiglier\u00e0 il materiale migliore ed il tipo di fissaggio. Considera anche che il tuo logo pu\u00f2 essere stampato in diversi modi e su diversi supporti, molto originali. In diversi casi, i clienti, scelgono realizzazioni diverse, pi\u00f9 stilose e di impatto.<\/p>\n<p style=\"text-align: left;\">Ci\u00f2 pu\u00f2 dipendere anche dal tipo di messaggio che si vuole dare. Un nostro esperto ti aiuter\u00e0 nella scelta migliore, contattaci! Richiedi un preventivo gratuito.<\/p>\n<p style=\"text-align: center;\"><a href=\"https:\/\/fmgraphicdesign.it\/shop\/wp-content\/uploads\/2021\/05\/WhatsApp-Image-2022-09-22-at-13.55.14-2_prev_ui_prev_ui.png\"><img loading=\"lazy\" decoding=\"async\" class=\"alignnone size-medium wp-image-6328\" src=\"https:\/\/fmgraphicdesign.it\/shop\/wp-content\/uploads\/2021\/05\/WhatsApp-Image-2022-09-22-at-13.55.14-2_prev_ui_prev_ui-300x225.png\" alt=\"lettere in plexiglass\" width=\"300\" height=\"225\" srcset=\"https:\/\/fmgraphicdesign.it\/shop\/wp-content\/uploads\/2021\/05\/WhatsApp-Image-2022-09-22-at-13.55.14-2_prev_ui_prev_ui-300x225.png 300w, https:\/\/fmgraphicdesign.it\/shop\/wp-content\/uploads\/2021\/05\/WhatsApp-Image-2022-09-22-at-13.55.14-2_prev_ui_prev_ui-64x48.png 64w, https:\/\/fmgraphicdesign.it\/shop\/wp-content\/uploads\/2021\/05\/WhatsApp-Image-2022-09-22-at-13.55.14-2_prev_ui_prev_ui-120x90.png 120w, https:\/\/fmgraphicdesign.it\/shop\/wp-content\/uploads\/2021\/05\/WhatsApp-Image-2022-09-22-at-13.55.14-2_prev_ui_prev_ui.png 577w\" sizes=\"(max-width: 300px) 100vw, 300px\" \/><\/a><\/p>\n<h5 style=\"text-align: center;\"><a href=\"https:\/\/fmgraphicdesign.it\/shop\/categoria-prodotto\/scritte-3d-da-parete\/\">Vai alle Targhe per uffici personalizzate<\/a><\/h5>\n<p>&nbsp;<\/p>\n<p>&nbsp;<\/p>\n<p>&nbsp;<\/p>\n","protected":false},"excerpt":{"rendered":"<p>Targhe per Uffici Personalizzate Realizziamo targhette personalizzate per ambienti interni ed esterni. Utilizziamo materiali come mdf, plexiglass, alluminio, forex e molto altro ancora. I nostri prodotti garantiscono un design unico. Vuoi progettare da zero il logo della tua azienda? Creiamo anche loghi e scritte 3d. Tipologie di Targhe Personalizzate Targhe in Plexiglass Materiali dal design [&hellip;]<\/p>\n","protected":false},"author":1,"featured_media":6587,"parent":0,"menu_order":0,"comment_status":"closed","ping_status":"closed","template":"elementor_header_footer","meta":{"footnotes":""},"class_list":["post-7530","page","type-page","status-publish","has-post-thumbnail"],"_links":{"self":[{"href":"https:\/\/fmgraphicdesign.it\/shop\/wp-json\/wp\/v2\/pages\/7530","targetHints":{"allow":["GET"]}}],"collection":[{"href":"https:\/\/fmgraphicdesign.it\/shop\/wp-json\/wp\/v2\/pages"}],"about":[{"href":"https:\/\/fmgraphicdesign.it\/shop\/wp-json\/wp\/v2\/types\/page"}],"author":[{"embeddable":true,"href":"https:\/\/fmgraphicdesign.it\/shop\/wp-json\/wp\/v2\/users\/1"}],"replies":[{"embeddable":true,"href":"https:\/\/fmgraphicdesign.it\/shop\/wp-json\/wp\/v2\/comments?post=7530"}],"version-history":[{"count":6,"href":"https:\/\/fmgraphicdesign.it\/shop\/wp-json\/wp\/v2\/pages\/7530\/revisions"}],"predecessor-version":[{"id":7544,"href":"https:\/\/fmgraphicdesign.it\/shop\/wp-json\/wp\/v2\/pages\/7530\/revisions\/7544"}],"wp:featuredmedia":[{"embeddable":true,"href":"https:\/\/fmgraphicdesign.it\/shop\/wp-json\/wp\/v2\/media\/6587"}],"wp:attachment":[{"href":"https:\/\/fmgraphicdesign.it\/shop\/wp-json\/wp\/v2\/media?parent=7530"}],"curies":[{"name":"wp","href":"https:\/\/api.w.org\/{rel}","templated":true}]}}