{"id":5834,"date":"2022-08-16T14:23:11","date_gmt":"2022-08-16T12:23:11","guid":{"rendered":"https:\/\/fmgraphicdesign.it\/shop\/?page_id=5834"},"modified":"2026-04-15T20:59:19","modified_gmt":"2026-04-15T18:59:19","slug":"insegne-luminose-a-torino","status":"publish","type":"page","link":"https:\/\/fmgraphicdesign.it\/shop\/insegne-luminose-a-torino\/","title":{"rendered":"Insegne Luminose a Torino"},"content":{"rendered":"\t\t<div data-elementor-type=\"wp-page\" data-elementor-id=\"5834\" class=\"elementor elementor-5834\">\n\t\t\t\t\t\t<section class=\"elementor-section elementor-top-section elementor-element elementor-element-398c52c6 elementor-section-boxed elementor-section-height-default elementor-section-height-default\" data-id=\"398c52c6\" data-element_type=\"section\" data-e-type=\"section\">\n\t\t\t\t\t\t<div class=\"elementor-container elementor-column-gap-default\">\n\t\t\t\t\t<div class=\"elementor-column elementor-col-100 elementor-top-column elementor-element elementor-element-65ff9e59\" data-id=\"65ff9e59\" data-element_type=\"column\" data-e-type=\"column\">\n\t\t\t<div class=\"elementor-widget-wrap elementor-element-populated\">\n\t\t\t\t\t\t<div class=\"elementor-element elementor-element-1dc609cf elementor-widget elementor-widget-text-editor\" data-id=\"1dc609cf\" data-element_type=\"widget\" data-e-type=\"widget\" data-widget_type=\"text-editor.default\">\n\t\t\t\t<div class=\"elementor-widget-container\">\n\t\t\t\t\t\t\t\t\t<div style=\"text-align: center; padding: 40px 0;\"><h1 style=\"color: #2c3e50; font-style: italic; font-weight: bold; margin-top: 20px;\">Insegne Luminose a Torino, Insegne Personalizzate<\/h1><\/div><div style=\"background-color: #f9f9f9; padding: 30px; border-radius: 12px; border-left: 6px solid #3498db; margin-bottom: 40px;\"><p><strong>Insegne Luminose a Torino<\/strong> &#8211; Siamo specializzati nella realizzazione di insegne, pannelli e targhe personalizzate di ogni tipo. Le nostre insegne possono essere di diverse tipologie di materiale, come ad esempio il plexiglass, il forex, l&#8217;alluminio e altri materiali. Realizziamo anche insegne luminose.<\/p><\/div><p><img fetchpriority=\"high\" decoding=\"async\" class=\"size-medium wp-image-1554 aligncenter\" style=\"border-radius: 10px;\" src=\"https:\/\/fmgraphicdesign.it\/shop\/wp-content\/uploads\/2021\/07\/insegne-luminose-300x204.png\" alt=\"insegne personalizzate online, insegne luminose personalizzate a torino, insegne luminose a Torino\" width=\"300\" height=\"204\" data-cmp-info=\"10\" srcset=\"https:\/\/fmgraphicdesign.it\/shop\/wp-content\/uploads\/2021\/07\/insegne-luminose-300x204.png 300w, https:\/\/fmgraphicdesign.it\/shop\/wp-content\/uploads\/2021\/07\/insegne-luminose-132x90.png 132w, https:\/\/fmgraphicdesign.it\/shop\/wp-content\/uploads\/2021\/07\/insegne-luminose.png 500w\" sizes=\"(max-width: 300px) 100vw, 300px\" \/><\/p><div style=\"text-align: center; margin: 50px 0; padding: 20px;\"><p><a style=\"display: inline-block; padding: 20px 45px; background-color: #27ae60; color: #ffffff; font-family: 'Arial', sans-serif; font-size: 22px; font-weight: bold; text-transform: uppercase; text-decoration: none; border-radius: 10px; box-shadow: 0 10px 20px rgba(39, 174, 96, 0.3); transition: all 0.3s ease; border: 2px solid #219150;\" href=\"https:\/\/fmgraphicdesign.it\/contatti\/\"><br \/>\ud83d\udce9 Richiedi un Preventivo Gratuito<br \/><\/a><\/p><p style=\"margin-top: 15px; color: #7f8c8d; font-size: 14px; font-style: italic;\">Rispondiamo solitamente entro 24 ore<\/p><\/div><p><style>\n    \/* Effetto al passaggio del mouse per rendere il tasto interattivo *\/<br \/>    a[href*=\"contatti\"]:hover {<br \/>        background-color: #2ecc71 !important;<br \/>        transform: translateY(-3px);<br \/>        box-shadow: 0 15px 25px rgba(39, 174, 96, 0.4) !important;<br \/>        border-color: #27ae60 !important;<br \/>    }<br \/><\/style><\/p><h2 style=\"color: #2980b9; border-bottom: 1px solid #eee; padding-bottom: 15px; margin-top: 40px;\"><em>Insegne in Plexiglass<\/em><\/h2><p>Scegli se vuoi inserire un logo o una scritta (anche in rilievo), noi ci occuperemo di valorizzare la tua idea e di renderla unica ed elegante.<\/p><div style=\"margin: 40px 0;\"><div class=\"wp-gr rpi wpac\" data-id=\"ChIJByc2x-FsiEcR_op7_vhaLLc\" data-layout=\"list\" data-exec=\"false\" data-options='{&quot;text_size&quot;:&quot;25&quot;,&quot;trans&quot;:{&quot;read more&quot;:&quot;leggi tutto&quot;}}'><svg xmlns=\"http:\/\/www.w3.org\/2000\/svg\" style=\"display:none!important\"><symbol id=\"grw-tripadvisor\" viewBox=\"0 0 713.496 713.496\"><g><circle fill=\"#34E0A1\" cx=\"356.749\" cy=\"356.748\" r=\"356.748\"\/><path d=\"M577.095,287.152l43.049-46.836h-95.465c-47.792-32.646-105.51-51.659-167.931-51.659   c-62.342,0-119.899,19.054-167.612,51.659H93.432l43.049,46.836c-26.387,24.075-42.929,58.754-42.929,97.259   c0,72.665,58.914,131.578,131.579,131.578c34.519,0,65.968-13.313,89.446-35.077l42.172,45.919l42.172-45.879   c23.478,21.764,54.887,35.037,89.406,35.037c72.665,0,131.658-58.913,131.658-131.578   C620.024,345.866,603.483,311.188,577.095,287.152z M225.17,473.458c-49.188,0-89.047-39.859-89.047-89.047   s39.86-89.048,89.047-89.048c49.187,0,89.047,39.86,89.047,89.048S274.357,473.458,225.17,473.458z M356.788,381.82   c0-58.595-42.61-108.898-98.853-130.383c30.413-12.716,63.776-19.771,98.813-19.771s68.439,7.055,98.853,19.771   C399.399,272.962,356.788,323.226,356.788,381.82z M488.367,473.458c-49.188,0-89.048-39.859-89.048-89.047   s39.86-89.048,89.048-89.048s89.047,39.86,89.047,89.048S537.554,473.458,488.367,473.458z M488.367,337.694   c-25.79,0-46.677,20.887-46.677,46.677c0,25.789,20.887,46.676,46.677,46.676c25.789,0,46.676-20.887,46.676-46.676   C535.042,358.621,514.156,337.694,488.367,337.694z M271.846,384.411c0,25.789-20.887,46.676-46.676,46.676   s-46.676-20.887-46.676-46.676c0-25.79,20.887-46.677,46.676-46.677C250.959,337.694,271.846,358.621,271.846,384.411z\"\/><\/g><\/symbol><symbol id=\"grw-google\" viewBox=\"0 0 512 512\"><g fill=\"none\" fill-rule=\"evenodd\"><path d=\"M482.56 261.36c0-16.73-1.5-32.83-4.29-48.27H256v91.29h127.01c-5.47 29.5-22.1 54.49-47.09 71.23v59.21h76.27c44.63-41.09 70.37-101.59 70.37-173.46z\" fill=\"#4285f4\"\/><path d=\"M256 492c63.72 0 117.14-21.13 156.19-57.18l-76.27-59.21c-21.13 14.16-48.17 22.53-79.92 22.53-61.47 0-113.49-41.51-132.05-97.3H45.1v61.15c38.83 77.13 118.64 130.01 210.9 130.01z\" fill=\"#34a853\"\/><path d=\"M123.95 300.84c-4.72-14.16-7.4-29.29-7.4-44.84s2.68-30.68 7.4-44.84V150.01H45.1C29.12 181.87 20 217.92 20 256c0 38.08 9.12 74.13 25.1 105.99l78.85-61.15z\" fill=\"#fbbc05\"\/><path d=\"M256 113.86c34.65 0 65.76 11.91 90.22 35.29l67.69-67.69C373.03 43.39 319.61 20 256 20c-92.25 0-172.07 52.89-210.9 130.01l78.85 61.15c18.56-55.78 70.59-97.3 132.05-97.3z\" fill=\"#ea4335\"\/><path d=\"M20 20h472v472H20V20z\"\/><\/g><\/symbol><\/svg><div class=\"wp-google-list\"><div class=\"grw-header\"><div class=\"grw-header-inner rpi-flx rpi-row12\"><div class=\"grw-img-wrap\"><img loading=\"lazy\" decoding=\"async\" class=\"grw-img\" src=\"\" loading=\"lazy\" alt=\" place picture\" width=\"50\" height=\"50\" onerror=\"if(this.src!='data:image\/gif;base64,R0lGODlhAQABAIAAAAAAAP\/\/\/yH5BAEAAAAALAAAAAABAAEAAAIBRAA7')this.src='data:image\/gif;base64,R0lGODlhAQABAIAAAAAAAP\/\/\/yH5BAEAAAAALAAAAAABAAEAAAIBRAA7';\" ><\/div><div class=\"rpi-flx rpi-col8\"><div class=\"wp-google-name\"><a href=\"\" target=\"_blank\" rel=\"nofollow noopener\"><\/a><\/div><span class=\"rpi-stars\" style=\"--rating:\"><\/span><div class=\"wp-google-powered\">powered by <span><span style=\"color:#3c6df0!important\">G<\/span><span style=\"color:#d93025!important\">o<\/span><span style=\"color:#fb8e28!important\">o<\/span><span style=\"color:#3c6df0!important\">g<\/span><span style=\"color:#188038!important\">l<\/span><span style=\"color:#d93025!important\">e<\/span><\/span><\/div><div class=\"wp-google-wr\"><a href=\"https:\/\/search.google.com\/local\/writereview?placeid=\" target=\"_blank\" rel=\"nofollow noopener\" onclick=\"return rplg_leave_review_window.call(this)\">lascia una recensione su<svg height=\"16\" width=\"16\" role=\"none\"><use href=\"#grw-google\"><\/use><\/svg><\/a><\/div><\/div><\/div><\/div><\/div><\/div><\/div><section style=\"background: #2c3e50; color: white; padding: 40px; border-radius: 20px; text-align: center; margin: 50px 0;\"><div style=\"margin-bottom: 30px;\"><img decoding=\"async\" class=\"alignnone wp-image-8303\" style=\"width: 400px; max-width: 100%; height: auto; border-radius: 10px; border: 4px solid white; box-shadow: 0 8px 8px rgba(0,0,0,0.3);\" src=\"https:\/\/fmgraphicdesign.it\/shop\/wp-content\/uploads\/2023\/03\/Fm-Graphic-Design-Insegne-Led-Torino-3-300x167.jpg\" alt=\"insegne luminose personalizzate\" width=\"300\" height=\"167\" data-cmp-info=\"10\" srcset=\"https:\/\/fmgraphicdesign.it\/shop\/wp-content\/uploads\/2023\/03\/Fm-Graphic-Design-Insegne-Led-Torino-3-300x167.jpg 300w, https:\/\/fmgraphicdesign.it\/shop\/wp-content\/uploads\/2023\/03\/Fm-Graphic-Design-Insegne-Led-Torino-3-162x90.jpg 162w, https:\/\/fmgraphicdesign.it\/shop\/wp-content\/uploads\/2023\/03\/Fm-Graphic-Design-Insegne-Led-Torino-3-64x36.jpg 64w, https:\/\/fmgraphicdesign.it\/shop\/wp-content\/uploads\/2023\/03\/Fm-Graphic-Design-Insegne-Led-Torino-3.jpg 599w\" sizes=\"(max-width: 300px) 100vw, 300px\" \/><br \/>Insegne Luminose Torino<\/div><p><a style=\"display: inline-block; padding: 18px 36px; background-color: #f1c40f; color: #2c3e50; font-weight: bold; text-transform: uppercase; text-decoration: none; border-radius: 50px; font-size: 18px; box-shadow: 0 4px 10px rgba(0,0,0,0.2);\" href=\"https:\/\/fmgraphicdesign.it\/shop\/prodotto\/insegne-personalizzate\/\"><br \/>Guarda le tipologie di insegne<br \/><\/a><\/p><\/section><h2 style=\"color: #2c3e50; margin-top: 50px;\">Insegne luminose a Torino, Produzione insegne Torino<\/h2><p>I nostri materiali sono perfettamente in linea con l&#8217;ambiente, lo stile e lo slogan della tua azienda. Stampiamo su ogni tipo di materiale. Le nostre insegne sono garanzia di qualit\u00e0. I nostri consulenti sapranno consigliarti la migliore soluzione. Riceverai una consulenza a 360\u00b0. Realizziamo insegne luminose Torino.<\/p><p>Realizziamo ogni tipo di insegna personalizzata. Un nostro esperto ti indicher\u00e0 la soluzione ideale per te. Dalla scelta del materiale, alla scelta della tipologia, fino ad arrivare al fissaggio, aspetto decisamente importante. <strong>Fm Graphic Design \u00e8 esperienza e qualit\u00e0.<\/strong><\/p><p style=\"background: #e8f4fd; padding: 20px; border-radius: 8px; font-weight: bold; text-align: center; font-size: 1.1em; margin: 30px 0; border: 1px solid #b3d7f5;\">\u2705 Realizziamo insegne luminose a Torino certificate e complete di pratiche comunali.<\/p><p>Siamo specializzati anche nelle grandi insegne, lavoriamo anche con cestelli mobili ad su grandi altezze. Rivolgiti a FM Graphic Design.<\/p><div style=\"margin: 40px 10%; text-align: center;\"><img decoding=\"async\" width=\"300\" height=\"204\" class=\"wp-image-1549\" style=\"width: 50%; max-width: 50%; height: auto; box-shadow: 0 6px 6px rgba(0,0,0,0.15); border-radius: 8px;\" src=\"https:\/\/fmgraphicdesign.it\/shop\/wp-content\/uploads\/2021\/07\/Fm-Graphic-Design-Insegne-Led-Torino-5-300x204.png\" alt=\"insegne luminose a torino\" data-cmp-info=\"10\" srcset=\"https:\/\/fmgraphicdesign.it\/shop\/wp-content\/uploads\/2021\/07\/Fm-Graphic-Design-Insegne-Led-Torino-5-300x204.png 300w, https:\/\/fmgraphicdesign.it\/shop\/wp-content\/uploads\/2021\/07\/Fm-Graphic-Design-Insegne-Led-Torino-5-132x90.png 132w, https:\/\/fmgraphicdesign.it\/shop\/wp-content\/uploads\/2021\/07\/Fm-Graphic-Design-Insegne-Led-Torino-5.png 500w\" sizes=\"(max-width: 300px) 100vw, 300px\" \/><br \/>Grandi Insegne a Torino<\/div><h3 style=\"color: #2980b9; margin-top: 50px;\">Insegne personalizzate a Torino<\/h3><p>Realizziamo ogni tipo di insegna, ti aiuteremo a scegliere il materiale migliore a seconda dell&#8217;ambiente. Infatti un&#8217;insegna resistente agli agenti atmosferici richiedi certi materiali, viceversa un ambiente interno o comunque riparato richiede materiali differenti. Ecco perch\u00e8 \u00e8 importante rivolgersi a professionisti del settore.<\/p><p>\u00a0<\/p><p><img loading=\"lazy\" decoding=\"async\" class=\"aligncenter wp-image-11223 size-large\" style=\"border-radius: 10px;\" src=\"https:\/\/fmgraphicdesign.it\/shop\/wp-content\/uploads\/2024\/10\/Insegne-1024x825.jpg\" alt=\"insegne personalizzate torino, insegne personalizzate a torino\" width=\"810\" height=\"653\" data-cmp-info=\"10\" srcset=\"https:\/\/fmgraphicdesign.it\/shop\/wp-content\/uploads\/2024\/10\/Insegne-1024x825.jpg 1024w, https:\/\/fmgraphicdesign.it\/shop\/wp-content\/uploads\/2024\/10\/Insegne-600x483.jpg 600w, https:\/\/fmgraphicdesign.it\/shop\/wp-content\/uploads\/2024\/10\/Insegne-300x242.jpg 300w, https:\/\/fmgraphicdesign.it\/shop\/wp-content\/uploads\/2024\/10\/Insegne-768x619.jpg 768w, https:\/\/fmgraphicdesign.it\/shop\/wp-content\/uploads\/2024\/10\/Insegne-1320x1063.jpg 1320w, https:\/\/fmgraphicdesign.it\/shop\/wp-content\/uploads\/2024\/10\/Insegne.jpg 1536w\" sizes=\"(max-width: 810px) 100vw, 810px\" \/><\/p><div style=\"text-align: center; margin: 40px 10%;\">\u00a0<\/div><h3 style=\"text-align: left; color: #2c3e50; margin-top: 50px;\">Creazione di <em>insegne personalizzate Torino<\/em><\/h3><h4 style=\"color: #7f8c8d; margin-bottom: 20px;\">Insegne a Torino<\/h4><p>Insegne a bandiera, insegne bifacciali, insegne scatolate, <em>insegne luminose<\/em> e molto altro ancora. Effettuiamo l\u2019installazione a Torino e provincia. Si tratta di lavori di qualit\u00e0 e molto professionali. Diamo risalto al tuo logo, slogan o scritta su ogni tipo di superficie. E&#8217; importante scegliere materiali di qualit\u00e0 e duraturi nel tempo. <strong>Non guardare solo il prezzo, la qualit\u00e0 \u00e8 molto importante, questo ti permetter\u00e0 di non spendere altri soldi in futuro.<\/strong><\/p><section style=\"background-color: #fff; border: 1px solid #ddd; padding: 35px; border-radius: 15px; margin-top: 50px; box-shadow: 0 5px 15px rgba(0,0,0,0.05);\"><div style=\"text-align: center; margin-bottom: 30px;\"><p><img loading=\"lazy\" decoding=\"async\" class=\"alignnone wp-image-1340 size-medium\" style=\"width: 50%; max-width: 300px; height: auto; border-radius: 8px;\" src=\"https:\/\/fmgraphicdesign.it\/shop\/wp-content\/uploads\/2021\/07\/FM-Foto-Targhe-in-Dibond-3-300x225.png\" alt=\"\" width=\"300\" height=\"225\" data-cmp-info=\"10\" srcset=\"https:\/\/fmgraphicdesign.it\/shop\/wp-content\/uploads\/2021\/07\/FM-Foto-Targhe-in-Dibond-3-300x225.png 300w, https:\/\/fmgraphicdesign.it\/shop\/wp-content\/uploads\/2021\/07\/FM-Foto-Targhe-in-Dibond-3-120x90.png 120w, https:\/\/fmgraphicdesign.it\/shop\/wp-content\/uploads\/2021\/07\/FM-Foto-Targhe-in-Dibond-3.png 400w\" sizes=\"(max-width: 300px) 100vw, 300px\" \/><\/p><p style=\"font-weight: bold; color: #2c3e50; margin-top: 15px; font-size: 1.1em;\">Targhe per Avvocati &#8211; Insegne Luminose &#8211; Insegne Personalizzate di qualit\u00e0<\/p><\/div><p>Realizziamo anche targhe e insegne per studi e avvocati. Contattaci e richiedi un preventivo gratuito. Grazie alle nostra competenza avrai un prodotto di qualit\u00e0 estrema, inoltre utilizziamo macchinari di ultimissima generazione. Realizziamo targhe in alluminio, forex, mdf, plexiglass ed altri materiali. Stampiamo anche grandi quantitativi.<\/p><p>\u2728 <strong>Tecnologia Laser:<\/strong> Utilizziamo macchinari per un taglio laser perfetto. Questo garantisce una targa molto elegante e dal design unico.<\/p><p>Inoltre abbiamo anche targhe con lettere in rilievo per dare ancor pi\u00f9 risalto al tuo logo o brand. Spediamo le targhe di tutti i tipi in tutta Italia. Richiedi un preventivo gratuito o contatta un nostro esperto. Rispondiamo molto velocemente.<\/p><\/section>\t\t\t\t\t\t\t\t<\/div>\n\t\t\t\t<\/div>\n\t\t\t\t\t<\/div>\n\t\t<\/div>\n\t\t\t\t\t<\/div>\n\t\t<\/section>\n\t\t\t\t<\/div>\n\t\t","protected":false},"excerpt":{"rendered":"<p>Insegne Luminose a Torino, Insegne Personalizzate Insegne Luminose a Torino &#8211; Siamo specializzati nella realizzazione di insegne, pannelli e targhe personalizzate di ogni tipo. Le nostre insegne possono essere di diverse tipologie di materiale, come ad esempio il plexiglass, il forex, l&#8217;alluminio e altri materiali. Realizziamo anche insegne luminose. \ud83d\udce9 Richiedi un Preventivo Gratuito Rispondiamo [&hellip;]<\/p>\n","protected":false},"author":1,"featured_media":2366,"parent":0,"menu_order":0,"comment_status":"closed","ping_status":"closed","template":"","meta":{"footnotes":""},"class_list":["post-5834","page","type-page","status-publish","has-post-thumbnail"],"_links":{"self":[{"href":"https:\/\/fmgraphicdesign.it\/shop\/wp-json\/wp\/v2\/pages\/5834","targetHints":{"allow":["GET"]}}],"collection":[{"href":"https:\/\/fmgraphicdesign.it\/shop\/wp-json\/wp\/v2\/pages"}],"about":[{"href":"https:\/\/fmgraphicdesign.it\/shop\/wp-json\/wp\/v2\/types\/page"}],"author":[{"embeddable":true,"href":"https:\/\/fmgraphicdesign.it\/shop\/wp-json\/wp\/v2\/users\/1"}],"replies":[{"embeddable":true,"href":"https:\/\/fmgraphicdesign.it\/shop\/wp-json\/wp\/v2\/comments?post=5834"}],"version-history":[{"count":25,"href":"https:\/\/fmgraphicdesign.it\/shop\/wp-json\/wp\/v2\/pages\/5834\/revisions"}],"predecessor-version":[{"id":13043,"href":"https:\/\/fmgraphicdesign.it\/shop\/wp-json\/wp\/v2\/pages\/5834\/revisions\/13043"}],"wp:featuredmedia":[{"embeddable":true,"href":"https:\/\/fmgraphicdesign.it\/shop\/wp-json\/wp\/v2\/media\/2366"}],"wp:attachment":[{"href":"https:\/\/fmgraphicdesign.it\/shop\/wp-json\/wp\/v2\/media?parent=5834"}],"curies":[{"name":"wp","href":"https:\/\/api.w.org\/{rel}","templated":true}]}}