{"id":3,"date":"2021-04-02T11:03:46","date_gmt":"2021-04-02T09:03:46","guid":{"rendered":"https:\/\/fmgraphicdesign.it\/shop\/?page_id=3"},"modified":"2023-02-20T11:15:58","modified_gmt":"2023-02-20T10:15:58","slug":"privacy_policy","status":"publish","type":"page","link":"https:\/\/fmgraphicdesign.it\/shop\/privacy_policy\/","title":{"rendered":"Privacy policy"},"content":{"rendered":"\r\n<p>La preghiamo di leggere attentamente la nostra Privacy Policy, che si applica in ogni caso in cui Lei acceda al sito web https:\/\/fmgraphicdesign.it\/shop e decida di navigare al suo interno e di utilizzare i suoi servizi.<\/p>\r\n\r\n\r\n\r\n<p>Informativa art. 13 D. Lgs. 196\/2003 \u2013 integrativa delle informative presenti sul sito https:\/\/fmgraphicdesign.it\/shop<\/p>\r\n\r\n\r\n\r\n<p>In osservanza al D.Lgs. 30 giugno 2003 n. 196 (Codice Privacy) e successive variazioni, siamo a fornirLe le dovute informazioni in ordine al trattamento dei dati personali da Lei forniti, in particolare in merito alle finalit\u00e0 e modalit\u00e0 del trattamento dei Suoi dati personali, nonch\u00e9 all&#8217;ambito di comunicazione e diffusione degli stessi, alla natura dei dati in nostro possesso e del loro conferimento.<\/p>\r\n\r\n\r\n\r\n<p>Questo documento intende descrivere accuratamente le modalit\u00e0 di gestione del trattamento dei dati personali degli utenti e visitatori del sito.<\/p>\r\n\r\n\r\n\r\n<p>L&#8217;informativa non \u00e8 da considerarsi valida per altri siti web eventualmente consultabili tramite link presenti sui siti internet a dominio del Titolare, che non \u00e8 da considerarsi in alcun modo responsabile dei siti internet dei terzi. Si tratta di un&#8217;informativa che \u00e8 resa anche ai sensi dell&#8217;art. 13 del d.lgs. n. 196\/2003 &#8211; Codice in materia di protezione dei dati personali. L&#8217;informativa si ispira anche a quanto previsto dal Regolamento UE 2016\/679 entrato in vigore dal 24 maggio 2016, nonch\u00e9 a quanto previsto dalla Direttiva 2002\/58\/CE, come aggiornata dalla Direttiva 2009\/136\/CE, in materia di Cookies e a quanto previsto dal Provvedimento del Garante per la protezione dei dati personali del 8 maggio 2015 denominato<\/p>\r\n\r\n\r\n\r\n<p><strong>Tipologia di dati trattati<\/strong><\/p>\r\n\r\n\r\n\r\n<ol class=\"wp-block-list\" type=\"1\">\r\n<li>Dato personale e identificativo.<\/li>\r\n<\/ol>\r\n\r\n\r\n\r\n<p>Dato personale \u00e8 qualunque informazione relativa a persona fisica, identificata o identificabile, anche indirettamente, mediante riferimento a qualsiasi altra informazione, ivi compreso un numero di identificazione personale; Dati identificativi sono i dati personali che permettono l&#8217;identificazione diretta dell&#8217;interessato (quali a titolo esemplificativo nome, cognome, data di nascita, indirizzo, indirizzo e-mail, numero di telefono, identificativo on-line ecc&#8230;).<\/p>\r\n\r\n\r\n\r\n<p>2. Dato sensibile.<\/p>\r\n\r\n\r\n\r\n<p>Sono i dati personali idonei a rivelare l&#8217;origine razziale ed etnica, le convinzioni religiose, filosofiche o di altro genere, le opinioni politiche, l&#8217;adesione a partiti, sindacati, associazioni od organizzazioni a carattere religioso, filosofico, politico o sindacale, nonch\u00e9 i dati personali idonei a rivelare lo stato di salute e la vita sessuale.<\/p>\r\n\r\n\r\n\r\n<p>3. Dati di navigazione.<\/p>\r\n\r\n\r\n\r\n<p>I sistemi informatici e le procedure software preposte al funzionamento di questo sito web acquisiscono, nel corso del loro normale esercizio, alcuni dati personali la cui trasmissione \u00e8 implicita nell&#8217;uso dei protocolli di comunicazione di Internet.<\/p>\r\n\r\n\r\n\r\n<p>Si tratta di informazioni che non sono raccolte per essere associate a interessati identificati, ma che per loro stessa natura potrebbero, attraverso elaborazioni ed associazioni con dati detenuti da terzi, permettere di identificare gli utenti.<\/p>\r\n\r\n\r\n\r\n<p>In questa categoria di dati rientrano gli indirizzi IP o i nomi a dominio dei computer utilizzati dagli utenti che si connettono al sito, gli indirizzi in notazione URI (Uniform Resource Identifier) delle risorse richieste, l&#8217;orario della richiesta, il metodo utilizzato nel sottoporre la richiesta al server, la dimensione del file ottenuto in risposta, il codice numerico indicante lo stato della risposta data dal server (buon fine, errore, ecc.) ed altri parametri relativi al sistema operativo e all&#8217;ambiente informatico dell&#8217;utente.<\/p>\r\n\r\n\r\n\r\n<p>4. Difesa in giudizio<\/p>\r\n\r\n\r\n\r\n<p>I Dati Personali dell\u2019utente possono essere utilizzati per la difesa da parte del Titolare in giudizio o nelle fasi propedeutiche alla sua eventuale instaurazione, da abusi nell&#8217;utilizzo della stessa o dei servizi connessi da parte dell\u2019utente. I dati potrebbero essere utilizzati per l&#8217;accertamento di responsabilit\u00e0 in caso di ipotetici reati informatici ai danni del sito.<\/p>\r\n\r\n\r\n\r\n<p>5. Manutenzione<\/p>\r\n\r\n\r\n\r\n<p>I Dati Personali dell\u2019utente possono essere trattati con modalit\u00e0 e finalit\u00e0 aggiuntive legate alla manutenzione.<\/p>\r\n\r\n\r\n\r\n<p>6. Dati forniti volontariamente dall&#8217;utente<\/p>\r\n\r\n\r\n\r\n<p>L&#8217;invio facoltativo, esplicito e volontario di posta elettronica agli indirizzi indicati su questo sito e\/o la compilazione di form di raccolta dati, comporta la successiva acquisizione dell&#8217;indirizzo del mittente, necessario per rispondere alle richieste, nonch\u00e9 degli eventuali altri dati personali inseriti.<\/p>\r\n\r\n\r\n\r\n<p>7. Informative specifiche<\/p>\r\n\r\n\r\n\r\n<p>Informative specifiche potrebbero essere presentate nelle pagine del sito in relazione a particolari servizi o trattamenti dei dati forniti dall\u2019utente<\/p>\r\n\r\n\r\n\r\n<p>8.Cookies<\/p>\r\n\r\n\r\n\r\n<p>Per maggiori informazioni sui cookies utilizzati dal presente sito web consulta la Cookie Policy<\/p>\r\n\r\n\r\n\r\n<p>9. Modalit\u00e0 e conservazione dei Suoi dati<\/p>\r\n\r\n\r\n\r\n<p>I trattamenti sui dati personali sono eseguiti con modalit\u00e0 prevalentemente elettroniche e telematiche da Fm Graphic Design S.n.c. di Mirko e Fabrizio Colangelo (di seguito \u201c<strong>FM GRAPHIC DESIGN SHOP<\/strong>\u201d) e da altri soggetti che, opportunamente selezionati quanto ad affidabilit\u00e0 e competenza, svolgono operazioni strumentali al perseguimento delle finalit\u00e0 strettamente connesse all&#8217;uso del sito web e alla fruizione dei servizi di <strong>FM GRAPHIC DESIGN SHOP<\/strong> tramite il suo sito web.<\/p>\r\n\r\n\r\n\r\n<p>I dati saranno conservati per un periodo non superiore agli scopi per i quali i dati sono stati raccolti e successivamente trattati<\/p>\r\n\r\n\r\n\r\n<p>10. Finalit\u00e0 del trattamento dei Suoi dati personali<\/p>\r\n\r\n\r\n\r\n<p>Le specifiche finalit\u00e0 per le quali i dati sono trattati sono riepilogate, di volta in volta, nell\u2019informativa ex art. 13, D. Lgs. 196\/2003, che \u00e8 presentata all\u2019utente quando rilascia dati personali.<\/p>\r\n\r\n\r\n\r\n<p>In linea generale, i dati di natura personale volontariamente forniti saranno oggetto di trattamento per le seguenti finalit\u00e0, fino a Sua opposizione:<\/p>\r\n\r\n\r\n\r\n<p>A)<\/p>\r\n\r\n\r\n\r\n<ul class=\"wp-block-list\">\r\n<li>per la navigazione sul presente sito internet;\r\n<ul>\r\n<li>per la fruizione dei servizi offerti da <strong>FM GRAPHIC DESIGN SHOP<\/strong>;<\/li>\r\n<\/ul>\r\n<ul>\r\n<li>per l\u2019evasione di ordine e le attivit\u00e0 connesse;<\/li>\r\n<\/ul>\r\n<ul>\r\n<li>per la gestione del pagamenti;<\/li>\r\n<\/ul>\r\n<ul>\r\n<li>gestione delle tue richieste: tecniche, di carattere commerciale, sullo stato di avanzamento dei tuoi ordini e richieste di informazioni in senso lato;<\/li>\r\n<\/ul>\r\n<ul>\r\n<li>per l\u2019eventuale compilazione di campi di raccolta dati in aree dedicate;<\/li>\r\n<\/ul>\r\n<ul>\r\n<li>attivit\u00e0 amministrativo-contabili in genere. Ai fini dell&#8217;applicazione delle disposizioni in materia di protezione dei dati personali, i trattamenti effettuati per finalit\u00e0 amministrativo-contabili sono quelli connessi allo svolgimento delle attivit\u00e0 di natura organizzativa, amministrativa, finanziaria e contabile, a prescindere dalla natura dei dati trattati. In particolare, perseguono tali finalit\u00e0 le attivit\u00e0 organizzative interne, quelle funzionali all&#8217;adempimento di obblighi contrattuali e precontrattuali, attivit\u00e0 informativa.<\/li>\r\n<\/ul>\r\n<\/li>\r\n<\/ul>\r\n\r\n\r\n\r\n<p>B)<\/p>\r\n\r\n\r\n\r\n<ol class=\"wp-block-list\">\r\n<li>previo consenso per l\u2019eventuale iscrizione al servizio newsletter di <strong>FM GRAPHIC DESIGN SHOP<\/strong> per ricevere mail promozionali e di comunicazione commerciale da parte di <strong>FM GRAPHIC DESIGN SHOP<\/strong> e\/o per altre attivit\u00e0 di marketing diretto per ricevere mediante mezzi automatizzati e-mail, posta tradizionale o altro mezzo di comunicazione, del materiale informativo promozionale, commerciale e\/o pubblicitario relativo a prodotti e servizi proposti, nonch\u00e9 iniziative commerciali che verranno organizzate da <strong>FM GRAPHIC DESIGN SHOP<\/strong>;<\/li>\r\n<\/ol>\r\n\r\n\r\n\r\n<p>11. Natura facoltativa o obbligatoria del conferimento dei dati<\/p>\r\n\r\n\r\n\r\n<p>A parte quanto specificato per i dati di navigazione, l&#8217;utente \u00e8 libero di fornire i dati personali.<\/p>\r\n\r\n\r\n\r\n<p>Il conferimento dei dati personali per le finalit\u00e0 di cui al punto A) \u00e8 facoltativo ma necessario per fruire dei servizi di volta in volta richiesti al Titolare del trattamento e per perfezionare le specifiche funzionalit\u00e0. Il loro mancato conferimento pu\u00f2 comportare l&#8217;impossibilit\u00e0 di ottenere quanto richiesto o per usufruire dei servizi del Titolare del trattamento.<\/p>\r\n\r\n\r\n\r\n<p>In area contatti o in aree dedicate per la compilazione di form il conferimento dei dati personali nei campi contrassegnati con il simbolo * \u00e8 facoltativo ma necessario per inoltrare la richiesta di contatto, per perfezionare la registrazione o per altre specifiche funzionalit\u00e0 e il mancato conferimento di tali dati pu\u00f2 comportare l&#8217;impossibilit\u00e0 di ottenere quanto richiesto o per usufruire dei servizi del Titolare del trattamento. Il conferimento dei dati personali nei campi non contrassegnati da *, invece, \u00e8 facoltativo e la mancata compilazione di tali campi non ha conseguenze negative in ordine alla fruizione del servizio reso dal Titolare del trattamento.<\/p>\r\n\r\n\r\n\r\n<p>Il consenso al trattamento dei dati per le finalit\u00e0 B) \u2013 ossia per finalit\u00e0 promozionali, di comunicazione commerciale e\/o di marketing in genere da parte di <strong>FM GRAPHIC DESIGN SHOP<\/strong> &#8211; \u00e8 sempre facoltativo. In mancanza il Titolare del trattamento potr\u00e0 comunque fornire i servizi di cui al punto A) e l\u2019utente potr\u00e0 comunque perfezionare le altre funzionalit\u00e0 e fruire dei servizi resi dal Titolare del trattamento \u2013 punto A) (es. inviare richiesta di contatto, fruire degli altri servizi, etc.)<\/p>\r\n\r\n\r\n\r\n<p>12. Soggetti o categorie di soggetti ai quali possono essere comunicati i Suoi dati<\/p>\r\n\r\n\r\n\r\n<p>I Suoi dati saranno comunicati a terzi soltanto con il Suo consenso espresso, salvo i casi in cui la comunicazione sia obbligatoria per legge o sia necessaria per finalit\u00e0 previste dalla legge per il perseguimento delle quali non sia richiesto il consenso dell\u2019interessato; in tali casi, i dati potranno essere resi disponibili a soggetti terzi che li tratteranno in modo autonomo e unicamente per le suddette finalit\u00e0 (ad esempio, nel caso di richiesta avanzata dalle forze di polizia o dalla magistratura o altri enti competenti oppure per eseguire obblighi derivanti dal contratto con te concluso). I suoi dati non saranno in alcun modo diffusi.<\/p>\r\n\r\n\r\n\r\n<p>13. Soggetti che possono trattare i tuoi dati personali<\/p>\r\n\r\n\r\n\r\n<p><strong>FM GRAPHIC DESIGN SHOP<\/strong> ha deciso di avvalersi di soggetti terzi per il trattamento dei Suoi dati personali, per determinate attivit\u00e0. I soggetti terzi che svolgono queste operazioni sono stati adeguatamente selezionati e risultano dotati di esperienza, capacit\u00e0 e affidabilit\u00e0 e offrono idonea garanzia del pieno rispetto delle vigenti disposizioni in materia di trattamento, ivi compreso il profilo della sicurezza dei dati.<\/p>\r\n\r\n\r\n\r\n<p>Tali soggetti terzi sono stati all\u2019uopo nominati &#8220;Responsabili del Trattamento&#8221; e svolgono la loro attivit\u00e0 secondo le istruzioni impartite da <strong>FM GRAPHIC DESIGN SHOP<\/strong> e sotto il suo controllo. Periodicamente verifichiamo che i responsabili abbiano assolto puntualmente i compiti loro affidati e che continuino a prestare idonee garanzie del pieno rispetto delle disposizioni in materia di protezione dei dati personali. L\u2019elenco aggiornato dei Responsabili potr\u00e0 sempre essere richiesto al Titolare del Trattamento.<\/p>\r\n\r\n\r\n\r\n<p>I Suoi dati sono poi trattati dai nostri incaricati preposti ai singoli servizi; le categorie degli addetti che svolgono queste attivit\u00e0 dipendono dalle finalit\u00e0 per le quali sono stati conferiti i dati e sono sempre indicate nell\u2019informativa che Le presentiamo all\u2019atto del rilascio dei Suoi dati personali.<\/p>\r\n\r\n\r\n\r\n<p>La informiamo che il consenso di queste persone non \u00e8 necessario quando i dati di questo soggetto sono comunicati a <strong>FM GRAPHIC DESIGN SHOP<\/strong> per la conclusione del contratto, con <strong>FM GRAPHIC DESIGN SHOP<\/strong> stessa, a favore del terzo.<\/p>\r\n\r\n\r\n\r\n<p>14. Misure di sicurezza<\/p>\r\n\r\n\r\n\r\n<p><strong>FM GRAPHIC DESIGN SHOP<\/strong> adotta misure di sicurezza adeguate al fine di ridurre al minimo i rischi di distruzione o di perdita &#8211; anche accidentale \u2013 dei dati, di accesso non autorizzato o di trattamento non consentito o non conforme alle finalit\u00e0 di raccolta indicate nella nostra Privacy Policy.<\/p>\r\n\r\n\r\n\r\n<p>Tuttavia <strong>FM GRAPHIC DESIGN SHOP<\/strong> non pu\u00f2 garantire ai propri utenti che le misure adottate per la sicurezza del sito e della trasmissione dei dati e delle informazioni sul sito limitino o escludano qualsiasi rischio di accesso non consentito o di dispersione dei dati da parte di dispositivi di pertinenza dell\u2019utente: Le consigliamo di assicurarsi che il Suo computer sia dotato di software adeguati per la protezione della trasmissione in rete di dati, sia in entrata sia in uscita (come sistemi antivirus aggiornati) e che il Suo fornitore di servizi Internet abbia adottato misure idonee per la sicurezza della trasmissione di dati in rete (come ad esempio firewall e filtri antispamming).<\/p>\r\n\r\n\r\n\r\n<p>15. Link ad altri siti web<\/p>\r\n\r\n\r\n\r\n<p>Il nostro sito pu\u00f2 contenere dei link ad altri siti web che possono non avere alcun collegamento con noi.<\/p>\r\n\r\n\r\n\r\n<p><strong>FM GRAPHIC DESIGN SHOP<\/strong> non controlla n\u00e9 compie operazioni di monitoraggio di tali siti web e dei loro contenuti. <strong>FM GRAPHIC DESIGN SHOP<\/strong> non potr\u00e0 essere ritenuta responsabile dei contenuti di questi siti e delle regole da essi adottate, anche con riguardo alla Sua privacy e al trattamento dei Suoi dati personali durante le tue operazioni di navigazione. La preghiamo quindi di prestare attenzione, quando si collega a questi siti, tramite i link presenti sul nostro sito e di leggere attentamente le loro condizioni d&#8217;uso e politiche sulla privacy. La nostra Privacy Policy non si applica ai siti web di terzi. Il nostro sito fornisce dei link a questi siti unicamente per facilitare l&#8217;utente nella ricerca e nella propria navigazione e per agevolare il collegamento ipertestuale su Internet verso altri siti. L&#8217;attivazione dei link non comporta nessuna raccomandazione o segnalazione di <strong>FM GRAPHIC DESIGN SHOP<\/strong> per l&#8217;accesso e la navigazione in questi siti, n\u00e9 alcuna garanzia circa i loro contenuti, i servizi o i beni da questi forniti e venduti agli utenti Internet.<\/p>\r\n\r\n\r\n\r\n<p>16. I diritti degli interessati<\/p>\r\n\r\n\r\n\r\n<p>Lei potr\u00e0 far valere i propri diritti come espressi dall&#8217;art. 7, 8, 9 e 10 del D.Lgs. 30 giugno 2003 n. 196, rivolgendosi al Titolare del trattamento dati, inviando una mail all\u2019indirizzo\u00a0 \u2026<\/p>\r\n\r\n\r\n\r\n<p>Lei ha il diritto, in qualunque momento, di ottenere la conferma dell&#8217;esistenza o meno dei dati e di conoscerne il contenuto e l&#8217;origine, verificarne l&#8217;esattezza o chiederne l&#8217;integrazione o l&#8217;aggiornamento, oppure la rettificazione (articolo 7 del Codice in materia di protezione dei dati personali). Ai sensi del medesimo articolo si ha il diritto di chiedere la cancellazione, la trasformazione in forma anonima o il blocco dei dati trattati in violazione di legge, nonch\u00e9 di opporsi in ogni caso, per motivi legittimi, al loro trattamento.<\/p>\r\n\r\n\r\n\r\n<p>Qualora contatti il titolare \u00e8 pregato di fornire l&#8217;indirizzo di posta elettronica, il nominativo, l&#8217;indirizzo e\/o i numeri di telefono, al fine di permettere la corretta gestione della richiesta.<\/p>\r\n\r\n\r\n\r\n<p>Per garantire che i Suoi dati personali siano sempre esatti, aggiornati, pertinenti e completi, La preghiamo di segnalarci \u2013 all\u2019indirizzo \u2026 ogni modifica intervenuta.<\/p>\r\n\r\n\r\n\r\n<p>17. Social plugins e social networks<\/p>\r\n\r\n\r\n\r\n<p>Le nostre pagine web potrebbero contenere plug-in del social networks (es. Facebook, Twitter, Instagram, ecc.). Se si accede a una delle nostre pagine web dotata di un simile plug-in, il browser internet si collega direttamente ai server del social network e il plug-in viene visualizzato sullo schermo grazie alla connessione con il browser. Se un interessato utente di un social networks visita le nostre pagine web, mentre \u00e8 collegato al proprio account social, i suoi dati personali potrebbero essere associati all\u2019account social. Anche nel caso in cui si utilizzino le funzioni del plug-in, le informazioni saranno associate all\u2019account social. Ulteriori informazioni sulla raccolta e sull\u2019utilizzo dei dati da parte dei social networks in genere, nonch\u00e9 sui diritti e sulle modalit\u00e0 disponibili per proteggere la privacy dell\u2019interessato in tale contesto, sono presenti nelle pagine dei social network dell\u2019account, sulla protezione dei dati. Se l\u2019interessato non desidera associare la visita alle nostre pagine web al proprio account social, deve effettuare il log-off dal social network, prima di visitarle.<\/p>\r\n\r\n\r\n\r\n<p>I Dati Personali sono raccolti per le seguenti finalit\u00e0 ed utilizzando i seguenti servizi: Interazione con social network e piattaforme esterne. Questi servizi permettono di effettuare interazioni con i social networks, o con altre piattaforme esterne. Le interazioni e le informazioni acquisite sono in ogni caso soggette alle impostazioni privacy dell\u2019Utente relative ad ogni social networks. Nel caso in cui sia installato un servizio di interazione con i social networks, \u00e8 possibile che, anche nel caso gli Utenti non utilizzino il servizio, lo stesso raccolga dati di traffico relativi alle pagine in cui \u00e8 installato.<\/p>\r\n\r\n\r\n\r\n<p>18. Contatti<\/p>\r\n\r\n\r\n\r\n<p>Se desidera ricevere maggiori informazioni su come <strong>FM GRAPHIC DESIGN SHOP<\/strong>, tratta i Suoi dati personali, La preghiamo di scrivere un\u2019e-mail all\u2019indirizzo di posta elettronica <strong>info@fmgraphicdesign.it<\/strong><\/p>\r\n\r\n\r\n\r\n<p>Per conoscere i Suoi diritti ed essere sempre aggiornato sulla normativa in materia di tutela delle persone rispetto al trattamento dei dati personali, Le consigliamo di visitare il sito web del Garante per la protezione dei dati personali all&#8217;indirizzo http:\/\/www.garanteprivacy.it<\/p>\r\n\r\n\r\n\r\n<p>19. Legge applicabile<\/p>\r\n\r\n\r\n\r\n<p>Questa Privacy Policy \u00e8 regolata dalla legge italiana e in particolare dal Codice Privacy (D.Lgs. 30 giugno 2003 n. 196) e dagli altri Provvedimenti a carattere generale e Prescrizioni del Garante Privacy che disciplinano il trattamento dei dati personali &#8211; anche detenuti all&#8217;estero &#8211; effettuato da chiunque \u00e8 residente o ha sede in Italia.<\/p>\r\n\r\n\r\n\r\n<p>Il Codice garantisce che il trattamento dei dati personali si svolga nel rispetto dei diritti e delle libert\u00e0 fondamentali, nonch\u00e9 della dignit\u00e0 dell&#8217;interessato, con particolare riferimento alla riservatezza, all&#8217;identit\u00e0 personale e al diritto alla protezione dei dati personali.<\/p>\r\n\r\n\r\n\r\n<p>20. Modifiche e aggiornamenti della presente Privacy Policy<\/p>\r\n\r\n\r\n\r\n<p><strong>FM GRAPHIC DESIGN SHOP<\/strong> potr\u00e0 modificare o semplicemente aggiornare, in tutto o in parte, la Privacy Policy del sito, anche in considerazione della modifica delle norme di legge o di regolamento che disciplinano questa materia e proteggono i Suoi diritti. Le modifiche e gli aggiornamenti della Privacy Policy saranno notificati agli utenti nella Home Page non appena adottati e saranno vincolanti non appena pubblicati sul sito web. La preghiamo pertanto di accedere con regolarit\u00e0 a questa sezione per verificare la pubblicazione della pi\u00f9 recente ed aggiornata Privacy Policy.<\/p>\r\n\r\n\r\n\r\n<p>Scarica la Policy Privacy in formato pdf <a href=\"https:\/\/fmgraphicdesign.it\/shop\/privacy-policy\/\" data-type=\"URL\" data-id=\"https:\/\/fmgraphicdesign.it\/shop\/privacy-policy\/\">qui<\/a><\/p>\r\n","protected":false},"excerpt":{"rendered":"<p>La preghiamo di leggere attentamente la nostra Privacy Policy, che si applica in ogni caso in cui Lei acceda al sito web https:\/\/fmgraphicdesign.it\/shop e decida di navigare al suo interno e di utilizzare i suoi servizi. Informativa art. 13 D. Lgs. 196\/2003 \u2013 integrativa delle informative presenti sul sito https:\/\/fmgraphicdesign.it\/shop In osservanza al D.Lgs. 30 [&hellip;]<\/p>\n","protected":false},"author":1,"featured_media":0,"parent":0,"menu_order":0,"comment_status":"closed","ping_status":"closed","template":"","meta":{"footnotes":""},"class_list":["post-3","page","type-page","status-publish"],"_links":{"self":[{"href":"https:\/\/fmgraphicdesign.it\/shop\/wp-json\/wp\/v2\/pages\/3","targetHints":{"allow":["GET"]}}],"collection":[{"href":"https:\/\/fmgraphicdesign.it\/shop\/wp-json\/wp\/v2\/pages"}],"about":[{"href":"https:\/\/fmgraphicdesign.it\/shop\/wp-json\/wp\/v2\/types\/page"}],"author":[{"embeddable":true,"href":"https:\/\/fmgraphicdesign.it\/shop\/wp-json\/wp\/v2\/users\/1"}],"replies":[{"embeddable":true,"href":"https:\/\/fmgraphicdesign.it\/shop\/wp-json\/wp\/v2\/comments?post=3"}],"version-history":[{"count":8,"href":"https:\/\/fmgraphicdesign.it\/shop\/wp-json\/wp\/v2\/pages\/3\/revisions"}],"predecessor-version":[{"id":8113,"href":"https:\/\/fmgraphicdesign.it\/shop\/wp-json\/wp\/v2\/pages\/3\/revisions\/8113"}],"wp:attachment":[{"href":"https:\/\/fmgraphicdesign.it\/shop\/wp-json\/wp\/v2\/media?parent=3"}],"curies":[{"name":"wp","href":"https:\/\/api.w.org\/{rel}","templated":true}]}}