{"id":2455,"date":"2021-10-25T16:27:10","date_gmt":"2021-10-25T14:27:10","guid":{"rendered":"https:\/\/fmgraphicdesign.it\/shop\/?page_id=2455"},"modified":"2024-05-27T11:48:34","modified_gmt":"2024-05-27T09:48:34","slug":"scritte-personalizzate-adesive","status":"publish","type":"page","link":"https:\/\/fmgraphicdesign.it\/shop\/scritte-personalizzate-adesive\/","title":{"rendered":"Scritte personalizzate adesive"},"content":{"rendered":"\t\t<div data-elementor-type=\"wp-page\" data-elementor-id=\"2455\" class=\"elementor elementor-2455\">\n\t\t\t\t\t\t<section class=\"elementor-section elementor-top-section elementor-element elementor-element-bd73be2 elementor-section-boxed elementor-section-height-default elementor-section-height-default\" data-id=\"bd73be2\" data-element_type=\"section\" data-e-type=\"section\">\n\t\t\t\t\t\t<div class=\"elementor-container elementor-column-gap-default\">\n\t\t\t\t\t<div class=\"elementor-column elementor-col-100 elementor-top-column elementor-element elementor-element-75c8a1e\" data-id=\"75c8a1e\" data-element_type=\"column\" data-e-type=\"column\">\n\t\t\t<div class=\"elementor-widget-wrap elementor-element-populated\">\n\t\t\t\t\t\t<div class=\"elementor-element elementor-element-fa90dca elementor-widget elementor-widget-text-editor\" data-id=\"fa90dca\" data-element_type=\"widget\" data-e-type=\"widget\" data-widget_type=\"text-editor.default\">\n\t\t\t\t<div class=\"elementor-widget-container\">\n\t\t\t\t\t\t\t\t\t<h2><em><a href=\"https:\/\/fmgraphicdesign.it\/shop\/categoria-prodotto\/scritte-3d-da-parete\/\">Scritte personalizzate<\/a>&nbsp;adesive, Lettere Personalizzate<\/em><\/h2><p>Realizziamo scritte personalizzate adesive e lettere personalizzate in&nbsp;<a href=\"https:\/\/it.wikipedia.org\/wiki\/Polimetilmetacrilato\" target=\"_blank\" rel=\"noopener\">plexiglass<\/a>, mdf, mdf stampato.<\/p><p>La ricerca di nuove soluzioni ci induce a provare e trovare il cambiamento rispetto alle classiche lettere adesive 3d da parete.<\/p><p>Realizza il tuo logo, pu\u00f2 essere sagomato, tondo, una scritta! Scegli il meglio!<\/p><p><h3><a href=\"https:\/\/fmgraphicdesign.it\/shop\/wp-content\/uploads\/2021\/05\/WhatsApp-Image-2022-07-15-at-14.12.25_prev_ui_prev_ui.png\"><\/a><\/h3><\/p><p style=\"box-sizing: border-box; margin: 0px 0px 15px; font-family: Barlow, sans-serif; font-weight: 400; font-size: 18px; line-height: 28px; color: rgb(95, 95, 95); font-style: normal; font-variant-ligatures: normal; font-variant-caps: normal; letter-spacing: normal; orphans: 2; text-align: start; text-indent: 0px; text-transform: none; widows: 2; word-spacing: 0px; -webkit-text-stroke-width: 0px; white-space: normal; background-color: rgb(255, 255, 255); text-decoration-thickness: initial; text-decoration-style: initial; text-decoration-color: initial;\">Le lettere in rilievo in plexiglass specchiato hanno una base di legno MDF di spessore pari a 8 mm,&nbsp; sono ricoperte da una strato di plexiglass specchiato di spessore pari a 3 mm.<\/p>\t\t\t\t\t\t\t\t<\/div>\n\t\t\t\t<\/div>\n\t\t\t\t\t<\/div>\n\t\t<\/div>\n\t\t\t\t\t<\/div>\n\t\t<\/section>\n\t\t\t\t<section class=\"elementor-section elementor-top-section elementor-element elementor-element-385c582 elementor-section-boxed elementor-section-height-default elementor-section-height-default\" data-id=\"385c582\" data-element_type=\"section\" data-e-type=\"section\">\n\t\t\t\t\t\t<div class=\"elementor-container elementor-column-gap-default\">\n\t\t\t\t\t<div class=\"elementor-column elementor-col-100 elementor-top-column elementor-element elementor-element-bee232f\" data-id=\"bee232f\" data-element_type=\"column\" data-e-type=\"column\">\n\t\t\t<div class=\"elementor-widget-wrap elementor-element-populated\">\n\t\t\t\t\t\t<div class=\"elementor-element elementor-element-bf52e82 elementor-widget elementor-widget-text-editor\" data-id=\"bf52e82\" data-element_type=\"widget\" data-e-type=\"widget\" data-widget_type=\"text-editor.default\">\n\t\t\t\t<div class=\"elementor-widget-container\">\n\t\t\t\t\t\t\t\t\t<h3><a href=\"https:\/\/fmgraphicdesign.it\/shop\/wp-content\/uploads\/2023\/03\/42c289fe-c556-475a-b5ad-9b4f085c613e_prev_ui.png\"><img fetchpriority=\"high\" decoding=\"async\" class=\"wp-image-8514 size-medium aligncenter\" title=\"scritte personalizzate adesive\" src=\"https:\/\/fmgraphicdesign.it\/shop\/wp-content\/uploads\/2023\/03\/42c289fe-c556-475a-b5ad-9b4f085c613e_prev_ui-300x225.png\" alt=\"scritte 3d, targa personalizzata online, scritte 3d in legno personalizzate\" width=\"300\" height=\"225\" srcset=\"https:\/\/fmgraphicdesign.it\/shop\/wp-content\/uploads\/2023\/03\/42c289fe-c556-475a-b5ad-9b4f085c613e_prev_ui-300x225.png 300w, https:\/\/fmgraphicdesign.it\/shop\/wp-content\/uploads\/2023\/03\/42c289fe-c556-475a-b5ad-9b4f085c613e_prev_ui-120x90.png 120w, https:\/\/fmgraphicdesign.it\/shop\/wp-content\/uploads\/2023\/03\/42c289fe-c556-475a-b5ad-9b4f085c613e_prev_ui-64x48.png 64w, https:\/\/fmgraphicdesign.it\/shop\/wp-content\/uploads\/2023\/03\/42c289fe-c556-475a-b5ad-9b4f085c613e_prev_ui.png 577w\" sizes=\"(max-width: 300px) 100vw, 300px\" \/><\/a><\/h3><section id=\"tag_cloud-3\" class=\"widget widget_tag_cloud\"><div class=\"tagcloud\" style=\"text-align: center;\"><a class=\"tag-cloud-link tag-link-104 tag-link-position-7\" style=\"font-size: 15.179487179487pt; background-color: #2e3c54; color: #ffffff;\" href=\"https:\/\/fmgraphicdesign.it\/shop\/richiesta-informazioni-scritte-in-rilievo\/\" aria-label=\"targhe (4 elementi)\">RICHIEDI UN PREVENTIVO<\/a><\/div><\/section>\t\t\t\t\t\t\t\t<\/div>\n\t\t\t\t<\/div>\n\t\t\t\t\t<\/div>\n\t\t<\/div>\n\t\t\t\t\t<\/div>\n\t\t<\/section>\n\t\t\t\t<section class=\"elementor-section elementor-top-section elementor-element elementor-element-1970dd0 elementor-section-boxed elementor-section-height-default elementor-section-height-default\" data-id=\"1970dd0\" data-element_type=\"section\" data-e-type=\"section\">\n\t\t\t\t\t\t<div class=\"elementor-container elementor-column-gap-default\">\n\t\t\t\t\t<div class=\"elementor-column elementor-col-100 elementor-top-column elementor-element elementor-element-e0ae608\" data-id=\"e0ae608\" data-element_type=\"column\" data-e-type=\"column\">\n\t\t\t<div class=\"elementor-widget-wrap elementor-element-populated\">\n\t\t\t\t\t\t<div class=\"elementor-element elementor-element-70d90aa elementor-widget elementor-widget-text-editor\" data-id=\"70d90aa\" data-element_type=\"widget\" data-e-type=\"widget\" data-widget_type=\"text-editor.default\">\n\t\t\t\t<div class=\"elementor-widget-container\">\n\t\t\t\t\t\t\t\t\t<h2>Scritte in rilievo in Plexiglass Specchiato &#8211; Scritte 3d personalizzate<\/h2><p>Si tratta di un prodotto unico e di facile applicazione a parete grazie allo strato di biadesivo sul retro. Inoltre \u00e8 perfettamente sagomato per mezzo del taglio Laser CO2.<br \/>Grazie alle scritte personalizzate adesive darai un tocco di design al tuo ambiente.<\/p><p>Inoltre si tratta di una soluzione molto elegante e dal design unico. Sia per la casa che l&#8217;ufficio, si tratta di materiali duraturi e di qualit\u00e0.<\/p><p><div class=\"wp-gr rpi wpac\" data-id=\"ChIJByc2x-FsiEcR_op7yvhaLLc\" data-layout=\"list\" data-exec=\"false\" data-options='{&quot;text_size&quot;:&quot;25&quot;,&quot;trans&quot;:{&quot;read more&quot;:&quot;leggi tutto&quot;}}'><svg xmlns=\"http:\/\/www.w3.org\/2000\/svg\" style=\"display:none!important\"><symbol id=\"grw-tripadvisor\" viewBox=\"0 0 713.496 713.496\"><g><circle fill=\"#34E0A1\" cx=\"356.749\" cy=\"356.748\" r=\"356.748\"\/><path d=\"M577.095,287.152l43.049-46.836h-95.465c-47.792-32.646-105.51-51.659-167.931-51.659   c-62.342,0-119.899,19.054-167.612,51.659H93.432l43.049,46.836c-26.387,24.075-42.929,58.754-42.929,97.259   c0,72.665,58.914,131.578,131.579,131.578c34.519,0,65.968-13.313,89.446-35.077l42.172,45.919l42.172-45.879   c23.478,21.764,54.887,35.037,89.406,35.037c72.665,0,131.658-58.913,131.658-131.578   C620.024,345.866,603.483,311.188,577.095,287.152z M225.17,473.458c-49.188,0-89.047-39.859-89.047-89.047   s39.86-89.048,89.047-89.048c49.187,0,89.047,39.86,89.047,89.048S274.357,473.458,225.17,473.458z M356.788,381.82   c0-58.595-42.61-108.898-98.853-130.383c30.413-12.716,63.776-19.771,98.813-19.771s68.439,7.055,98.853,19.771   C399.399,272.962,356.788,323.226,356.788,381.82z M488.367,473.458c-49.188,0-89.048-39.859-89.048-89.047   s39.86-89.048,89.048-89.048s89.047,39.86,89.047,89.048S537.554,473.458,488.367,473.458z M488.367,337.694   c-25.79,0-46.677,20.887-46.677,46.677c0,25.789,20.887,46.676,46.677,46.676c25.789,0,46.676-20.887,46.676-46.676   C535.042,358.621,514.156,337.694,488.367,337.694z M271.846,384.411c0,25.789-20.887,46.676-46.676,46.676   s-46.676-20.887-46.676-46.676c0-25.79,20.887-46.677,46.676-46.677C250.959,337.694,271.846,358.621,271.846,384.411z\"\/><\/g><\/symbol><symbol id=\"grw-google\" viewBox=\"0 0 512 512\"><g fill=\"none\" fill-rule=\"evenodd\"><path d=\"M482.56 261.36c0-16.73-1.5-32.83-4.29-48.27H256v91.29h127.01c-5.47 29.5-22.1 54.49-47.09 71.23v59.21h76.27c44.63-41.09 70.37-101.59 70.37-173.46z\" fill=\"#4285f4\"\/><path d=\"M256 492c63.72 0 117.14-21.13 156.19-57.18l-76.27-59.21c-21.13 14.16-48.17 22.53-79.92 22.53-61.47 0-113.49-41.51-132.05-97.3H45.1v61.15c38.83 77.13 118.64 130.01 210.9 130.01z\" fill=\"#34a853\"\/><path d=\"M123.95 300.84c-4.72-14.16-7.4-29.29-7.4-44.84s2.68-30.68 7.4-44.84V150.01H45.1C29.12 181.87 20 217.92 20 256c0 38.08 9.12 74.13 25.1 105.99l78.85-61.15z\" fill=\"#fbbc05\"\/><path d=\"M256 113.86c34.65 0 65.76 11.91 90.22 35.29l67.69-67.69C373.03 43.39 319.61 20 256 20c-92.25 0-172.07 52.89-210.9 130.01l78.85 61.15c18.56-55.78 70.59-97.3 132.05-97.3z\" fill=\"#ea4335\"\/><path d=\"M20 20h472v472H20V20z\"\/><\/g><\/symbol><\/svg><div class=\"wp-google-list\"><div class=\"grw-header\"><div class=\"grw-header-inner rpi-flx rpi-row12\"><div class=\"grw-img-wrap\"><img loading=\"lazy\" decoding=\"async\" class=\"grw-img\" src=\"https:\/\/fmgraphicdesign.it\/shop\/wp-content\/uploads\/2021\/06\/cropped-Fm-Logo-Sho.png\" loading=\"lazy\" alt=\"FM Graphic Design snc place picture\" width=\"50\" height=\"50\" onerror=\"if(this.src!='data:image\/gif;base64,R0lGODlhAQABAIAAAAAAAP\/\/\/yH5BAEAAAAALAAAAAABAAEAAAIBRAA7')this.src='data:image\/gif;base64,R0lGODlhAQABAIAAAAAAAP\/\/\/yH5BAEAAAAALAAAAAABAAEAAAIBRAA7';\" ><\/div><div class=\"rpi-flx rpi-col8\"><div class=\"wp-google-name\"><a href=\"https:\/\/maps.google.com\/?cid=13199024632511564542\" target=\"_blank\" rel=\"nofollow noopener\">FM Graphic Design snc<\/a><\/div><span class=\"rpi-stars\" style=\"--rating:5.0\">5.0<\/span><div class=\"wp-google-based\">Basato su 60 recensioni<\/div><div class=\"wp-google-powered\">powered by <span><span style=\"color:#3c6df0!important\">G<\/span><span style=\"color:#d93025!important\">o<\/span><span style=\"color:#fb8e28!important\">o<\/span><span style=\"color:#3c6df0!important\">g<\/span><span style=\"color:#188038!important\">l<\/span><span style=\"color:#d93025!important\">e<\/span><\/span><\/div><div class=\"wp-google-wr\"><a href=\"https:\/\/search.google.com\/local\/writereview?placeid=ChIJByc2x-FsiEcR_op7yvhaLLc\" target=\"_blank\" rel=\"nofollow noopener\" onclick=\"return rplg_leave_review_window.call(this)\">lascia una recensione su<svg height=\"16\" width=\"16\" role=\"none\"><use href=\"#grw-google\"><\/use><\/svg><\/a><\/div><\/div><\/div><\/div><\/div><\/div><\/p><section id=\"tag_cloud-3\" class=\"widget widget_tag_cloud\"><div class=\"tagcloud\"><h2 style=\"text-align: center;\"><a class=\"tag-cloud-link tag-link-104 tag-link-position-7\" style=\"font-size: 15.179487179487pt; background-color: #2e3c54; color: #ffffff;\" href=\"https:\/\/fmgraphicdesign.it\/shop\/categoria-prodotto\/scritte-3d-da-parete\/\" aria-label=\"targhe (4 elementi)\">Guarda le tipologie di Scritte<\/a><\/h2><\/div><p>\u00a0<\/p><\/section>\t\t\t\t\t\t\t\t<\/div>\n\t\t\t\t<\/div>\n\t\t\t\t\t<\/div>\n\t\t<\/div>\n\t\t\t\t\t<\/div>\n\t\t<\/section>\n\t\t\t\t<section class=\"elementor-section elementor-top-section elementor-element elementor-element-855a6c3 elementor-section-boxed elementor-section-height-default elementor-section-height-default\" data-id=\"855a6c3\" data-element_type=\"section\" data-e-type=\"section\">\n\t\t\t\t\t\t<div class=\"elementor-container elementor-column-gap-default\">\n\t\t\t\t\t<div class=\"elementor-column elementor-col-100 elementor-top-column elementor-element elementor-element-a260eaa\" data-id=\"a260eaa\" data-element_type=\"column\" data-e-type=\"column\">\n\t\t\t<div class=\"elementor-widget-wrap elementor-element-populated\">\n\t\t\t\t\t\t<div class=\"elementor-element elementor-element-10c6618 elementor-widget elementor-widget-text-editor\" data-id=\"10c6618\" data-element_type=\"widget\" data-e-type=\"widget\" data-widget_type=\"text-editor.default\">\n\t\t\t\t<div class=\"elementor-widget-container\">\n\t\t\t\t\t\t\t\t\t<a href=\"https:\/\/fmgraphicdesign.it\/shop\/wp-content\/uploads\/2023\/02\/slazzer-edit-image-53_prev_ui.png\"><img decoding=\"async\" class=\"wp-image-9317 size-medium aligncenter\" title=\"scritte personalizzate adesive\" src=\"https:\/\/fmgraphicdesign.it\/shop\/wp-content\/uploads\/2023\/02\/slazzer-edit-image-53_prev_ui-300x225.png\" alt=\"scritte 3d personalizzate,Scritte in rilievo in Plexiglass Specchiato, scritte adesive personalizzate\" width=\"300\" height=\"225\" srcset=\"https:\/\/fmgraphicdesign.it\/shop\/wp-content\/uploads\/2023\/02\/slazzer-edit-image-53_prev_ui-300x225.png 300w, https:\/\/fmgraphicdesign.it\/shop\/wp-content\/uploads\/2023\/02\/slazzer-edit-image-53_prev_ui-64x48.png 64w, https:\/\/fmgraphicdesign.it\/shop\/wp-content\/uploads\/2023\/02\/slazzer-edit-image-53_prev_ui-120x90.png 120w, https:\/\/fmgraphicdesign.it\/shop\/wp-content\/uploads\/2023\/02\/slazzer-edit-image-53_prev_ui.png 577w\" sizes=\"(max-width: 300px) 100vw, 300px\" \/><\/a>\n\n<section id=\"tag_cloud-3\" class=\"widget widget_tag_cloud\">\n<div class=\"tagcloud\" style=\"text-align: center;\"><a class=\"tag-cloud-link tag-link-104 tag-link-position-7\" style=\"font-size: 15.179487179487pt; background-color: #2e3c54; color: #ffffff;\" href=\"https:\/\/fmgraphicdesign.it\/shop\/richiesta-informazioni-scritte-in-rilievo\/\" aria-label=\"targhe (4 elementi)\">RICHIEDI UN PREVENTIVO<\/a><\/div>\n<\/section>\n<h4><\/h4>\n\n<center><u><span style=\"color: green; font-size: large;\"><div class='yrm-content yrm-content-1 yrm-content-hide  ' id='yrm-Ig4Lt' data-id='1' data-show-status='false' data-after-action='' style=\"visibility: hidden;height: 0;\">\n\t\t\t<div id='yrm-inner-content-yrm-Ig4Lt' class='yrm-inner-content-wrapper yrm-cntent-1'><\/span><\/u><center><\/center><\/center>\n\n<u><span style=\"color: green; font-size: large;\"><\/div>\n\t\t<\/div><div class='yrm-btn-wrapper yrm-inline-wrapper yrm-btn-wrapper-1  yrm-more-button-wrapper '><span title='' data-less-title='' data-more-title=''  class='yrm-toggle-expand  yrm-toggle-expand-1' data-rel='yrm-Ig4Lt' data-more='Come si applica a parete (clicca qui)' data-less='Leggi meno' style='border: none; width: 100%;'><span class=\"yrm-button-text-1 yrm-button-text-span\">Come si applica a parete (clicca qui)<\/span><\/span><\/div><\/span><\/u>\t\t\t\t\t\t\t\t<\/div>\n\t\t\t\t<\/div>\n\t\t\t\t\t<\/div>\n\t\t<\/div>\n\t\t\t\t\t<\/div>\n\t\t<\/section>\n\t\t\t\t<section class=\"elementor-section elementor-top-section elementor-element elementor-element-2c33195 elementor-section-boxed elementor-section-height-default elementor-section-height-default\" data-id=\"2c33195\" data-element_type=\"section\" data-e-type=\"section\">\n\t\t\t\t\t\t<div class=\"elementor-container elementor-column-gap-default\">\n\t\t\t\t\t<div class=\"elementor-column elementor-col-100 elementor-top-column elementor-element elementor-element-6d142aa\" data-id=\"6d142aa\" data-element_type=\"column\" data-e-type=\"column\">\n\t\t\t<div class=\"elementor-widget-wrap elementor-element-populated\">\n\t\t\t\t\t\t<div class=\"elementor-element elementor-element-ec494c7 elementor-widget elementor-widget-text-editor\" data-id=\"ec494c7\" data-element_type=\"widget\" data-e-type=\"widget\" data-widget_type=\"text-editor.default\">\n\t\t\t\t<div class=\"elementor-widget-container\">\n\t\t\t\t\t\t\t\t\t<h2>Scritte adesive personalizzate &#8211; Scritte 3d in Rilievo<\/h2><p>Realizziamo ogni tipo di scritta personalizzata, contattaci e richiedi un preventivo gratuito personalizzato o contattaci al 3473341114.<\/p><p>Prodotti personalizzati dal design unico e di qualit\u00e0. Vuoi Dare un tocco di stile alla tua parete? Pensa alla frase o al tuo aforisma, l&#8217;applicazione a parete sar\u00e0 molto semplice.<\/p><p><a href=\"https:\/\/fmgraphicdesign.it\/shop\/wp-content\/uploads\/2021\/05\/Targa-504.png\"><img decoding=\"async\" class=\"wp-image-529 size-medium aligncenter\" src=\"https:\/\/fmgraphicdesign.it\/shop\/wp-content\/uploads\/2021\/05\/Targa-504-300x225.png\" alt=\"Targa In Plexiglass Circolare\" width=\"300\" height=\"225\" srcset=\"https:\/\/fmgraphicdesign.it\/shop\/wp-content\/uploads\/2021\/05\/Targa-504-300x225.png 300w, https:\/\/fmgraphicdesign.it\/shop\/wp-content\/uploads\/2021\/05\/Targa-504.png 400w\" sizes=\"(max-width: 300px) 100vw, 300px\" \/><\/a><\/p><section id=\"tag_cloud-3\" class=\"widget widget_tag_cloud\"><div class=\"tagcloud\" style=\"text-align: center;\"><a class=\"tag-cloud-link tag-link-104 tag-link-position-7\" style=\"font-size: 15.179487179487pt; background-color: #2e3c54; color: #ffffff;\" href=\"https:\/\/fmgraphicdesign.it\/shop\/richiesta-informazioni-scritte-in-rilievo\/\" aria-label=\"targhe (4 elementi)\">RICHIEDI UN PREVENTIVO<\/a><\/div><\/section><p>\u00a0<\/p><p>Cerchi altro? Realizziamo anche altri prodotti come targhe personalizzate, insegne, zerbini artigianali e non, espositori, scritte adesive e molto altro. Guarda i nostri prodotti, in alto nel menu. Richiedi un preventivo gratuito, scrivi in chat o chiama ora!<\/p>\t\t\t\t\t\t\t\t<\/div>\n\t\t\t\t<\/div>\n\t\t\t\t\t<\/div>\n\t\t<\/div>\n\t\t\t\t\t<\/div>\n\t\t<\/section>\n\t\t\t\t<section class=\"elementor-section elementor-top-section elementor-element elementor-element-80bb8bd elementor-section-boxed elementor-section-height-default elementor-section-height-default\" data-id=\"80bb8bd\" data-element_type=\"section\" data-e-type=\"section\">\n\t\t\t\t\t\t<div class=\"elementor-container elementor-column-gap-default\">\n\t\t\t\t\t<div class=\"elementor-column elementor-col-100 elementor-top-column elementor-element elementor-element-592c5e6\" data-id=\"592c5e6\" data-element_type=\"column\" data-e-type=\"column\">\n\t\t\t<div class=\"elementor-widget-wrap elementor-element-populated\">\n\t\t\t\t\t\t<div class=\"elementor-element elementor-element-35bb61e elementor-widget elementor-widget-text-editor\" data-id=\"35bb61e\" data-element_type=\"widget\" data-e-type=\"widget\" data-widget_type=\"text-editor.default\">\n\t\t\t\t<div class=\"elementor-widget-container\">\n\t\t\t\t\t\t\t\t\t<h2>Scritte 3d personalizzate<\/h2>\n<p>Le lettere adesive personalizzate sono ideali per rendere unico il tuo negozio o ufficio. Realizzati per offrire tantissime personalizzazioni, si tratta di prodotti versatili e utilizzabili in diversi ambienti. Semplici da installare, questi ultimi sono disponibili in tantissimi colori e design, permettendoti di fornire pi\u00f9 stile al tuo ambiente.<\/p>\n<h2><strong>Loghi Personalizzati<\/strong><\/h2>\n<p>Le scritte 3d sono realizzate possono essere realizzate in diversi materiali, anche combinati tra loro.<\/p>\n<p>Realizziamo le <strong>scritte per pareti<\/strong> su misura, ci\u00f2 consente al cliente di personalizzare quel che desidera.<\/p>\n<div>\n<h2>Crea il tuo logo personalizzato<\/h2>\n<\/div>\n<div>\n<div>\n<p>Sei una pmi che vuole realizzare il suo logo su una&nbsp; <strong>scritta adesiva personalizzato<\/strong>? Grazie a questi adesivi migliorerai velocemente la visibilit\u00e0 del tuo brand.<\/p>\n<p>Il tuo brand \u00e8 fondamentale. Ti differenzia dai concorrenti. Pu\u00f2 convertire le caratteristiche di ci\u00f2 che offri ai tuoi clienti, e li incoraggia a saperne di pi\u00f9. Un <strong>brand forte<\/strong>,&nbsp; <strong>ben comunicato <\/strong>pu\u00f2 far decollare i tuoi prodotti.<\/p>\n<p><strong>Il tuo logo personalizzato \u00e8 importantissimo per il tuo brand<\/strong>. Con l&#8217;adesivo con il logo, puoi applicare il tuo brand su tantissimi oggetti o dispositivi.<\/p>\n<p>Questo \u00e8 il motivo per cui le imprese di tutte le dimensioni chiedono di realizzare adesivi e scritte per promuoversi. Si tratta di una strategia di marketing, tra l&#8217;altro, economica.<\/p>\n<\/div>\n<p>Richiedi un preventivo gratuito o chiama ora! Un nostro esperto ti indicher\u00e0 la migliore soluzione.&nbsp;<\/p>\n<p><\/p>\n<p dir=\"ltr\" style=\"line-height: 1.38; margin-top: 12pt; margin-bottom: 12pt;\">Le scritte 3d in rilievo sono un&#8217;evoluzione in questo settore, un modo diverso di pubblicizzare il vostro logo. Esse consentono di creare installazioni visive che catturano l&#8217;attenzione del cliente.<\/p>\n<\/div>\t\t\t\t\t\t\t\t<\/div>\n\t\t\t\t<\/div>\n\t\t\t\t\t<\/div>\n\t\t<\/div>\n\t\t\t\t\t<\/div>\n\t\t<\/section>\n\t\t\t\t<section class=\"elementor-section elementor-top-section elementor-element elementor-element-3d9dff2 elementor-section-boxed elementor-section-height-default elementor-section-height-default\" data-id=\"3d9dff2\" data-element_type=\"section\" data-e-type=\"section\">\n\t\t\t\t\t\t<div class=\"elementor-container elementor-column-gap-default\">\n\t\t\t\t\t<div class=\"elementor-column elementor-col-100 elementor-top-column elementor-element elementor-element-6fd7259\" data-id=\"6fd7259\" data-element_type=\"column\" data-e-type=\"column\">\n\t\t\t<div class=\"elementor-widget-wrap elementor-element-populated\">\n\t\t\t\t\t\t<div class=\"elementor-element elementor-element-dcd7b32 elementor-widget elementor-widget-text-editor\" data-id=\"dcd7b32\" data-element_type=\"widget\" data-e-type=\"widget\" data-widget_type=\"text-editor.default\">\n\t\t\t\t<div class=\"elementor-widget-container\">\n\t\t\t\t\t\t\t\t\t<p><a href=\"https:\/\/fmgraphicdesign.it\/shop\/wp-content\/uploads\/2023\/02\/loghi-3d.png\"><img loading=\"lazy\" decoding=\"async\" class=\"aligncenter wp-image-10220 size-medium\" src=\"https:\/\/fmgraphicdesign.it\/shop\/wp-content\/uploads\/2023\/02\/loghi-3d-300x225.png\" alt=\"targa personalizzata online, scritte 3d in legno personalizzate\" width=\"300\" height=\"225\" srcset=\"https:\/\/fmgraphicdesign.it\/shop\/wp-content\/uploads\/2023\/02\/loghi-3d-300x225.png 300w, https:\/\/fmgraphicdesign.it\/shop\/wp-content\/uploads\/2023\/02\/loghi-3d-64x48.png 64w, https:\/\/fmgraphicdesign.it\/shop\/wp-content\/uploads\/2023\/02\/loghi-3d-120x90.png 120w, https:\/\/fmgraphicdesign.it\/shop\/wp-content\/uploads\/2023\/02\/loghi-3d.png 577w\" sizes=\"(max-width: 300px) 100vw, 300px\" \/><\/a><\/p>\t\t\t\t\t\t\t\t<\/div>\n\t\t\t\t<\/div>\n\t\t\t\t\t<\/div>\n\t\t<\/div>\n\t\t\t\t\t<\/div>\n\t\t<\/section>\n\t\t\t\t<section class=\"elementor-section elementor-top-section elementor-element elementor-element-121c9200 elementor-section-boxed elementor-section-height-default elementor-section-height-default\" data-id=\"121c9200\" data-element_type=\"section\" data-e-type=\"section\">\n\t\t\t\t\t\t<div class=\"elementor-container elementor-column-gap-default\">\n\t\t\t\t\t<div class=\"elementor-column elementor-col-100 elementor-top-column elementor-element elementor-element-536aa90f\" data-id=\"536aa90f\" data-element_type=\"column\" data-e-type=\"column\">\n\t\t\t<div class=\"elementor-widget-wrap elementor-element-populated\">\n\t\t\t\t\t\t<div class=\"elementor-element elementor-element-59012583 elementor-widget elementor-widget-text-editor\" data-id=\"59012583\" data-element_type=\"widget\" data-e-type=\"widget\" data-widget_type=\"text-editor.default\">\n\t\t\t\t<div class=\"elementor-widget-container\">\n\t\t\t\t\t\t\t\t\t<h2>FAQ<\/h2><div>\u00a0<\/div><p><em>&#8211; Dove fare scritte personalizzate?<\/em><\/p><p>FM Graphic Design \u00e8 specializzata nelle scritte personalizzate e scritte 3d. Puoi scegliere diversi materiali come il legno mdf, il plexiglass, il pe espanso, il forex e altri ancora.<\/p><p><em>&#8211; Dove stampare scritte adesive?<\/em><\/p><p>Presso FM Graphic Design stampiamo con tecnologia UV Led la tua scritta adesiva, ovviamente dopo aver effettuato il taglio laser.<\/p>\t\t\t\t\t\t\t\t<\/div>\n\t\t\t\t<\/div>\n\t\t\t\t\t<\/div>\n\t\t<\/div>\n\t\t\t\t\t<\/div>\n\t\t<\/section>\n\t\t\t\t<\/div>\n\t\t","protected":false},"excerpt":{"rendered":"<p>Scritte personalizzate&nbsp;adesive, Lettere Personalizzate Realizziamo scritte personalizzate adesive e lettere personalizzate in&nbsp;plexiglass, mdf, mdf stampato. La ricerca di nuove soluzioni ci induce a provare e trovare il cambiamento rispetto alle classiche lettere adesive 3d da parete. Realizza il tuo logo, pu\u00f2 essere sagomato, tondo, una scritta! Scegli il meglio! Le lettere in rilievo in plexiglass [&hellip;]<\/p>\n","protected":false},"author":1,"featured_media":2419,"parent":0,"menu_order":0,"comment_status":"closed","ping_status":"closed","template":"elementor_header_footer","meta":{"footnotes":""},"class_list":["post-2455","page","type-page","status-publish","has-post-thumbnail"],"_links":{"self":[{"href":"https:\/\/fmgraphicdesign.it\/shop\/wp-json\/wp\/v2\/pages\/2455","targetHints":{"allow":["GET"]}}],"collection":[{"href":"https:\/\/fmgraphicdesign.it\/shop\/wp-json\/wp\/v2\/pages"}],"about":[{"href":"https:\/\/fmgraphicdesign.it\/shop\/wp-json\/wp\/v2\/types\/page"}],"author":[{"embeddable":true,"href":"https:\/\/fmgraphicdesign.it\/shop\/wp-json\/wp\/v2\/users\/1"}],"replies":[{"embeddable":true,"href":"https:\/\/fmgraphicdesign.it\/shop\/wp-json\/wp\/v2\/comments?post=2455"}],"version-history":[{"count":92,"href":"https:\/\/fmgraphicdesign.it\/shop\/wp-json\/wp\/v2\/pages\/2455\/revisions"}],"predecessor-version":[{"id":10456,"href":"https:\/\/fmgraphicdesign.it\/shop\/wp-json\/wp\/v2\/pages\/2455\/revisions\/10456"}],"wp:featuredmedia":[{"embeddable":true,"href":"https:\/\/fmgraphicdesign.it\/shop\/wp-json\/wp\/v2\/media\/2419"}],"wp:attachment":[{"href":"https:\/\/fmgraphicdesign.it\/shop\/wp-json\/wp\/v2\/media?parent=2455"}],"curies":[{"name":"wp","href":"https:\/\/api.w.org\/{rel}","templated":true}]}}