{"id":2446,"date":"2021-10-25T15:13:28","date_gmt":"2021-10-25T13:13:28","guid":{"rendered":"https:\/\/fmgraphicdesign.it\/shop\/?page_id=2446"},"modified":"2026-04-14T14:29:29","modified_gmt":"2026-04-14T12:29:29","slug":"tappeti-personalizzati-con-logo","status":"publish","type":"page","link":"https:\/\/fmgraphicdesign.it\/shop\/tappeti-personalizzati-con-logo\/","title":{"rendered":"Tappeti personalizzati con logo"},"content":{"rendered":"\t\t<div data-elementor-type=\"wp-page\" data-elementor-id=\"2446\" class=\"elementor elementor-2446\">\n\t\t\t\t\t\t<section class=\"elementor-section elementor-top-section elementor-element elementor-element-39049371 elementor-section-boxed elementor-section-height-default elementor-section-height-default\" data-id=\"39049371\" data-element_type=\"section\" data-e-type=\"section\">\n\t\t\t\t\t\t<div class=\"elementor-container elementor-column-gap-default\">\n\t\t\t\t\t<div class=\"elementor-column elementor-col-100 elementor-top-column elementor-element elementor-element-19cdf89\" data-id=\"19cdf89\" data-element_type=\"column\" data-e-type=\"column\">\n\t\t\t<div class=\"elementor-widget-wrap elementor-element-populated\">\n\t\t\t\t\t\t<div class=\"elementor-element elementor-element-4ab21041 elementor-widget elementor-widget-text-editor\" data-id=\"4ab21041\" data-element_type=\"widget\" data-e-type=\"widget\" data-widget_type=\"text-editor.default\">\n\t\t\t\t<div class=\"elementor-widget-container\">\n\t\t\t\t\t\t\t\t\t<style>\n    \/* 1. Testo Giustificato e Font Pulito *\/\n    p, h2, h3, h4, h5, section { text-align: justify !important; font-family: 'Helvetica Neue', Arial, sans-serif; }\n    \n    \/* 2. Header elegante stile Milano *\/\n    .hero-box-seo { background: #1a2433; color: white; padding: 35px; border-radius: 12px; border-bottom: 5px solid #d4af37; margin-bottom: 25px; text-align: center !important; }\n    .hero-box-seo h2, .hero-box-seo h2 em { color: white !important; text-align: center !important; }\n    .hero-box-seo a { color: #d4af37 !important; }\n\n    \/* 3. BOTTONI ORO COMPATTI E ORIZZONTALI *\/\n    .btn-container-seo { text-align: center !important; margin: 30px 0; } \/* Centra il bottone *\/\n    \n    #tag_cloud-3.widget_tag_cloud { \n        background: #2e3c54 !important; \n        padding: 15px 30px !important; \n        border-radius: 5px !important; \n        border: 1px solid #d4af37 !important; \n        display: inline-block !important; \/* Lo rende rettangolare e compatto *\/\n        transition: 0.3s;\n        width: auto !important;\n        min-width: 250px; \/* Larghezza minima per estetica *\/\n    }\n    #tag_cloud-3.widget_tag_cloud:hover { background: #d4af37 !important; }\n    \n    #tag_cloud-3.widget_tag_cloud a { \n        color: #d4af37 !important; \n        font-weight: bold !important; \n        text-transform: uppercase !important; \n        text-decoration: none !important; \n        background: none !important; \n        font-size: 16px !important;\n        white-space: nowrap !important; \/* Impedisce al testo di andare a capo in verticale *\/\n    }\n    #tag_cloud-3.widget_tag_cloud:hover a { color: #ffffff !important; }\n\n    .aligncenter { display: block; margin: 25px auto; }\n<\/style>\n\n<div class=\"hero-box-seo\">\n<h2><em>Zerbini con logo, <a href=\"https:\/\/it.wikipedia.org\/wiki\/Polimetilmetacrilato\" target=\"_blank\" rel=\"noopener\">Zerbini<\/a> Personalizzati<\/em><\/h2>\nRealizziamo zerbini con tecnica ad intarsio. I nostri zerbini garantiscono 300\/400 passaggi al giorno e sono anche raccomandati per tutti i tipi di agenti atmosferici. Realizziamo tappeti di grande qualit\u00e0 ed intarsiati, lavorati naturalmente.\n<\/div>\n\n<img decoding=\"async\" src=\"https:\/\/fmgraphicdesign.it\/shop\/wp-content\/uploads\/2023\/11\/zermat.png\" alt=\"zerbino personalizzato zermat alta qualit\u00e0\" class=\"aligncenter\" style=\"width:100%; border-radius:12px; box-shadow: 0 5px 15px rgba(0,0,0,0.1);\" \/>\n\n<h4>Zerbini di Qualit\u00e0<\/h4>\nRealizziamo tappeti per negozi, uffici, negozi, centri commerciali ed ogni tipo di attivit\u00e0. Hotel, ristoranti, agenzie immobiliari, uffici di ogni tipo, ecc. Gli <a href=\"https:\/\/it.wikipedia.org\/wiki\/Zerbino\" target=\"_blank\" rel=\"noopener\">zerbini<\/a> personalizzati, inoltre, sono perfetti anche per dare l&#8217;immagine del proprio brand. Sia per quanto riguarda lo zerbino singolo che per complementi d\u2019arredo.\n\n&nbsp;\n\n<a href=\"https:\/\/fmgraphicdesign.it\/shop\/wp-content\/uploads\/2021\/07\/6be3b9aa-dad2-41da-81f9-ece6b7eab2ea_prev_ui.png\"><img fetchpriority=\"high\" decoding=\"async\" class=\"size-medium wp-image-6209 aligncenter\" src=\"https:\/\/fmgraphicdesign.it\/shop\/wp-content\/uploads\/2021\/07\/6be3b9aa-dad2-41da-81f9-ece6b7eab2ea_prev_ui-300x225.png\" alt=\"zerbino personalizzato\" width=\"300\" height=\"225\" srcset=\"https:\/\/fmgraphicdesign.it\/shop\/wp-content\/uploads\/2021\/07\/6be3b9aa-dad2-41da-81f9-ece6b7eab2ea_prev_ui-300x225.png 300w, https:\/\/fmgraphicdesign.it\/shop\/wp-content\/uploads\/2021\/07\/6be3b9aa-dad2-41da-81f9-ece6b7eab2ea_prev_ui-64x48.png 64w, https:\/\/fmgraphicdesign.it\/shop\/wp-content\/uploads\/2021\/07\/6be3b9aa-dad2-41da-81f9-ece6b7eab2ea_prev_ui-120x90.png 120w, https:\/\/fmgraphicdesign.it\/shop\/wp-content\/uploads\/2021\/07\/6be3b9aa-dad2-41da-81f9-ece6b7eab2ea_prev_ui.png 577w\" sizes=\"(max-width: 300px) 100vw, 300px\" \/><\/a>\n<h4><em>Tappeti personalizzati con logo<\/em><\/h4>\nE&#8217; possibile scegliere il colore, la sagomatura e il materiale. I nostri loghi sono tutti stampati in alta definizione. Realizziamo z<em>erbini da interno<\/em> e <strong>zerbini da esterno. <\/strong>\n\nRivolgiti a dei professionisti, richiedi un preventivo gratuito, chiamaci al 3473341114 o scrivi nella chat.\n\n<h5>Zerbini da interno e da Esterno<\/h5>\nRealizziamo tappeti su misura personalizzati. Puoi, quindi, scegliere di personalizzare il tuo tappeto, del tuo marchio o brand.\n\n&nbsp;\n\n<div class=\"wp-gr rpi wpac\" data-id=\"ChIJByc2x-FsiEcR_op7yvhaLLc\" data-layout=\"list\" data-exec=\"false\" data-options='{&quot;text_size&quot;:&quot;25&quot;,&quot;trans&quot;:{&quot;read more&quot;:&quot;leggi tutto&quot;}}'><svg xmlns=\"http:\/\/www.w3.org\/2000\/svg\" style=\"display:none!important\"><symbol id=\"grw-tripadvisor\" viewBox=\"0 0 713.496 713.496\"><g><circle fill=\"#34E0A1\" cx=\"356.749\" cy=\"356.748\" r=\"356.748\"\/><path d=\"M577.095,287.152l43.049-46.836h-95.465c-47.792-32.646-105.51-51.659-167.931-51.659   c-62.342,0-119.899,19.054-167.612,51.659H93.432l43.049,46.836c-26.387,24.075-42.929,58.754-42.929,97.259   c0,72.665,58.914,131.578,131.579,131.578c34.519,0,65.968-13.313,89.446-35.077l42.172,45.919l42.172-45.879   c23.478,21.764,54.887,35.037,89.406,35.037c72.665,0,131.658-58.913,131.658-131.578   C620.024,345.866,603.483,311.188,577.095,287.152z M225.17,473.458c-49.188,0-89.047-39.859-89.047-89.047   s39.86-89.048,89.047-89.048c49.187,0,89.047,39.86,89.047,89.048S274.357,473.458,225.17,473.458z M356.788,381.82   c0-58.595-42.61-108.898-98.853-130.383c30.413-12.716,63.776-19.771,98.813-19.771s68.439,7.055,98.853,19.771   C399.399,272.962,356.788,323.226,356.788,381.82z M488.367,473.458c-49.188,0-89.048-39.859-89.048-89.047   s39.86-89.048,89.048-89.048s89.047,39.86,89.047,89.048S537.554,473.458,488.367,473.458z M488.367,337.694   c-25.79,0-46.677,20.887-46.677,46.677c0,25.789,20.887,46.676,46.677,46.676c25.789,0,46.676-20.887,46.676-46.676   C535.042,358.621,514.156,337.694,488.367,337.694z M271.846,384.411c0,25.789-20.887,46.676-46.676,46.676   s-46.676-20.887-46.676-46.676c0-25.79,20.887-46.677,46.676-46.677C250.959,337.694,271.846,358.621,271.846,384.411z\"\/><\/g><\/symbol><symbol id=\"grw-google\" viewBox=\"0 0 512 512\"><g fill=\"none\" fill-rule=\"evenodd\"><path d=\"M482.56 261.36c0-16.73-1.5-32.83-4.29-48.27H256v91.29h127.01c-5.47 29.5-22.1 54.49-47.09 71.23v59.21h76.27c44.63-41.09 70.37-101.59 70.37-173.46z\" fill=\"#4285f4\"\/><path d=\"M256 492c63.72 0 117.14-21.13 156.19-57.18l-76.27-59.21c-21.13 14.16-48.17 22.53-79.92 22.53-61.47 0-113.49-41.51-132.05-97.3H45.1v61.15c38.83 77.13 118.64 130.01 210.9 130.01z\" fill=\"#34a853\"\/><path d=\"M123.95 300.84c-4.72-14.16-7.4-29.29-7.4-44.84s2.68-30.68 7.4-44.84V150.01H45.1C29.12 181.87 20 217.92 20 256c0 38.08 9.12 74.13 25.1 105.99l78.85-61.15z\" fill=\"#fbbc05\"\/><path d=\"M256 113.86c34.65 0 65.76 11.91 90.22 35.29l67.69-67.69C373.03 43.39 319.61 20 256 20c-92.25 0-172.07 52.89-210.9 130.01l78.85 61.15c18.56-55.78 70.59-97.3 132.05-97.3z\" fill=\"#ea4335\"\/><path d=\"M20 20h472v472H20V20z\"\/><\/g><\/symbol><\/svg><div class=\"wp-google-list\"><div class=\"grw-header\"><div class=\"grw-header-inner rpi-flx rpi-row12\"><div class=\"grw-img-wrap\"><img loading=\"lazy\" decoding=\"async\" class=\"grw-img\" src=\"https:\/\/fmgraphicdesign.it\/shop\/wp-content\/uploads\/2021\/06\/cropped-Fm-Logo-Sho.png\" loading=\"lazy\" alt=\"FM Graphic Design snc place picture\" width=\"50\" height=\"50\" onerror=\"if(this.src!='data:image\/gif;base64,R0lGODlhAQABAIAAAAAAAP\/\/\/yH5BAEAAAAALAAAAAABAAEAAAIBRAA7')this.src='data:image\/gif;base64,R0lGODlhAQABAIAAAAAAAP\/\/\/yH5BAEAAAAALAAAAAABAAEAAAIBRAA7';\" ><\/div><div class=\"rpi-flx rpi-col8\"><div class=\"wp-google-name\"><a href=\"https:\/\/maps.google.com\/?cid=13199024632511564542\" target=\"_blank\" rel=\"nofollow noopener\">FM Graphic Design snc<\/a><\/div><span class=\"rpi-stars\" style=\"--rating:5.0\">5.0<\/span><div class=\"wp-google-based\">Basato su 60 recensioni<\/div><div class=\"wp-google-powered\">powered by <span><span style=\"color:#3c6df0!important\">G<\/span><span style=\"color:#d93025!important\">o<\/span><span style=\"color:#fb8e28!important\">o<\/span><span style=\"color:#3c6df0!important\">g<\/span><span style=\"color:#188038!important\">l<\/span><span style=\"color:#d93025!important\">e<\/span><\/span><\/div><div class=\"wp-google-wr\"><a href=\"https:\/\/search.google.com\/local\/writereview?placeid=ChIJByc2x-FsiEcR_op7yvhaLLc\" target=\"_blank\" rel=\"nofollow noopener\" onclick=\"return rplg_leave_review_window.call(this)\">lascia una recensione su<svg height=\"16\" width=\"16\" role=\"none\"><use href=\"#grw-google\"><\/use><\/svg><\/a><\/div><\/div><\/div><\/div><\/div><\/div>\n\n<div class=\"btn-container-seo\">\n    <section id=\"tag_cloud-3\" class=\"widget widget_tag_cloud\">\n        <div class=\"tagcloud\">\n            <h6 style=\"text-align: center; margin: 0;\"><a class=\"tag-cloud-link\" href=\"https:\/\/fmgraphicdesign.it\/shop\/prodotto\/zerbino-personalizzato\/\">Guarda le tipologie di Zerbini<\/a><\/h6>\n        <\/div>\n    <\/section>\n<\/div>\n\nI nostri Zerbini garantiscono qualit\u00e0 dei materiali e personalizzazioni, inoltre, grazie alla qualit\u00e0 di stampa, anche una ottima pubblicit\u00e0 del marchio. Guarda i nostri lavori e richiedi un preventivo gratuito o scrivici nella chat!\n\n<img decoding=\"async\" class=\"aligncenter wp-image-2305 size-full\" title=\"tappeti con logo\" src=\"https:\/\/fmgraphicdesign.it\/shop\/wp-content\/uploads\/2021\/10\/7f68a6d9-3bf7-4674-908e-5b118f21a9db_prev_ui.png\" alt=\"tappeti con logo\" width=\"577\" height=\"433\" srcset=\"https:\/\/fmgraphicdesign.it\/shop\/wp-content\/uploads\/2021\/10\/7f68a6d9-3bf7-4674-908e-5b118f21a9db_prev_ui.png 577w, https:\/\/fmgraphicdesign.it\/shop\/wp-content\/uploads\/2021\/10\/7f68a6d9-3bf7-4674-908e-5b118f21a9db_prev_ui-300x225.png 300w, https:\/\/fmgraphicdesign.it\/shop\/wp-content\/uploads\/2021\/10\/7f68a6d9-3bf7-4674-908e-5b118f21a9db_prev_ui-120x90.png 120w\" sizes=\"(max-width: 577px) 100vw, 577px\" \/>\n\n<div class=\"btn-container-seo\">\n    <section id=\"tag_cloud-3\" class=\"widget widget_tag_cloud\">\n        <div class=\"tagcloud\">\n            <h6 style=\"text-align: center; margin: 0;\"><a class=\"tag-cloud-link\" href=\"https:\/\/fmgraphicdesign.it\/shop\/richiesta-informazioni-zerbini\/\">Richiedi un Preventivo<\/a><\/h6>\n        <\/div>\n    <\/section>\n<\/div>\n\n<h3>Zerbini Personalizzati<\/h3>\nProponiamo zerbini personalizzati utilizzando la tecnica ad intarsio, ci\u00f2 permetter\u00e0 di essere fedeli nei minimi dettagli nella creazione di scritte, nei loghi e nel brand. Realizziamo tutte le tipologie di zerbini personalizzati con logo su misura, quindi, chiamaci al 3473341114 per richiedere un preventivo gratuito. Oppure contattaci direttamente sulla chat.\n\nFM Graphic Design \u00e8 garanzia di stile e design. Ti aiuteremo a trovare la soluzione ottimale su misura per te. In funzione dell&#8217; ambiente e del tipo di immagine del proprio marchio.\n\n<h3><a href=\"https:\/\/fmgraphicdesign.it\/shop\/prodotto\/zerbino-personalizzato\/\">Guarda gli Zerbini con Logo Personalizzato<\/a><\/h3>\n\n<h6>Asciugapassi personalizzati<\/h6>\nInoltre, se hai un logo difficile da realizzare, puoi scegliere i nostri asciugapassi personalizzati. Si tratta di una stampa di altissima qualit\u00e0 su Nylon ad alta torsione. Ovviamente, anche qui, non trattiamo materiali di bassa qualit\u00e0. Solo alta qualit\u00e0. Ovviamente, non si tratta di uno Zermat ma comunque di un ottimo materiale.\n\n&nbsp;\n\n<img decoding=\"async\" class=\"aligncenter wp-image-2438 size-medium\" title=\"tappeti con logo\" src=\"https:\/\/fmgraphicdesign.it\/shop\/wp-content\/uploads\/2021\/10\/zerbino_prev_ui-1-2-300x225.png\" alt=\"tappeti con logo\" width=\"300\" height=\"225\" srcset=\"https:\/\/fmgraphicdesign.it\/shop\/wp-content\/uploads\/2021\/10\/zerbino_prev_ui-1-2-300x225.png 300w, https:\/\/fmgraphicdesign.it\/shop\/wp-content\/uploads\/2021\/10\/zerbino_prev_ui-1-2-120x90.png 120w, https:\/\/fmgraphicdesign.it\/shop\/wp-content\/uploads\/2021\/10\/zerbino_prev_ui-1-2.png 577w\" sizes=\"(max-width: 300px) 100vw, 300px\" \/>\t\t\t\t\t\t\t\t<\/div>\n\t\t\t\t<\/div>\n\t\t\t\t\t<\/div>\n\t\t<\/div>\n\t\t\t\t\t<\/div>\n\t\t<\/section>\n\t\t\t\t<\/div>\n\t\t","protected":false},"excerpt":{"rendered":"<p>Zerbini con logo, Zerbini Personalizzati Realizziamo zerbini con tecnica ad intarsio. I nostri zerbini garantiscono 300\/400 passaggi al giorno e sono anche raccomandati per tutti i tipi di agenti atmosferici. Realizziamo tappeti di grande qualit\u00e0 ed intarsiati, lavorati naturalmente. Zerbini di Qualit\u00e0 Realizziamo tappeti per negozi, uffici, negozi, centri commerciali ed ogni tipo di attivit\u00e0. [&hellip;]<\/p>\n","protected":false},"author":1,"featured_media":1328,"parent":0,"menu_order":0,"comment_status":"closed","ping_status":"closed","template":"elementor_header_footer","meta":{"footnotes":""},"class_list":["post-2446","page","type-page","status-publish","has-post-thumbnail"],"_links":{"self":[{"href":"https:\/\/fmgraphicdesign.it\/shop\/wp-json\/wp\/v2\/pages\/2446","targetHints":{"allow":["GET"]}}],"collection":[{"href":"https:\/\/fmgraphicdesign.it\/shop\/wp-json\/wp\/v2\/pages"}],"about":[{"href":"https:\/\/fmgraphicdesign.it\/shop\/wp-json\/wp\/v2\/types\/page"}],"author":[{"embeddable":true,"href":"https:\/\/fmgraphicdesign.it\/shop\/wp-json\/wp\/v2\/users\/1"}],"replies":[{"embeddable":true,"href":"https:\/\/fmgraphicdesign.it\/shop\/wp-json\/wp\/v2\/comments?post=2446"}],"version-history":[{"count":26,"href":"https:\/\/fmgraphicdesign.it\/shop\/wp-json\/wp\/v2\/pages\/2446\/revisions"}],"predecessor-version":[{"id":12952,"href":"https:\/\/fmgraphicdesign.it\/shop\/wp-json\/wp\/v2\/pages\/2446\/revisions\/12952"}],"wp:featuredmedia":[{"embeddable":true,"href":"https:\/\/fmgraphicdesign.it\/shop\/wp-json\/wp\/v2\/media\/1328"}],"wp:attachment":[{"href":"https:\/\/fmgraphicdesign.it\/shop\/wp-json\/wp\/v2\/media?parent=2446"}],"curies":[{"name":"wp","href":"https:\/\/api.w.org\/{rel}","templated":true}]}}