{"id":1379,"date":"2021-07-19T16:17:28","date_gmt":"2021-07-19T14:17:28","guid":{"rendered":"https:\/\/fmgraphicdesign.it\/shop\/?page_id=1379"},"modified":"2026-04-17T15:32:24","modified_gmt":"2026-04-17T13:32:24","slug":"scritte-in-rilievo","status":"publish","type":"page","link":"https:\/\/fmgraphicdesign.it\/shop\/scritte-in-rilievo\/","title":{"rendered":"Scritte in rilievo"},"content":{"rendered":"\t\t<div data-elementor-type=\"wp-page\" data-elementor-id=\"1379\" class=\"elementor elementor-1379\">\n\t\t\t\t\t\t<section class=\"elementor-section elementor-top-section elementor-element elementor-element-8d66f69 elementor-section-boxed elementor-section-height-default elementor-section-height-default\" data-id=\"8d66f69\" data-element_type=\"section\" data-e-type=\"section\">\n\t\t\t\t\t\t<div class=\"elementor-container elementor-column-gap-default\">\n\t\t\t\t\t<div class=\"elementor-column elementor-col-100 elementor-top-column elementor-element elementor-element-18e416bf\" data-id=\"18e416bf\" data-element_type=\"column\" data-e-type=\"column\">\n\t\t\t<div class=\"elementor-widget-wrap elementor-element-populated\">\n\t\t\t\t\t\t<div class=\"elementor-element elementor-element-1c8284f1 elementor-widget elementor-widget-text-editor\" data-id=\"1c8284f1\" data-element_type=\"widget\" data-e-type=\"widget\" data-widget_type=\"text-editor.default\">\n\t\t\t\t<div class=\"elementor-widget-container\">\n\t\t\t\t\t\t\t\t\t<h2 style=\"text-align: center; color: #333;\"><em>Scritte in rilievo e Lettere in Plexiglass<\/em><\/h2><p>La ricerca di nuove soluzioni ci impone di provare un cambiamento rispetto alle solite scritte adesive da muro o parete.<br \/>Scegli la tua frase, aforisma o pensiero e appendilo alle tue pareti. Le lettere daranno un tocco di stile al tuo ambiente, inoltre avranno una resistenza notevole.<\/p><p>Puoi utilizzare le nostre scritte per il tuo ufficio, sia interno che esterno, per le fiere, eventi o negozi. Vuoi dare evidenza al tuo logo o a qualche slogan. Scegli le nostre scritte personalizzate.<\/p><div style=\"text-align: center; margin: 30px 0;\"><a style=\"background-color: #d4af37; color: #ffffff !important; padding: 15px 30px; text-decoration: none !important; border-radius: 5px; font-weight: bold; display: inline-block; text-transform: uppercase; letter-spacing: 0.5px; box-shadow: 0px 4px 6px rgba(0,0,0,0.1);\" href=\"https:\/\/fmgraphicdesign.it\/shop\/categoria-prodotto\/scritte-3d-da-parete\/\"><br \/>Guarda le tipologie di Scritte in rilievo<br \/><\/a><\/div><div style=\"text-align: center; margin: 30px 0;\"><img fetchpriority=\"high\" decoding=\"async\" style=\"max-width: 100%; height: auto; border-radius: 8px; box-shadow: 0 4px 15px rgba(0,0,0,0.1);\" src=\"https:\/\/fmgraphicdesign.it\/shop\/wp-content\/uploads\/2026\/04\/scritte-3d-da-parete-rilievo-plexiglass-roma.jpg\" alt=\"Scritte 3D da parete in rilievo e plexiglass\" width=\"800\" height=\"800\" \/><\/div><p>Infatti, si tratta di materiali molto resistente, cos\u00ec come l&#8217;adesivo ultra resistente e garantito. Guarda la qualit\u00e0, su altri siti trovi anche soluzioni low-cost, peccato per\u00f2 che spesso queste durino un paio di settimane prima di rompersi. Non scegliere solo in base al prezzo.<\/p><h3 style=\"text-align: center; color: #d4af37;\"><em>Scritte in Legno e Lettere 3d<\/em><\/h3><p>Quindi, prima di acquistare accertati che si tratti di materiali di qualit\u00e0, non low-cost, questo ti aiuter\u00e0 a non buttare via i tuoi soldi. Inoltre ti invieremo anche un link con il tutorial di come applicare le scritte al muro o parete. Scegli la qualit\u00e0, con FM Graphic Design avrai competenza e professionalit\u00e0.<\/p><div style=\"background: #f9f9f9; border: 1px solid #eee; border-left: 5px solid #D4AF37; padding: 20px; border-radius: 4px; margin: 25px 0;\"><h4 style=\"margin-top: 0;\">Guarda i nostri video &#8211; Tutorial su come applicare le scritte a muro<\/h4><p>Non si tratta di un dettaglio ma di un aspetto fondamentale. Grazie a questo <a style=\"color: #d4af37; font-weight: bold; text-decoration: underline;\" href=\"https:\/\/www.youtube.com\/watch?v=mJHNpf8_tFc&amp;feature=youtu.be\" target=\"_blank\" rel=\"noopener\">tutorial<\/a> potrai applicare le tue scritte nel miglior modo possibile.<\/p><\/div><p><a href=\"https:\/\/fmgraphicdesign.it\/shop\/wp-content\/uploads\/2021\/05\/WhatsApp-Image-2022-09-23-at-14.01.11-1_prev_ui.png\"><img decoding=\"async\" class=\"wp-image-6360 size-medium aligncenter\" src=\"https:\/\/fmgraphicdesign.it\/shop\/wp-content\/uploads\/2021\/05\/WhatsApp-Image-2022-09-23-at-14.01.11-1_prev_ui-300x225.png\" alt=\"scritte in rilievo\" width=\"300\" height=\"225\" srcset=\"https:\/\/fmgraphicdesign.it\/shop\/wp-content\/uploads\/2021\/05\/WhatsApp-Image-2022-09-23-at-14.01.11-1_prev_ui-300x225.png 300w, https:\/\/fmgraphicdesign.it\/shop\/wp-content\/uploads\/2021\/05\/WhatsApp-Image-2022-09-23-at-14.01.11-1_prev_ui.png 577w\" sizes=\"(max-width: 300px) 100vw, 300px\" \/><\/a><\/p><h5 style=\"color: #333;\">Scritte in rilievo, Lettere in 3d e Targhe Personalizzate<\/h5><p>Le <em>scritte in rilievo<\/em> <em>possono essere in <a href=\"https:\/\/it.wikipedia.org\/wiki\/Polimetilmetacrilato\" target=\"_blank\" rel=\"noopener\">plexiglass<\/a>, in MDF Stampato o in MDF<\/em>. Esse hanno uno spessore pari a 8 mm.<br \/>Si tratta di un prodotto innovativo e di semplice applicazione. Tutto questo grazie allo strato di biadesivo sul retro. La tua frase in 3D per decorare le pareti della tua casa, del negozio o dell&#8217;ufficio.<\/p><h5 style=\"color: #333;\">Stile e Design Unici<\/h5><p>Ricercare nuove soluzioni ci induce a provare a trovare il cambiamento rispetto alle solite scritte 3d personalizzate. Progettiamo e realizziamo loghi personalizzati.<\/p><p>Le lettere 3d in rilievo in plexiglass specchiato sono formate da una base di legno MDF di spessore pari a 8 mm, sul quale vi \u00e8 uno strato di plexiglass specchiato di spessore pari a 3 mm.<\/p><p>Utilizziamo il <a style=\"color: #d4af37; font-weight: bold;\" href=\"https:\/\/www.worklinestore.com\/pagina\/elenco-materiali\" target=\"_blank\" rel=\"noopener\">taglio laser CO2<\/a>, scopri di pi\u00f9.<\/p><h4 style=\"color: #333; border-bottom: 2px solid #D4AF37; display: inline-block; padding-bottom: 5px;\">Assistenza Personalizzata di Qualit\u00e0<\/h4><p>Quante volte ti sei trovato, dopo aver acquistato un prodotto, a dover fare i conti con un&#8217;assistenza non adeguata? Immagino tantissime! Per noi \u00e8 di fondamentale importanza l&#8217;assistenza al cliente, ecco perch\u00e8 sceglierci! Da noi troverai un supporto a 360\u00b0, professionalit\u00e0 e competenza. Ti seguiremo dall&#8217;inizio alla fine, proponendo soluzione e prodotti adeguati alle tue esigenze.<\/p><p><a href=\"https:\/\/fmgraphicdesign.it\/shop\/wp-content\/uploads\/2021\/05\/WhatsApp-Image-2022-09-23-at-14.01.05-1_prev_ui.png\"><img decoding=\"async\" class=\"size-medium wp-image-6375 aligncenter\" src=\"https:\/\/fmgraphicdesign.it\/shop\/wp-content\/uploads\/2021\/05\/WhatsApp-Image-2022-09-23-at-14.01.05-1_prev_ui-300x225.png\" alt=\"scritta in legno personalizzata, scritte in rilievo\" width=\"300\" height=\"225\" srcset=\"https:\/\/fmgraphicdesign.it\/shop\/wp-content\/uploads\/2021\/05\/WhatsApp-Image-2022-09-23-at-14.01.05-1_prev_ui-300x225.png 300w, https:\/\/fmgraphicdesign.it\/shop\/wp-content\/uploads\/2021\/05\/WhatsApp-Image-2022-09-23-at-14.01.05-1_prev_ui-64x48.png 64w, https:\/\/fmgraphicdesign.it\/shop\/wp-content\/uploads\/2021\/05\/WhatsApp-Image-2022-09-23-at-14.01.05-1_prev_ui-120x90.png 120w, https:\/\/fmgraphicdesign.it\/shop\/wp-content\/uploads\/2021\/05\/WhatsApp-Image-2022-09-23-at-14.01.05-1_prev_ui.png 577w\" sizes=\"(max-width: 300px) 100vw, 300px\" \/><\/a><\/p><h3 style=\"text-align: center; color: #333;\">Richiedi un preventivo gratuito &#8211; Chiama Ora<\/h3><div style=\"text-align: center; margin: 25px 0;\"><a style=\"background-color: #d4af37; color: #ffffff !important; padding: 18px 35px; text-decoration: none !important; border-radius: 5px; font-weight: bold; display: inline-block; text-transform: uppercase; letter-spacing: 1px; box-shadow: 0px 4px 10px rgba(212, 175, 55, 0.3); font-size: 1.1em;\" href=\"https:\/\/fmgraphicdesign.it\/shop\/richiesta-informazioni-scritte-in-rilievo\/\"><br \/>\ud83d\ude80 Richiedi un Preventivo Gratuito<br \/><\/a><\/div><p>Quindi, richiedi un preventivo gratuito e ti ricontatteremo il prima possibile. Inoltre utilizziamo imballaggi in pluriball 100% riciclabili.<\/p><p>Durante il tragitto sarai al sicuro grazie a queste protezioni. Spediamo in tutta Italia, puoi scegliere tra la spedizione standard e la spedizione prioritaria, a seconda che tu abbia bisogno delle tue scritte con pi\u00f9 urgenza oppure no.<\/p><div style=\"background: #fffdf5; padding: 25px; border-radius: 8px; border: 1px solid #f0e6c3; margin: 30px 0;\"><h4 style=\"margin-top: 0; color: #d4af37;\">Contattaci<\/h4><p>Non esitare a contattarci, dai un tocco di design al tuo ambiente. Sapremo consigliarti tutti gli aspetti pi\u00f9 rilevanti, dalla scelta del materiale, al tipo di fissaggio. Per esempio, la scelta del materiali dipende dal tipo di utilizzo. In un ambiente esterno si utilizza un tipo di materiale, in uno interno se ne utilizza uno diverso. Non sottovalutare questi aspetti, sono fondamentali tra chi vuole solo venderti qualcosa e chi invece vuole offrire un prodotto e una relazione di fiducia basata sulla competenza e sulla professionalit\u00e0. Noi ricerchiamo questo approccio nei confronti dei nostri clienti.<\/p><\/div><p><a href=\"https:\/\/fmgraphicdesign.it\/shop\/wp-content\/uploads\/2021\/05\/WhatsApp-Image-2022-09-22-at-13.55.18-3_prev_ui_prev_ui.png\"><img loading=\"lazy\" decoding=\"async\" class=\"size-medium wp-image-6327 aligncenter\" src=\"https:\/\/fmgraphicdesign.it\/shop\/wp-content\/uploads\/2021\/05\/WhatsApp-Image-2022-09-22-at-13.55.18-3_prev_ui_prev_ui-300x225.png\" alt=\"scritte in rilievo\" width=\"300\" height=\"225\" srcset=\"https:\/\/fmgraphicdesign.it\/shop\/wp-content\/uploads\/2021\/05\/WhatsApp-Image-2022-09-22-at-13.55.18-3_prev_ui_prev_ui-300x225.png 300w, https:\/\/fmgraphicdesign.it\/shop\/wp-content\/uploads\/2021\/05\/WhatsApp-Image-2022-09-22-at-13.55.18-3_prev_ui_prev_ui-64x48.png 64w, https:\/\/fmgraphicdesign.it\/shop\/wp-content\/uploads\/2021\/05\/WhatsApp-Image-2022-09-22-at-13.55.18-3_prev_ui_prev_ui-120x90.png 120w, https:\/\/fmgraphicdesign.it\/shop\/wp-content\/uploads\/2021\/05\/WhatsApp-Image-2022-09-22-at-13.55.18-3_prev_ui_prev_ui.png 577w\" sizes=\"(max-width: 300px) 100vw, 300px\" \/><\/a><\/p><p>Scopri i nostri prodotti, dalle scritte alle targhe personalizzate, fino ad arrivare agli zerbini e all&#8217;abbigliamento personalizzato. Si tratta di un servizio a 360\u00b0. I nostri esperti sapranno consigliari il miglior prodotto possibile in base a ci\u00f2 che cerchi. Vuoi un punto di riferimento affidabile e professionali nella realizzazione di targhe, scritte, insegne, abbigliamento e molto altro ancora? Richiedi un preventivo gratuito!<\/p><p style=\"font-size: 0.9em; color: #777;\">Utilizziamo inchiostri di qualit\u00e0 eccezionale come il <a style=\"color: #d4af37;\" href=\"https:\/\/www.smartcolor.it\/inchiostri-smartcolor\/\" target=\"_blank\" rel=\"noopener\">LUS-170<\/a>, scopri di pi\u00f9.<\/p><div style=\"text-align: center; border-top: 1px solid #eee; padding-top: 20px; margin-top: 20px;\"><h6 style=\"font-size: 1.1em;\"><a style=\"color: #d4af37; text-decoration: none; font-weight: bold; border-bottom: 1px solid #D4AF37;\" href=\"https:\/\/fmgraphicdesign.it\/shop\/categoria-prodotto\/scritte-3d-da-parete\/\">Vai alle Lettere in Rilievo e Scritte 3d Online<\/a><\/h6><\/div>\t\t\t\t\t\t\t\t<\/div>\n\t\t\t\t<\/div>\n\t\t\t\t\t<\/div>\n\t\t<\/div>\n\t\t\t\t\t<\/div>\n\t\t<\/section>\n\t\t\t\t<\/div>\n\t\t","protected":false},"excerpt":{"rendered":"<p>Scritte in rilievo e Lettere in Plexiglass La ricerca di nuove soluzioni ci impone di provare un cambiamento rispetto alle solite scritte adesive da muro o parete.Scegli la tua frase, aforisma o pensiero e appendilo alle tue pareti. Le lettere daranno un tocco di stile al tuo ambiente, inoltre avranno una resistenza notevole. Puoi utilizzare [&hellip;]<\/p>\n","protected":false},"author":1,"featured_media":315,"parent":0,"menu_order":0,"comment_status":"closed","ping_status":"closed","template":"elementor_header_footer","meta":{"footnotes":""},"class_list":["post-1379","page","type-page","status-publish","has-post-thumbnail"],"_links":{"self":[{"href":"https:\/\/fmgraphicdesign.it\/shop\/wp-json\/wp\/v2\/pages\/1379","targetHints":{"allow":["GET"]}}],"collection":[{"href":"https:\/\/fmgraphicdesign.it\/shop\/wp-json\/wp\/v2\/pages"}],"about":[{"href":"https:\/\/fmgraphicdesign.it\/shop\/wp-json\/wp\/v2\/types\/page"}],"author":[{"embeddable":true,"href":"https:\/\/fmgraphicdesign.it\/shop\/wp-json\/wp\/v2\/users\/1"}],"replies":[{"embeddable":true,"href":"https:\/\/fmgraphicdesign.it\/shop\/wp-json\/wp\/v2\/comments?post=1379"}],"version-history":[{"count":48,"href":"https:\/\/fmgraphicdesign.it\/shop\/wp-json\/wp\/v2\/pages\/1379\/revisions"}],"predecessor-version":[{"id":13121,"href":"https:\/\/fmgraphicdesign.it\/shop\/wp-json\/wp\/v2\/pages\/1379\/revisions\/13121"}],"wp:featuredmedia":[{"embeddable":true,"href":"https:\/\/fmgraphicdesign.it\/shop\/wp-json\/wp\/v2\/media\/315"}],"wp:attachment":[{"href":"https:\/\/fmgraphicdesign.it\/shop\/wp-json\/wp\/v2\/media?parent=1379"}],"curies":[{"name":"wp","href":"https:\/\/api.w.org\/{rel}","templated":true}]}}